{"id":11876,"date":"2024-01-26T19:14:41","date_gmt":"2024-01-26T18:14:41","guid":{"rendered":"https:\/\/secretuniform.pl\/?post_type=product&#038;p=11876"},"modified":"2025-03-04T20:07:02","modified_gmt":"2025-03-04T19:07:02","slug":"czepek-medyczny-scrubs-baby-blue","status":"publish","type":"product","link":"https:\/\/secretuniform.pl\/en\/produkt\/czepek-medyczny-scrubs-baby-blue\/","title":{"rendered":"Czepek medyczny scrubs Baby Blue"},"content":{"rendered":"<h3 data-start=\"0\" data-end=\"60\"><strong data-start=\"0\" data-end=\"58\">Czepek medyczny \u2013 profesjonalizm i komfort na co dzie\u0144<\/strong><\/h3>\n<p data-start=\"62\" data-end=\"477\">Funkcjonalny i stylowy czepek medyczny to niezast\u0105piony element stroju ka\u017cdego specjalisty z bran\u017cy medycznej. Wykonany z lekkiej, oddychaj\u0105cej tkaniny, zapewnia komfort przez ca\u0142y dzie\u0144 pracy. Dzi\u0119ki wi\u0105zaniu z ty\u0142u idealnie dopasowuje si\u0119 do kszta\u0142tu g\u0142owy, nie uciska i nie przesuwa si\u0119. To doskona\u0142y wyb\u00f3r dla lekarzy, piel\u0119gniarek, kosmetolog\u00f3w oraz wszystkich, kt\u00f3rzy ceni\u0105 wygod\u0119 i higien\u0119 w miejscu pracy.<\/p>\n<h6 data-start=\"479\" data-end=\"504\"><strong data-start=\"483\" data-end=\"502\">Cechy produktu:<\/strong><\/h6>\n<p data-start=\"505\" data-end=\"868\"><img decoding=\"async\" class=\"emoji\" role=\"img\" draggable=\"false\" src=\"https:\/\/s.w.org\/images\/core\/emoji\/15.0.3\/svg\/2714.svg\" alt=\"\u2714\" \/> <strong data-start=\"507\" data-end=\"526\">Wi\u0105zanie z ty\u0142u<\/strong> \u2013 gwarantuje dopasowanie i stabilno\u015b\u0107<br data-start=\"572\" data-end=\"575\" \/><img decoding=\"async\" class=\"emoji\" role=\"img\" draggable=\"false\" src=\"https:\/\/s.w.org\/images\/core\/emoji\/15.0.3\/svg\/2714.svg\" alt=\"\u2714\" \/> <strong data-start=\"577\" data-end=\"608\">Lekki i przewiewny materia\u0142<\/strong> \u2013 komfort przez wiele godzin\u00a0<br data-start=\"655\" data-end=\"658\" \/><img decoding=\"async\" class=\"emoji\" role=\"img\" draggable=\"false\" src=\"https:\/\/s.w.org\/images\/core\/emoji\/15.0.3\/svg\/2714.svg\" alt=\"\u2714\" \/> <strong data-start=\"660\" data-end=\"686\">Minimalistyczny design<\/strong> \u2013 pasuje do uniformu medycznego<br data-start=\"726\" data-end=\"729\" \/><img decoding=\"async\" class=\"emoji\" role=\"img\" draggable=\"false\" src=\"https:\/\/s.w.org\/images\/core\/emoji\/15.0.3\/svg\/2714.svg\" alt=\"\u2714\" \/> <strong data-start=\"731\" data-end=\"758\">Starannie wykonane szwy<\/strong> \u2013 estetyka i trwa\u0142o\u015b\u0107\u00a0<br data-start=\"788\" data-end=\"791\" \/><img decoding=\"async\" class=\"emoji\" role=\"img\" draggable=\"false\" src=\"https:\/\/s.w.org\/images\/core\/emoji\/15.0.3\/svg\/2714.svg\" alt=\"\u2714\" \/> <strong data-start=\"793\" data-end=\"816\">\u0141atwy w piel\u0119gnacji<\/strong> \u2013 zachowuje form\u0119 i kolor po wielu praniach<\/p>\n<h6 data-start=\"870\" data-end=\"896\"><strong data-start=\"874\" data-end=\"894\">Cechy materia\u0142u:<\/strong><\/h6>\n<p data-start=\"897\" data-end=\"1090\"><img decoding=\"async\" class=\"emoji\" role=\"img\" draggable=\"false\" src=\"https:\/\/s.w.org\/images\/core\/emoji\/15.0.3\/svg\/2714.svg\" alt=\"\u2714\" \/> <strong data-start=\"899\" data-end=\"939\">Poliester 59%, wiskoza 37%, lycra 4%<\/strong> \u2013 trwa\u0142o\u015b\u0107 i elastyczno\u015b\u0107<br data-start=\"965\" data-end=\"968\" \/><img decoding=\"async\" class=\"emoji\" role=\"img\" draggable=\"false\" src=\"https:\/\/s.w.org\/images\/core\/emoji\/15.0.3\/svg\/2714.svg\" alt=\"\u2714\" \/> <strong data-start=\"970\" data-end=\"996\">Odporny na zagniecenia<\/strong> \u2013 zawsze wygl\u0105da nienagannie<br data-start=\"1025\" data-end=\"1028\" \/><img decoding=\"async\" class=\"emoji\" role=\"img\" draggable=\"false\" src=\"https:\/\/s.w.org\/images\/core\/emoji\/15.0.3\/svg\/2714.svg\" alt=\"\u2714\" \/> <strong data-start=\"1030\" data-end=\"1061\">Oddychaj\u0105cy i szybkoschn\u0105cy<\/strong> \u2013 idealny na d\u0142ugie zmiany<\/p>\n<h6><em><strong>Kompletuj profesjonalny look<\/strong><\/em><\/h6>\n<p data-start=\"1092\" data-end=\"1278\" data-is-last-node=\"\" data-is-only-node=\"\">Stw\u00f3rz sp\u00f3jny zestaw, \u0142\u0105cz\u0105c czepek z nasz\u0105 <strong>bluz\u0105 medyczn\u0105<\/strong> i <strong>spodniami medycznymi<\/strong>.<br \/>\nSprawd\u017a dost\u0119pne kolory i wybierz model idealnie dopasowany do Twojego stylu!<\/p>\n<p data-start=\"1092\" data-end=\"1278\" data-is-last-node=\"\" data-is-only-node=\"\">Rozmiar uniwersalny.<\/p>\n","protected":false},"excerpt":{"rendered":"<p>Czepek medyczny \u2013 profesjonalizm i komfort na co dzie\u0144 Funkcjonalny i stylowy czepek medyczny to niezast\u0105piony element stroju ka\u017cdego specjalisty z bran\u017cy medycznej. Wykonany z lekkiej, oddychaj\u0105cej tkaniny, zapewnia komfort przez ca\u0142y dzie\u0144 pracy. Dzi\u0119ki wi\u0105zaniu z ty\u0142u idealnie dopasowuje si\u0119 do kszta\u0142tu g\u0142owy, nie uciska i nie przesuwa si\u0119. To doskona\u0142y wyb\u00f3r dla lekarzy,&#8230;<\/p>\n","protected":false},"featured_media":26705,"comment_status":"closed","ping_status":"closed","template":"","meta":[],"product_brand":[],"product_cat":[65,80],"product_tag":[],"class_list":{"0":"post-11876","1":"product","2":"type-product","3":"status-publish","4":"has-post-thumbnail","6":"product_cat-czepki-medyczne","7":"product_cat-kolekcja-basic-odziez-damska","9":"first","10":"instock","11":"taxable","12":"shipping-taxable","13":"purchasable","14":"product-type-simple","15":"add-to-wishlist-before_add_to_cart"},"yoast_head":"<!-- This site is optimized with the Yoast SEO plugin v27.4 - https:\/\/yoast.com\/product\/yoast-seo-wordpress\/ -->\n<title>Czepek medyczny scrubs Baby Blue - Secret Uniform<\/title>\n<meta name=\"robots\" content=\"index, follow, max-snippet:-1, max-image-preview:large, max-video-preview:-1\" \/>\n<link rel=\"canonical\" href=\"https:\/\/secretuniform.pl\/produkt\/czepek-medyczny-scrubs-baby-blue\/\" \/>\n<meta property=\"og:locale\" content=\"en_US\" \/>\n<meta property=\"og:type\" content=\"article\" \/>\n<meta property=\"og:title\" content=\"Czepek medyczny scrubs Baby Blue - Secret Uniform\" \/>\n<meta property=\"og:description\" content=\"Czepek medyczny \u2013 profesjonalizm i komfort na co dzie\u0144 Funkcjonalny i stylowy czepek medyczny to niezast\u0105piony element stroju ka\u017cdego specjalisty z bran\u017cy medycznej. Wykonany z lekkiej, oddychaj\u0105cej tkaniny, zapewnia komfort przez ca\u0142y dzie\u0144 pracy. Dzi\u0119ki wi\u0105zaniu z ty\u0142u idealnie dopasowuje si\u0119 do kszta\u0142tu g\u0142owy, nie uciska i nie przesuwa si\u0119. To doskona\u0142y wyb\u00f3r dla lekarzy,...\" \/>\n<meta property=\"og:url\" content=\"https:\/\/secretuniform.pl\/produkt\/czepek-medyczny-scrubs-baby-blue\/\" \/>\n<meta property=\"og:site_name\" content=\"Secret Uniform\" \/>\n<meta property=\"article:modified_time\" content=\"2025-03-04T19:07:02+00:00\" \/>\n<meta property=\"og:image\" content=\"https:\/\/secretuniform.pl\/wp-content\/uploads\/2024\/01\/J25A2884-1-scaled.jpg\" \/>\n\t<meta property=\"og:image:width\" content=\"1707\" \/>\n\t<meta property=\"og:image:height\" content=\"2560\" \/>\n\t<meta property=\"og:image:type\" content=\"image\/jpeg\" \/>\n<meta name=\"twitter:card\" content=\"summary_large_image\" \/>\n<meta name=\"twitter:label1\" content=\"Est. reading time\" \/>\n\t<meta name=\"twitter:data1\" content=\"3 minutes\" \/>\n<script type=\"application\/ld+json\" class=\"yoast-schema-graph\">{\"@context\":\"https:\\\/\\\/schema.org\",\"@graph\":[{\"@type\":\"WebPage\",\"@id\":\"https:\\\/\\\/secretuniform.pl\\\/produkt\\\/czepek-medyczny-scrubs-baby-blue\\\/\",\"url\":\"https:\\\/\\\/secretuniform.pl\\\/produkt\\\/czepek-medyczny-scrubs-baby-blue\\\/\",\"name\":\"Czepek medyczny scrubs Baby Blue - Secret Uniform\",\"isPartOf\":{\"@id\":\"https:\\\/\\\/secretuniform.pl\\\/en\\\/#website\"},\"primaryImageOfPage\":{\"@id\":\"https:\\\/\\\/secretuniform.pl\\\/produkt\\\/czepek-medyczny-scrubs-baby-blue\\\/#primaryimage\"},\"image\":{\"@id\":\"https:\\\/\\\/secretuniform.pl\\\/produkt\\\/czepek-medyczny-scrubs-baby-blue\\\/#primaryimage\"},\"thumbnailUrl\":\"https:\\\/\\\/secretuniform.pl\\\/wp-content\\\/uploads\\\/2024\\\/01\\\/J25A2884-1-scaled.jpg\",\"datePublished\":\"2024-01-26T18:14:41+00:00\",\"dateModified\":\"2025-03-04T19:07:02+00:00\",\"breadcrumb\":{\"@id\":\"https:\\\/\\\/secretuniform.pl\\\/produkt\\\/czepek-medyczny-scrubs-baby-blue\\\/#breadcrumb\"},\"inLanguage\":\"en-US\",\"potentialAction\":[{\"@type\":\"ReadAction\",\"target\":[\"https:\\\/\\\/secretuniform.pl\\\/produkt\\\/czepek-medyczny-scrubs-baby-blue\\\/\"]}]},{\"@type\":\"ImageObject\",\"inLanguage\":\"en-US\",\"@id\":\"https:\\\/\\\/secretuniform.pl\\\/produkt\\\/czepek-medyczny-scrubs-baby-blue\\\/#primaryimage\",\"url\":\"https:\\\/\\\/secretuniform.pl\\\/wp-content\\\/uploads\\\/2024\\\/01\\\/J25A2884-1-scaled.jpg\",\"contentUrl\":\"https:\\\/\\\/secretuniform.pl\\\/wp-content\\\/uploads\\\/2024\\\/01\\\/J25A2884-1-scaled.jpg\",\"width\":1707,\"height\":2560},{\"@type\":\"BreadcrumbList\",\"@id\":\"https:\\\/\\\/secretuniform.pl\\\/produkt\\\/czepek-medyczny-scrubs-baby-blue\\\/#breadcrumb\",\"itemListElement\":[{\"@type\":\"ListItem\",\"position\":1,\"name\":\"Strona g\u0142\u00f3wna\",\"item\":\"https:\\\/\\\/secretuniform.pl\\\/\"},{\"@type\":\"ListItem\",\"position\":2,\"name\":\"Shop\",\"item\":\"https:\\\/\\\/secretuniform.pl\\\/en\\\/shop\\\/\"},{\"@type\":\"ListItem\",\"position\":3,\"name\":\"Czepek medyczny scrubs Baby Blue\"}]},{\"@type\":\"WebSite\",\"@id\":\"https:\\\/\\\/secretuniform.pl\\\/en\\\/#website\",\"url\":\"https:\\\/\\\/secretuniform.pl\\\/en\\\/\",\"name\":\"Secret Uniform\",\"description\":\"Znajd\u017a idealny Uniform do Twojej Pracy\",\"potentialAction\":[{\"@type\":\"SearchAction\",\"target\":{\"@type\":\"EntryPoint\",\"urlTemplate\":\"https:\\\/\\\/secretuniform.pl\\\/en\\\/?s={search_term_string}\"},\"query-input\":{\"@type\":\"PropertyValueSpecification\",\"valueRequired\":true,\"valueName\":\"search_term_string\"}}],\"inLanguage\":\"en-US\"}]}<\/script>\n<!-- \/ Yoast SEO plugin. -->","yoast_head_json":{"title":"Czepek medyczny scrubs Baby Blue - Secret Uniform","robots":{"index":"index","follow":"follow","max-snippet":"max-snippet:-1","max-image-preview":"max-image-preview:large","max-video-preview":"max-video-preview:-1"},"canonical":"https:\/\/secretuniform.pl\/produkt\/czepek-medyczny-scrubs-baby-blue\/","og_locale":"en_US","og_type":"article","og_title":"Czepek medyczny scrubs Baby Blue - Secret Uniform","og_description":"Czepek medyczny \u2013 profesjonalizm i komfort na co dzie\u0144 Funkcjonalny i stylowy czepek medyczny to niezast\u0105piony element stroju ka\u017cdego specjalisty z bran\u017cy medycznej. Wykonany z lekkiej, oddychaj\u0105cej tkaniny, zapewnia komfort przez ca\u0142y dzie\u0144 pracy. Dzi\u0119ki wi\u0105zaniu z ty\u0142u idealnie dopasowuje si\u0119 do kszta\u0142tu g\u0142owy, nie uciska i nie przesuwa si\u0119. To doskona\u0142y wyb\u00f3r dla lekarzy,...","og_url":"https:\/\/secretuniform.pl\/produkt\/czepek-medyczny-scrubs-baby-blue\/","og_site_name":"Secret Uniform","article_modified_time":"2025-03-04T19:07:02+00:00","og_image":[{"width":1707,"height":2560,"url":"https:\/\/secretuniform.pl\/wp-content\/uploads\/2024\/01\/J25A2884-1-scaled.jpg","type":"image\/jpeg"}],"twitter_card":"summary_large_image","twitter_misc":{"Est. reading time":"3 minutes"},"schema":{"@context":"https:\/\/schema.org","@graph":[{"@type":"WebPage","@id":"https:\/\/secretuniform.pl\/produkt\/czepek-medyczny-scrubs-baby-blue\/","url":"https:\/\/secretuniform.pl\/produkt\/czepek-medyczny-scrubs-baby-blue\/","name":"Czepek medyczny scrubs Baby Blue - Secret Uniform","isPartOf":{"@id":"https:\/\/secretuniform.pl\/en\/#website"},"primaryImageOfPage":{"@id":"https:\/\/secretuniform.pl\/produkt\/czepek-medyczny-scrubs-baby-blue\/#primaryimage"},"image":{"@id":"https:\/\/secretuniform.pl\/produkt\/czepek-medyczny-scrubs-baby-blue\/#primaryimage"},"thumbnailUrl":"https:\/\/secretuniform.pl\/wp-content\/uploads\/2024\/01\/J25A2884-1-scaled.jpg","datePublished":"2024-01-26T18:14:41+00:00","dateModified":"2025-03-04T19:07:02+00:00","breadcrumb":{"@id":"https:\/\/secretuniform.pl\/produkt\/czepek-medyczny-scrubs-baby-blue\/#breadcrumb"},"inLanguage":"en-US","potentialAction":[{"@type":"ReadAction","target":["https:\/\/secretuniform.pl\/produkt\/czepek-medyczny-scrubs-baby-blue\/"]}]},{"@type":"ImageObject","inLanguage":"en-US","@id":"https:\/\/secretuniform.pl\/produkt\/czepek-medyczny-scrubs-baby-blue\/#primaryimage","url":"https:\/\/secretuniform.pl\/wp-content\/uploads\/2024\/01\/J25A2884-1-scaled.jpg","contentUrl":"https:\/\/secretuniform.pl\/wp-content\/uploads\/2024\/01\/J25A2884-1-scaled.jpg","width":1707,"height":2560},{"@type":"BreadcrumbList","@id":"https:\/\/secretuniform.pl\/produkt\/czepek-medyczny-scrubs-baby-blue\/#breadcrumb","itemListElement":[{"@type":"ListItem","position":1,"name":"Strona g\u0142\u00f3wna","item":"https:\/\/secretuniform.pl\/"},{"@type":"ListItem","position":2,"name":"Shop","item":"https:\/\/secretuniform.pl\/en\/shop\/"},{"@type":"ListItem","position":3,"name":"Czepek medyczny scrubs Baby Blue"}]},{"@type":"WebSite","@id":"https:\/\/secretuniform.pl\/en\/#website","url":"https:\/\/secretuniform.pl\/en\/","name":"Secret Uniform","description":"Znajd\u017a idealny Uniform do Twojej Pracy","potentialAction":[{"@type":"SearchAction","target":{"@type":"EntryPoint","urlTemplate":"https:\/\/secretuniform.pl\/en\/?s={search_term_string}"},"query-input":{"@type":"PropertyValueSpecification","valueRequired":true,"valueName":"search_term_string"}}],"inLanguage":"en-US"}]}},"_links":{"self":[{"href":"https:\/\/secretuniform.pl\/en\/wp-json\/wp\/v2\/product\/11876","targetHints":{"allow":["GET"]}}],"collection":[{"href":"https:\/\/secretuniform.pl\/en\/wp-json\/wp\/v2\/product"}],"about":[{"href":"https:\/\/secretuniform.pl\/en\/wp-json\/wp\/v2\/types\/product"}],"replies":[{"embeddable":true,"href":"https:\/\/secretuniform.pl\/en\/wp-json\/wp\/v2\/comments?post=11876"}],"wp:featuredmedia":[{"embeddable":true,"href":"https:\/\/secretuniform.pl\/en\/wp-json\/wp\/v2\/media\/26705"}],"wp:attachment":[{"href":"https:\/\/secretuniform.pl\/en\/wp-json\/wp\/v2\/media?parent=11876"}],"wp:term":[{"taxonomy":"product_brand","embeddable":true,"href":"https:\/\/secretuniform.pl\/en\/wp-json\/wp\/v2\/product_brand?post=11876"},{"taxonomy":"product_cat","embeddable":true,"href":"https:\/\/secretuniform.pl\/en\/wp-json\/wp\/v2\/product_cat?post=11876"},{"taxonomy":"product_tag","embeddable":true,"href":"https:\/\/secretuniform.pl\/en\/wp-json\/wp\/v2\/product_tag?post=11876"}],"curies":[{"name":"wp","href":"https:\/\/api.w.org\/{rel}","templated":true}]}}