{"id":11915,"date":"2024-01-26T20:00:18","date_gmt":"2024-01-26T19:00:18","guid":{"rendered":"https:\/\/secretuniform.pl\/?post_type=product&#038;p=11915"},"modified":"2025-10-19T19:06:20","modified_gmt":"2025-10-19T17:06:20","slug":"bluza-medyczna-scrubs-golebia-szarosc","status":"publish","type":"product","link":"https:\/\/secretuniform.pl\/en\/produkt\/bluza-medyczna-scrubs-golebia-szarosc\/","title":{"rendered":"Bluza medyczna scrubs Popiel"},"content":{"rendered":"<h4 data-start=\"0\" data-end=\"62\">PREORDER. Rozmiar S b\u0119dzie dost\u0119pny w ci\u0105gu 2 tygodni.<\/h4>\n<h4 data-start=\"0\" data-end=\"62\"><strong data-start=\"4\" data-end=\"60\">Bluza medyczna \u2013 profesjonalizm i wygoda<\/strong><\/h4>\n<p data-start=\"64\" data-end=\"391\">Klasyczna i funkcjonalna <strong data-start=\"89\" data-end=\"108\">bluza medyczna<\/strong> to idealne po\u0142\u0105czenie <strong data-start=\"131\" data-end=\"180\">minimalizmu, wygody <\/strong>i<strong data-start=\"131\" data-end=\"180\"> profesjonalnego wygl\u0105du<\/strong>. Jej <strong data-start=\"186\" data-end=\"229\">dopasowany kr\u00f3j<\/strong> oraz<strong data-start=\"186\" data-end=\"229\"> elastyczna tkanina<\/strong> zapewniaj\u0105 pe\u0142n\u0105 swobod\u0119 ruch\u00f3w i komfort przez ca\u0142y dzie\u0144 pracy. To doskona\u0142y wyb\u00f3r dla lekarzy, piel\u0119gniarek, kosmetolog\u00f3w i specjalist\u00f3w z bran\u017cy medycznej.<\/p>\n<h6 data-start=\"398\" data-end=\"423\"><strong data-start=\"402\" data-end=\"421\">Cechy produktu:<\/strong><\/h6>\n<p data-start=\"424\" data-end=\"823\">\u2714 <strong data-start=\"426\" data-end=\"457\">Dekolt w kszta\u0142cie litery V<\/strong> \u2013 elegancki i subtelny.<br data-start=\"493\" data-end=\"496\" \/>\u2714 <strong data-start=\"498\" data-end=\"517\">Klasyczny fason<\/strong> \u2013 dopasowany, ale niekr\u0119puj\u0105cy ruch\u00f3w.<br data-start=\"556\" data-end=\"559\" \/>\u2714 <strong data-start=\"561\" data-end=\"579\">Kr\u00f3tkie r\u0119kawy<\/strong> \u2013 idealne na ka\u017cd\u0105 por\u0119 roku.<br data-start=\"609\" data-end=\"612\" \/>\u2714 <strong data-start=\"614\" data-end=\"645\">Dwie funkcjonalne kieszenie<\/strong> \u2013 praktyczne i dyskretnie.<br data-start=\"685\" data-end=\"688\" \/>\u2714 <strong data-start=\"690\" data-end=\"721\">Oddychaj\u0105ca tkanina PREMIUM<\/strong> \u2013 lekka i przyjemna.<br \/>\n\u2714 <strong>R\u0119kawy oraz kieszenie wyko\u0144czone plisk\u0105<\/strong> \u2013 dba\u0142o\u015b\u0107 o ka\u017cdy detal.<\/p>\n<h6 data-start=\"830\" data-end=\"856\"><strong data-start=\"834\" data-end=\"854\">Cechy materia\u0142u:<\/strong><\/h6>\n<p data-start=\"857\" data-end=\"1070\">\u2714<strong>poliester 59%, wiskoza 37%, lycra 4%- <\/strong>jako\u015b\u0107 PREMIUM<br \/>\n\u2714<strong>g\u0142\u0119bia koloru-<\/strong>nienaganny wygl\u0105d nawet po wielu praniach.<br \/>\n\u2714<strong>\u0142atwy\u00a0w piel\u0119gnacji \u2013<\/strong> odporna na zagniecenia i \u0142atwa do prasowania.<\/p>\n<p data-start=\"1077\" data-end=\"1130\">\u00a0<strong data-start=\"1080\" data-end=\"1128\">Modelka ma 170 cm wzrostu i nosi rozmiar S.<\/strong><\/p>\n<h6><em><strong>Kompletuj stylizacj\u0119 z klas\u0105<\/strong><\/em><\/h6>\n<p>Stw\u00f3rz <strong>kompletny uniform medyczny damski<\/strong>, \u0142\u0105cz\u0105c bluz\u0119 medyczn\u0105 ze <strong>spodniami medycznymi joggerami <\/strong>lub\u00a0klasycznym modelem o <strong>smuk\u0142ej nogawce. <\/strong>W ofercie dost\u0119pne s\u0105 r\u00f3wnie\u017c<strong> czepki medyczne. <\/strong>Pod spodem znajduj\u0105 si\u0119 rekomendowane produkty.<\/p>\n","protected":false},"excerpt":{"rendered":"<p><img loading=\"lazy\" decoding=\"async\" class=\"alignnone wp-image-23847\" src=\"https:\/\/secretuniform.pl\/wp-content\/uploads\/2024\/01\/BLUZKA-MEDYCZNA-DAMSKA-2-450x364.png\" alt=\"\" width=\"1089\" height=\"879\" srcset=\"https:\/\/secretuniform.pl\/wp-content\/uploads\/2024\/01\/BLUZKA-MEDYCZNA-DAMSKA-2-450x364.png 450w, https:\/\/secretuniform.pl\/wp-content\/uploads\/2024\/01\/BLUZKA-MEDYCZNA-DAMSKA-2-1024x828.png 1024w, https:\/\/secretuniform.pl\/wp-content\/uploads\/2024\/01\/BLUZKA-MEDYCZNA-DAMSKA-2-600x485.png 600w\" sizes=\"auto, (max-width: 1089px) 100vw, 1089px\" \/><\/p>\n","protected":false},"featured_media":27335,"comment_status":"closed","ping_status":"closed","template":"","meta":[],"product_brand":[],"product_cat":[75,63,80,61],"product_tag":[],"class_list":{"0":"post-11915","1":"product","2":"type-product","3":"status-publish","4":"has-post-thumbnail","6":"product_cat-bestsellery","7":"product_cat-bluzy-medyczne-damskie","8":"product_cat-kolekcja-basic-odziez-damska","9":"product_cat-odziez-damska","11":"first","12":"instock","13":"taxable","14":"shipping-taxable","15":"purchasable","16":"product-type-variable","17":"add-to-wishlist-before_add_to_cart"},"yoast_head":"<!-- This site is optimized with the Yoast SEO plugin v27.4 - https:\/\/yoast.com\/product\/yoast-seo-wordpress\/ -->\n<title>Bluza medyczna scrubs Popiel - Secret Uniform<\/title>\n<meta name=\"robots\" content=\"index, follow, max-snippet:-1, max-image-preview:large, max-video-preview:-1\" \/>\n<link rel=\"canonical\" href=\"https:\/\/secretuniform.pl\/produkt\/bluza-medyczna-scrubs-golebia-szarosc\/\" \/>\n<meta property=\"og:locale\" content=\"en_US\" \/>\n<meta property=\"og:type\" content=\"article\" \/>\n<meta property=\"og:title\" content=\"Bluza medyczna scrubs Popiel - Secret Uniform\" \/>\n<meta property=\"og:url\" content=\"https:\/\/secretuniform.pl\/produkt\/bluza-medyczna-scrubs-golebia-szarosc\/\" \/>\n<meta property=\"og:site_name\" content=\"Secret Uniform\" \/>\n<meta property=\"article:modified_time\" content=\"2025-10-19T17:06:20+00:00\" \/>\n<meta property=\"og:image\" content=\"https:\/\/secretuniform.pl\/wp-content\/uploads\/2024\/01\/J25A0576-scaled.jpg\" \/>\n\t<meta property=\"og:image:width\" content=\"1707\" \/>\n\t<meta property=\"og:image:height\" content=\"2560\" \/>\n\t<meta property=\"og:image:type\" content=\"image\/jpeg\" \/>\n<meta name=\"twitter:card\" content=\"summary_large_image\" \/>\n<meta name=\"twitter:label1\" content=\"Est. reading time\" \/>\n\t<meta name=\"twitter:data1\" content=\"2 minutes\" \/>\n<script type=\"application\/ld+json\" class=\"yoast-schema-graph\">{\"@context\":\"https:\\\/\\\/schema.org\",\"@graph\":[{\"@type\":\"WebPage\",\"@id\":\"https:\\\/\\\/secretuniform.pl\\\/produkt\\\/bluza-medyczna-scrubs-golebia-szarosc\\\/\",\"url\":\"https:\\\/\\\/secretuniform.pl\\\/produkt\\\/bluza-medyczna-scrubs-golebia-szarosc\\\/\",\"name\":\"Bluza medyczna scrubs Popiel - Secret Uniform\",\"isPartOf\":{\"@id\":\"https:\\\/\\\/secretuniform.pl\\\/en\\\/#website\"},\"primaryImageOfPage\":{\"@id\":\"https:\\\/\\\/secretuniform.pl\\\/produkt\\\/bluza-medyczna-scrubs-golebia-szarosc\\\/#primaryimage\"},\"image\":{\"@id\":\"https:\\\/\\\/secretuniform.pl\\\/produkt\\\/bluza-medyczna-scrubs-golebia-szarosc\\\/#primaryimage\"},\"thumbnailUrl\":\"https:\\\/\\\/secretuniform.pl\\\/wp-content\\\/uploads\\\/2024\\\/01\\\/J25A0576-scaled.jpg\",\"datePublished\":\"2024-01-26T19:00:18+00:00\",\"dateModified\":\"2025-10-19T17:06:20+00:00\",\"breadcrumb\":{\"@id\":\"https:\\\/\\\/secretuniform.pl\\\/produkt\\\/bluza-medyczna-scrubs-golebia-szarosc\\\/#breadcrumb\"},\"inLanguage\":\"en-US\",\"potentialAction\":[{\"@type\":\"ReadAction\",\"target\":[\"https:\\\/\\\/secretuniform.pl\\\/produkt\\\/bluza-medyczna-scrubs-golebia-szarosc\\\/\"]}]},{\"@type\":\"ImageObject\",\"inLanguage\":\"en-US\",\"@id\":\"https:\\\/\\\/secretuniform.pl\\\/produkt\\\/bluza-medyczna-scrubs-golebia-szarosc\\\/#primaryimage\",\"url\":\"https:\\\/\\\/secretuniform.pl\\\/wp-content\\\/uploads\\\/2024\\\/01\\\/J25A0576-scaled.jpg\",\"contentUrl\":\"https:\\\/\\\/secretuniform.pl\\\/wp-content\\\/uploads\\\/2024\\\/01\\\/J25A0576-scaled.jpg\",\"width\":1707,\"height\":2560},{\"@type\":\"BreadcrumbList\",\"@id\":\"https:\\\/\\\/secretuniform.pl\\\/produkt\\\/bluza-medyczna-scrubs-golebia-szarosc\\\/#breadcrumb\",\"itemListElement\":[{\"@type\":\"ListItem\",\"position\":1,\"name\":\"Strona g\u0142\u00f3wna\",\"item\":\"https:\\\/\\\/secretuniform.pl\\\/\"},{\"@type\":\"ListItem\",\"position\":2,\"name\":\"Shop\",\"item\":\"https:\\\/\\\/secretuniform.pl\\\/en\\\/shop\\\/\"},{\"@type\":\"ListItem\",\"position\":3,\"name\":\"Bluza medyczna scrubs Popiel\"}]},{\"@type\":\"WebSite\",\"@id\":\"https:\\\/\\\/secretuniform.pl\\\/en\\\/#website\",\"url\":\"https:\\\/\\\/secretuniform.pl\\\/en\\\/\",\"name\":\"Secret Uniform\",\"description\":\"Znajd\u017a idealny Uniform do Twojej Pracy\",\"potentialAction\":[{\"@type\":\"SearchAction\",\"target\":{\"@type\":\"EntryPoint\",\"urlTemplate\":\"https:\\\/\\\/secretuniform.pl\\\/en\\\/?s={search_term_string}\"},\"query-input\":{\"@type\":\"PropertyValueSpecification\",\"valueRequired\":true,\"valueName\":\"search_term_string\"}}],\"inLanguage\":\"en-US\"}]}<\/script>\n<!-- \/ Yoast SEO plugin. -->","yoast_head_json":{"title":"Bluza medyczna scrubs Popiel - Secret Uniform","robots":{"index":"index","follow":"follow","max-snippet":"max-snippet:-1","max-image-preview":"max-image-preview:large","max-video-preview":"max-video-preview:-1"},"canonical":"https:\/\/secretuniform.pl\/produkt\/bluza-medyczna-scrubs-golebia-szarosc\/","og_locale":"en_US","og_type":"article","og_title":"Bluza medyczna scrubs Popiel - Secret Uniform","og_url":"https:\/\/secretuniform.pl\/produkt\/bluza-medyczna-scrubs-golebia-szarosc\/","og_site_name":"Secret Uniform","article_modified_time":"2025-10-19T17:06:20+00:00","og_image":[{"width":1707,"height":2560,"url":"https:\/\/secretuniform.pl\/wp-content\/uploads\/2024\/01\/J25A0576-scaled.jpg","type":"image\/jpeg"}],"twitter_card":"summary_large_image","twitter_misc":{"Est. reading time":"2 minutes"},"schema":{"@context":"https:\/\/schema.org","@graph":[{"@type":"WebPage","@id":"https:\/\/secretuniform.pl\/produkt\/bluza-medyczna-scrubs-golebia-szarosc\/","url":"https:\/\/secretuniform.pl\/produkt\/bluza-medyczna-scrubs-golebia-szarosc\/","name":"Bluza medyczna scrubs Popiel - Secret Uniform","isPartOf":{"@id":"https:\/\/secretuniform.pl\/en\/#website"},"primaryImageOfPage":{"@id":"https:\/\/secretuniform.pl\/produkt\/bluza-medyczna-scrubs-golebia-szarosc\/#primaryimage"},"image":{"@id":"https:\/\/secretuniform.pl\/produkt\/bluza-medyczna-scrubs-golebia-szarosc\/#primaryimage"},"thumbnailUrl":"https:\/\/secretuniform.pl\/wp-content\/uploads\/2024\/01\/J25A0576-scaled.jpg","datePublished":"2024-01-26T19:00:18+00:00","dateModified":"2025-10-19T17:06:20+00:00","breadcrumb":{"@id":"https:\/\/secretuniform.pl\/produkt\/bluza-medyczna-scrubs-golebia-szarosc\/#breadcrumb"},"inLanguage":"en-US","potentialAction":[{"@type":"ReadAction","target":["https:\/\/secretuniform.pl\/produkt\/bluza-medyczna-scrubs-golebia-szarosc\/"]}]},{"@type":"ImageObject","inLanguage":"en-US","@id":"https:\/\/secretuniform.pl\/produkt\/bluza-medyczna-scrubs-golebia-szarosc\/#primaryimage","url":"https:\/\/secretuniform.pl\/wp-content\/uploads\/2024\/01\/J25A0576-scaled.jpg","contentUrl":"https:\/\/secretuniform.pl\/wp-content\/uploads\/2024\/01\/J25A0576-scaled.jpg","width":1707,"height":2560},{"@type":"BreadcrumbList","@id":"https:\/\/secretuniform.pl\/produkt\/bluza-medyczna-scrubs-golebia-szarosc\/#breadcrumb","itemListElement":[{"@type":"ListItem","position":1,"name":"Strona g\u0142\u00f3wna","item":"https:\/\/secretuniform.pl\/"},{"@type":"ListItem","position":2,"name":"Shop","item":"https:\/\/secretuniform.pl\/en\/shop\/"},{"@type":"ListItem","position":3,"name":"Bluza medyczna scrubs Popiel"}]},{"@type":"WebSite","@id":"https:\/\/secretuniform.pl\/en\/#website","url":"https:\/\/secretuniform.pl\/en\/","name":"Secret Uniform","description":"Znajd\u017a idealny Uniform do Twojej Pracy","potentialAction":[{"@type":"SearchAction","target":{"@type":"EntryPoint","urlTemplate":"https:\/\/secretuniform.pl\/en\/?s={search_term_string}"},"query-input":{"@type":"PropertyValueSpecification","valueRequired":true,"valueName":"search_term_string"}}],"inLanguage":"en-US"}]}},"_links":{"self":[{"href":"https:\/\/secretuniform.pl\/en\/wp-json\/wp\/v2\/product\/11915","targetHints":{"allow":["GET"]}}],"collection":[{"href":"https:\/\/secretuniform.pl\/en\/wp-json\/wp\/v2\/product"}],"about":[{"href":"https:\/\/secretuniform.pl\/en\/wp-json\/wp\/v2\/types\/product"}],"replies":[{"embeddable":true,"href":"https:\/\/secretuniform.pl\/en\/wp-json\/wp\/v2\/comments?post=11915"}],"wp:featuredmedia":[{"embeddable":true,"href":"https:\/\/secretuniform.pl\/en\/wp-json\/wp\/v2\/media\/27335"}],"wp:attachment":[{"href":"https:\/\/secretuniform.pl\/en\/wp-json\/wp\/v2\/media?parent=11915"}],"wp:term":[{"taxonomy":"product_brand","embeddable":true,"href":"https:\/\/secretuniform.pl\/en\/wp-json\/wp\/v2\/product_brand?post=11915"},{"taxonomy":"product_cat","embeddable":true,"href":"https:\/\/secretuniform.pl\/en\/wp-json\/wp\/v2\/product_cat?post=11915"},{"taxonomy":"product_tag","embeddable":true,"href":"https:\/\/secretuniform.pl\/en\/wp-json\/wp\/v2\/product_tag?post=11915"}],"curies":[{"name":"wp","href":"https:\/\/api.w.org\/{rel}","templated":true}]}}