{"id":12053,"date":"2024-01-27T17:24:59","date_gmt":"2024-01-27T16:24:59","guid":{"rendered":"https:\/\/secretuniform.pl\/?post_type=product&#038;p=12053"},"modified":"2025-03-04T19:21:10","modified_gmt":"2025-03-04T18:21:10","slug":"spodnie-medyczne-joggery-scrubs-glebia-granatu","status":"publish","type":"product","link":"https:\/\/secretuniform.pl\/en\/produkt\/spodnie-medyczne-joggery-scrubs-glebia-granatu\/","title":{"rendered":"Spodnie medyczne joggery scrubs Granat"},"content":{"rendered":"<h3 data-start=\"0\" data-end=\"71\"><strong data-start=\"0\" data-end=\"69\">Stylowe i wygodne spodnie medyczne joggery\u2013 idealne na ka\u017cdy dzie\u0144 pracy.<\/strong><\/h3>\n<p data-start=\"73\" data-end=\"396\">Spodnie medyczne joggery, kt\u00f3re \u0142\u0105cz\u0105 funkcjonalno\u015b\u0107 z elegancj\u0105. Ich dopracowany kr\u00f3j zapewnia komfort i swobod\u0119 ruch\u00f3w przez ca\u0142y dzie\u0144. Elastyczna talia oraz \u015bci\u0105gacze przy kostkach gwarantuj\u0105 dopasowanie do sylwetki. Doskona\u0142y wyb\u00f3r dla profesjonalistek, kt\u00f3re ceni\u0105 wygod\u0119 bez kompromis\u00f3w w kwestii stylu.<\/p>\n<h3 data-start=\"398\" data-end=\"423\"><strong data-start=\"402\" data-end=\"421\">Cechy produktu:<\/strong><\/h3>\n<p data-start=\"424\" data-end=\"764\"><img decoding=\"async\" class=\"emoji\" role=\"img\" draggable=\"false\" src=\"https:\/\/s.w.org\/images\/core\/emoji\/15.0.3\/svg\/2714.svg\" alt=\"\u2714\" \/> <strong data-start=\"426\" data-end=\"446\">Elastyczna talia<\/strong> \u2013 zapewnia wygod\u0119<br data-start=\"493\" data-end=\"496\" \/><img decoding=\"async\" class=\"emoji\" role=\"img\" draggable=\"false\" src=\"https:\/\/s.w.org\/images\/core\/emoji\/15.0.3\/svg\/2714.svg\" alt=\"\u2714\" \/> <strong data-start=\"498\" data-end=\"517\">Zw\u0119\u017cana nogawka<\/strong> \u2013 modny fason\u00a0<br data-start=\"554\" data-end=\"557\" \/><img decoding=\"async\" class=\"emoji\" role=\"img\" draggable=\"false\" src=\"https:\/\/s.w.org\/images\/core\/emoji\/15.0.3\/svg\/2714.svg\" alt=\"\u2714\" \/> <strong data-start=\"559\" data-end=\"583\">Praktyczne kieszenie<\/strong> \u2013 dwie pojemne kieszenie<br data-start=\"622\" data-end=\"625\" \/><img decoding=\"async\" class=\"emoji\" role=\"img\" draggable=\"false\" src=\"https:\/\/s.w.org\/images\/core\/emoji\/15.0.3\/svg\/2714.svg\" alt=\"\u2714\" \/> <strong data-start=\"627\" data-end=\"654\" data-is-only-node=\"\">\u015aci\u0105gacze przy kostkach<\/strong> \u2013 nowoczesny design i wygoda<br data-start=\"683\" data-end=\"686\" \/><img decoding=\"async\" class=\"emoji\" role=\"img\" draggable=\"false\" src=\"https:\/\/s.w.org\/images\/core\/emoji\/15.0.3\/svg\/2714.svg\" alt=\"\u2714\" \/> <strong data-start=\"688\" data-end=\"720\">Oddychaj\u0105cy materia\u0142 PREMIUM<\/strong> \u2013 komfort nawet podczas intensywnego dnia<\/p>\n<h6 data-start=\"830\" data-end=\"856\"><strong data-start=\"834\" data-end=\"854\">Cechy materia\u0142u:<\/strong><\/h6>\n<p data-start=\"857\" data-end=\"1070\"><img decoding=\"async\" class=\"emoji\" role=\"img\" draggable=\"false\" src=\"https:\/\/s.w.org\/images\/core\/emoji\/15.0.3\/svg\/2714.svg\" alt=\"\u2714\" \/><strong>P<\/strong><strong>oliester 59%, wiskoza 37%, lycra 4%- <\/strong>jako\u015b\u0107 PREMIUM<br \/>\n<img decoding=\"async\" class=\"emoji\" role=\"img\" draggable=\"false\" src=\"https:\/\/s.w.org\/images\/core\/emoji\/15.0.3\/svg\/2714.svg\" alt=\"\u2714\" \/><strong>G\u0142\u0119bia koloru-<\/strong>nienaganny wygl\u0105d nawet po wielu praniach.<br \/>\n<img decoding=\"async\" class=\"emoji\" role=\"img\" draggable=\"false\" src=\"https:\/\/s.w.org\/images\/core\/emoji\/15.0.3\/svg\/2714.svg\" alt=\"\u2714\" \/><strong>\u0141atwy\u00a0w piel\u0119gnacji \u2013<\/strong> odporna na zagniecenia i \u0142atwa do prasowania.<\/p>\n<p data-start=\"1077\" data-end=\"1130\">\u00a0<strong data-start=\"1080\" data-end=\"1128\">Modelka ma 170 cm wzrostu i nosi rozmiar S 170\/176 cm.\u00a0<\/strong><\/p>\n<h6><em><strong>Kompletuj stylizacj\u0119 z klas\u0105<\/strong><\/em><\/h6>\n<p>Stw\u00f3rz <strong>kompletny uniform medyczny<\/strong>\u00a0\u0142\u0105cz\u0105c spodnie medyczne joggery\u00a0z<strong> bluz\u0105 medyczn\u0105 damsk\u0105.<br \/>\n<\/strong>W ofercie dost\u0119pne s\u0105 r\u00f3wnie\u017c<strong> czepki medyczne.<br \/>\n<\/strong>Pod spodem znajduj\u0105 si\u0119 rekomendowane produkty.<\/p>\n","protected":false},"excerpt":{"rendered":"<p><img loading=\"lazy\" decoding=\"async\" class=\"alignnone wp-image-24262\" src=\"https:\/\/secretuniform.pl\/wp-content\/uploads\/2024\/01\/SPODNIE-JOGGERY-158_164_2-450x364.jpg\" alt=\"\" width=\"959\" height=\"774\" srcset=\"https:\/\/secretuniform.pl\/wp-content\/uploads\/2024\/01\/SPODNIE-JOGGERY-158_164_2-450x364.jpg 450w, https:\/\/secretuniform.pl\/wp-content\/uploads\/2024\/01\/SPODNIE-JOGGERY-158_164_2-1024x828.jpg 1024w, https:\/\/secretuniform.pl\/wp-content\/uploads\/2024\/01\/SPODNIE-JOGGERY-158_164_2-600x485.jpg 600w\" sizes=\"auto, (max-width: 959px) 100vw, 959px\" \/> <img loading=\"lazy\" decoding=\"async\" class=\"alignnone wp-image-24264\" src=\"https:\/\/secretuniform.pl\/wp-content\/uploads\/2024\/01\/SPODNIE-JOGGERY-170_176_2-450x364.jpg\" alt=\"\" width=\"1217\" height=\"985\" srcset=\"https:\/\/secretuniform.pl\/wp-content\/uploads\/2024\/01\/SPODNIE-JOGGERY-170_176_2-450x364.jpg 450w, https:\/\/secretuniform.pl\/wp-content\/uploads\/2024\/01\/SPODNIE-JOGGERY-170_176_2-1024x828.jpg 1024w, https:\/\/secretuniform.pl\/wp-content\/uploads\/2024\/01\/SPODNIE-JOGGERY-170_176_2-600x485.jpg 600w\" sizes=\"auto, (max-width: 1217px) 100vw, 1217px\" \/><\/p>\n","protected":false},"featured_media":27033,"comment_status":"closed","ping_status":"closed","template":"","meta":[],"product_brand":[],"product_cat":[88,80,61],"product_tag":[],"class_list":{"0":"post-12053","1":"product","2":"type-product","3":"status-publish","4":"has-post-thumbnail","6":"product_cat-joggery-medyczne-kolekcja-basic-odziez-damska","7":"product_cat-kolekcja-basic-odziez-damska","8":"product_cat-odziez-damska","10":"first","11":"instock","12":"taxable","13":"shipping-taxable","14":"purchasable","15":"product-type-variable","16":"add-to-wishlist-before_add_to_cart"},"yoast_head":"<!-- This site is optimized with the Yoast SEO plugin v27.4 - https:\/\/yoast.com\/product\/yoast-seo-wordpress\/ -->\n<title>Spodnie medyczne joggery scrubs Granat - Secret Uniform<\/title>\n<meta name=\"robots\" content=\"index, follow, max-snippet:-1, max-image-preview:large, max-video-preview:-1\" \/>\n<link rel=\"canonical\" href=\"https:\/\/secretuniform.pl\/produkt\/spodnie-medyczne-joggery-scrubs-glebia-granatu\/\" \/>\n<meta property=\"og:locale\" content=\"en_US\" \/>\n<meta property=\"og:type\" content=\"article\" \/>\n<meta property=\"og:title\" content=\"Spodnie medyczne joggery scrubs Granat - Secret Uniform\" \/>\n<meta property=\"og:url\" content=\"https:\/\/secretuniform.pl\/produkt\/spodnie-medyczne-joggery-scrubs-glebia-granatu\/\" \/>\n<meta property=\"og:site_name\" content=\"Secret Uniform\" \/>\n<meta property=\"article:modified_time\" content=\"2025-03-04T18:21:10+00:00\" \/>\n<meta property=\"og:image\" content=\"https:\/\/secretuniform.pl\/wp-content\/uploads\/2024\/01\/J25A2693-scaled.jpg\" \/>\n\t<meta property=\"og:image:width\" content=\"1707\" \/>\n\t<meta property=\"og:image:height\" content=\"2560\" \/>\n\t<meta property=\"og:image:type\" content=\"image\/jpeg\" \/>\n<meta name=\"twitter:card\" content=\"summary_large_image\" \/>\n<meta name=\"twitter:label1\" content=\"Est. reading time\" \/>\n\t<meta name=\"twitter:data1\" content=\"3 minutes\" \/>\n<script type=\"application\/ld+json\" class=\"yoast-schema-graph\">{\"@context\":\"https:\\\/\\\/schema.org\",\"@graph\":[{\"@type\":\"WebPage\",\"@id\":\"https:\\\/\\\/secretuniform.pl\\\/produkt\\\/spodnie-medyczne-joggery-scrubs-glebia-granatu\\\/\",\"url\":\"https:\\\/\\\/secretuniform.pl\\\/produkt\\\/spodnie-medyczne-joggery-scrubs-glebia-granatu\\\/\",\"name\":\"Spodnie medyczne joggery scrubs Granat - Secret Uniform\",\"isPartOf\":{\"@id\":\"https:\\\/\\\/secretuniform.pl\\\/en\\\/#website\"},\"primaryImageOfPage\":{\"@id\":\"https:\\\/\\\/secretuniform.pl\\\/produkt\\\/spodnie-medyczne-joggery-scrubs-glebia-granatu\\\/#primaryimage\"},\"image\":{\"@id\":\"https:\\\/\\\/secretuniform.pl\\\/produkt\\\/spodnie-medyczne-joggery-scrubs-glebia-granatu\\\/#primaryimage\"},\"thumbnailUrl\":\"https:\\\/\\\/secretuniform.pl\\\/wp-content\\\/uploads\\\/2024\\\/01\\\/J25A2693-scaled.jpg\",\"datePublished\":\"2024-01-27T16:24:59+00:00\",\"dateModified\":\"2025-03-04T18:21:10+00:00\",\"breadcrumb\":{\"@id\":\"https:\\\/\\\/secretuniform.pl\\\/produkt\\\/spodnie-medyczne-joggery-scrubs-glebia-granatu\\\/#breadcrumb\"},\"inLanguage\":\"en-US\",\"potentialAction\":[{\"@type\":\"ReadAction\",\"target\":[\"https:\\\/\\\/secretuniform.pl\\\/produkt\\\/spodnie-medyczne-joggery-scrubs-glebia-granatu\\\/\"]}]},{\"@type\":\"ImageObject\",\"inLanguage\":\"en-US\",\"@id\":\"https:\\\/\\\/secretuniform.pl\\\/produkt\\\/spodnie-medyczne-joggery-scrubs-glebia-granatu\\\/#primaryimage\",\"url\":\"https:\\\/\\\/secretuniform.pl\\\/wp-content\\\/uploads\\\/2024\\\/01\\\/J25A2693-scaled.jpg\",\"contentUrl\":\"https:\\\/\\\/secretuniform.pl\\\/wp-content\\\/uploads\\\/2024\\\/01\\\/J25A2693-scaled.jpg\",\"width\":1707,\"height\":2560},{\"@type\":\"BreadcrumbList\",\"@id\":\"https:\\\/\\\/secretuniform.pl\\\/produkt\\\/spodnie-medyczne-joggery-scrubs-glebia-granatu\\\/#breadcrumb\",\"itemListElement\":[{\"@type\":\"ListItem\",\"position\":1,\"name\":\"Strona g\u0142\u00f3wna\",\"item\":\"https:\\\/\\\/secretuniform.pl\\\/\"},{\"@type\":\"ListItem\",\"position\":2,\"name\":\"Shop\",\"item\":\"https:\\\/\\\/secretuniform.pl\\\/en\\\/shop\\\/\"},{\"@type\":\"ListItem\",\"position\":3,\"name\":\"Spodnie medyczne joggery scrubs Granat\"}]},{\"@type\":\"WebSite\",\"@id\":\"https:\\\/\\\/secretuniform.pl\\\/en\\\/#website\",\"url\":\"https:\\\/\\\/secretuniform.pl\\\/en\\\/\",\"name\":\"Secret Uniform\",\"description\":\"Znajd\u017a idealny Uniform do Twojej Pracy\",\"potentialAction\":[{\"@type\":\"SearchAction\",\"target\":{\"@type\":\"EntryPoint\",\"urlTemplate\":\"https:\\\/\\\/secretuniform.pl\\\/en\\\/?s={search_term_string}\"},\"query-input\":{\"@type\":\"PropertyValueSpecification\",\"valueRequired\":true,\"valueName\":\"search_term_string\"}}],\"inLanguage\":\"en-US\"}]}<\/script>\n<!-- \/ Yoast SEO plugin. -->","yoast_head_json":{"title":"Spodnie medyczne joggery scrubs Granat - Secret Uniform","robots":{"index":"index","follow":"follow","max-snippet":"max-snippet:-1","max-image-preview":"max-image-preview:large","max-video-preview":"max-video-preview:-1"},"canonical":"https:\/\/secretuniform.pl\/produkt\/spodnie-medyczne-joggery-scrubs-glebia-granatu\/","og_locale":"en_US","og_type":"article","og_title":"Spodnie medyczne joggery scrubs Granat - Secret Uniform","og_url":"https:\/\/secretuniform.pl\/produkt\/spodnie-medyczne-joggery-scrubs-glebia-granatu\/","og_site_name":"Secret Uniform","article_modified_time":"2025-03-04T18:21:10+00:00","og_image":[{"width":1707,"height":2560,"url":"https:\/\/secretuniform.pl\/wp-content\/uploads\/2024\/01\/J25A2693-scaled.jpg","type":"image\/jpeg"}],"twitter_card":"summary_large_image","twitter_misc":{"Est. reading time":"3 minutes"},"schema":{"@context":"https:\/\/schema.org","@graph":[{"@type":"WebPage","@id":"https:\/\/secretuniform.pl\/produkt\/spodnie-medyczne-joggery-scrubs-glebia-granatu\/","url":"https:\/\/secretuniform.pl\/produkt\/spodnie-medyczne-joggery-scrubs-glebia-granatu\/","name":"Spodnie medyczne joggery scrubs Granat - Secret Uniform","isPartOf":{"@id":"https:\/\/secretuniform.pl\/en\/#website"},"primaryImageOfPage":{"@id":"https:\/\/secretuniform.pl\/produkt\/spodnie-medyczne-joggery-scrubs-glebia-granatu\/#primaryimage"},"image":{"@id":"https:\/\/secretuniform.pl\/produkt\/spodnie-medyczne-joggery-scrubs-glebia-granatu\/#primaryimage"},"thumbnailUrl":"https:\/\/secretuniform.pl\/wp-content\/uploads\/2024\/01\/J25A2693-scaled.jpg","datePublished":"2024-01-27T16:24:59+00:00","dateModified":"2025-03-04T18:21:10+00:00","breadcrumb":{"@id":"https:\/\/secretuniform.pl\/produkt\/spodnie-medyczne-joggery-scrubs-glebia-granatu\/#breadcrumb"},"inLanguage":"en-US","potentialAction":[{"@type":"ReadAction","target":["https:\/\/secretuniform.pl\/produkt\/spodnie-medyczne-joggery-scrubs-glebia-granatu\/"]}]},{"@type":"ImageObject","inLanguage":"en-US","@id":"https:\/\/secretuniform.pl\/produkt\/spodnie-medyczne-joggery-scrubs-glebia-granatu\/#primaryimage","url":"https:\/\/secretuniform.pl\/wp-content\/uploads\/2024\/01\/J25A2693-scaled.jpg","contentUrl":"https:\/\/secretuniform.pl\/wp-content\/uploads\/2024\/01\/J25A2693-scaled.jpg","width":1707,"height":2560},{"@type":"BreadcrumbList","@id":"https:\/\/secretuniform.pl\/produkt\/spodnie-medyczne-joggery-scrubs-glebia-granatu\/#breadcrumb","itemListElement":[{"@type":"ListItem","position":1,"name":"Strona g\u0142\u00f3wna","item":"https:\/\/secretuniform.pl\/"},{"@type":"ListItem","position":2,"name":"Shop","item":"https:\/\/secretuniform.pl\/en\/shop\/"},{"@type":"ListItem","position":3,"name":"Spodnie medyczne joggery scrubs Granat"}]},{"@type":"WebSite","@id":"https:\/\/secretuniform.pl\/en\/#website","url":"https:\/\/secretuniform.pl\/en\/","name":"Secret Uniform","description":"Znajd\u017a idealny Uniform do Twojej Pracy","potentialAction":[{"@type":"SearchAction","target":{"@type":"EntryPoint","urlTemplate":"https:\/\/secretuniform.pl\/en\/?s={search_term_string}"},"query-input":{"@type":"PropertyValueSpecification","valueRequired":true,"valueName":"search_term_string"}}],"inLanguage":"en-US"}]}},"_links":{"self":[{"href":"https:\/\/secretuniform.pl\/en\/wp-json\/wp\/v2\/product\/12053","targetHints":{"allow":["GET"]}}],"collection":[{"href":"https:\/\/secretuniform.pl\/en\/wp-json\/wp\/v2\/product"}],"about":[{"href":"https:\/\/secretuniform.pl\/en\/wp-json\/wp\/v2\/types\/product"}],"replies":[{"embeddable":true,"href":"https:\/\/secretuniform.pl\/en\/wp-json\/wp\/v2\/comments?post=12053"}],"wp:featuredmedia":[{"embeddable":true,"href":"https:\/\/secretuniform.pl\/en\/wp-json\/wp\/v2\/media\/27033"}],"wp:attachment":[{"href":"https:\/\/secretuniform.pl\/en\/wp-json\/wp\/v2\/media?parent=12053"}],"wp:term":[{"taxonomy":"product_brand","embeddable":true,"href":"https:\/\/secretuniform.pl\/en\/wp-json\/wp\/v2\/product_brand?post=12053"},{"taxonomy":"product_cat","embeddable":true,"href":"https:\/\/secretuniform.pl\/en\/wp-json\/wp\/v2\/product_cat?post=12053"},{"taxonomy":"product_tag","embeddable":true,"href":"https:\/\/secretuniform.pl\/en\/wp-json\/wp\/v2\/product_tag?post=12053"}],"curies":[{"name":"wp","href":"https:\/\/api.w.org\/{rel}","templated":true}]}}