{"id":12153,"date":"2024-01-27T21:00:27","date_gmt":"2024-01-27T20:00:27","guid":{"rendered":"https:\/\/secretuniform.pl\/?post_type=product&#038;p=12153"},"modified":"2026-04-17T20:31:48","modified_gmt":"2026-04-17T18:31:48","slug":"uniform-medyczny-sophia-sniezna-biel-2","status":"publish","type":"product","link":"https:\/\/secretuniform.pl\/en\/produkt\/uniform-medyczny-sophia-sniezna-biel-2\/","title":{"rendered":"Uniform medyczny Sophia Biel XXS,XS,M,L,XXL,XXXL"},"content":{"rendered":"<h3 data-start=\"0\" data-end=\"70\"><strong data-start=\"4\" data-end=\"68\">Bia\u0142a tunika medyczna kopertowa \u2013 elegancja i profesjonalizm<\/strong><\/h3>\n<p data-start=\"72\" data-end=\"408\">Stylowa i funkcjonalna <strong data-start=\"95\" data-end=\"124\">tunika medyczna kopertowa<\/strong> to doskona\u0142e po\u0142\u0105czenie <strong data-start=\"149\" data-end=\"196\">elegancji, wygody i profesjonalnego wygl\u0105du<\/strong>. Jej <strong data-start=\"202\" data-end=\"240\">unikalny fason z wi\u0105zaniem w talii<\/strong> podkre\u015bla sylwetk\u0119, zapewniaj\u0105c jednocze\u015bnie komfort noszenia przez ca\u0142y dzie\u0144 pracy. To idealny wyb\u00f3r dla kosmetolog\u00f3w, lekarzy, fizjoterapeut\u00f3w i specjalist\u00f3w SPA.<\/p>\n<article class=\"w-full text-token-text-primary focus-visible:outline-2 focus-visible:outline-offset-[-4px]\" dir=\"auto\" data-testid=\"conversation-turn-43\" data-scroll-anchor=\"true\">\n<div class=\"m-auto text-base py-[18px] px-6\">\n<div class=\"mx-auto flex flex-1 text-base gap-4 md:gap-5 lg:gap-6 md:max-w-3xl\">\n<div class=\"group\/conversation-turn relative flex w-full min-w-0 flex-col agent-turn @xs\/thread:px-0 @sm\/thread:px-1.5 @md\/thread:px-4\">\n<div class=\"flex-col gap-1 md:gap-3\">\n<div class=\"flex max-w-full flex-col flex-grow\">\n<div class=\"min-h-8 text-message relative flex w-full flex-col items-end gap-2 whitespace-normal break-words text-start [.text-message+&amp;]:mt-5\" dir=\"auto\" data-message-author-role=\"assistant\" data-message-id=\"73b93f26-a362-4f4f-9a2d-fdb7e6a39440\" data-message-model-slug=\"gpt-4o\">\n<div class=\"flex w-full flex-col gap-1 empty:hidden first:pt-[3px]\">\n<div class=\"markdown prose w-full break-words dark:prose-invert light\">\n<h6 data-start=\"415\" data-end=\"440\"><strong data-start=\"419\" data-end=\"438\">Cechy produktu:<\/strong><\/h6>\n<p data-start=\"441\" data-end=\"956\"><img decoding=\"async\" class=\"emoji\" role=\"img\" draggable=\"false\" src=\"https:\/\/s.w.org\/images\/core\/emoji\/15.0.3\/svg\/2714.svg\" alt=\"\u2714\" \/> <strong data-start=\"443\" data-end=\"462\">Kopertowy fason<\/strong> \u2013 elegancki dekolt w kszta\u0142cie litery V dodaje subtelno\u015bci i profesjonalnego charakteru.<br data-start=\"551\" data-end=\"554\" \/><img decoding=\"async\" class=\"emoji\" role=\"img\" draggable=\"false\" src=\"https:\/\/s.w.org\/images\/core\/emoji\/15.0.3\/svg\/2714.svg\" alt=\"\u2714\" \/> <strong data-start=\"556\" data-end=\"576\">Wi\u0105zanie w talii<\/strong> \u2013 pozwala na idealne dopasowanie tuniki do sylwetki.<br data-start=\"629\" data-end=\"632\" \/><img decoding=\"async\" class=\"emoji\" role=\"img\" draggable=\"false\" src=\"https:\/\/s.w.org\/images\/core\/emoji\/15.0.3\/svg\/2714.svg\" alt=\"\u2714\" \/> <strong>Kr\u00f3tki r\u0119kaw<\/strong> \u2013 praktyczny i wygodny na ka\u017cd\u0105 por\u0119 roku.<br data-start=\"690\" data-end=\"693\" \/><img decoding=\"async\" class=\"emoji\" role=\"img\" draggable=\"false\" src=\"https:\/\/s.w.org\/images\/core\/emoji\/15.0.3\/svg\/2714.svg\" alt=\"\u2714\" \/> <strong data-start=\"695\" data-end=\"716\">Rozkloszowany,baskinkowy d\u00f3\u0142<\/strong> \u2013 zapewnia swobod\u0119 ruch\u00f3w i podkre\u015bla kobiec\u0105 sylwetk\u0119.<br data-start=\"772\" data-end=\"775\" \/><img decoding=\"async\" class=\"emoji\" role=\"img\" draggable=\"false\" src=\"https:\/\/s.w.org\/images\/core\/emoji\/15.0.3\/svg\/2714.svg\" alt=\"\u2714\" \/> <strong data-start=\"777\" data-end=\"808\">Oddychaj\u0105ca tkanina PREMIUM<\/strong> \u2013 zapewnia komfort nawet podczas wielogodzinnej pracy.<br data-start=\"863\" data-end=\"866\" \/><img decoding=\"async\" class=\"emoji\" role=\"img\" draggable=\"false\" src=\"https:\/\/s.w.org\/images\/core\/emoji\/15.0.3\/svg\/2714.svg\" alt=\"\u2714\" \/> <strong data-start=\"868\" data-end=\"895\">Perfekcyjne wyko\u0144czenie<\/strong> \u2013 detale nadaj\u0105 tunice ekskluzywny i profesjonalny wygl\u0105d.<\/p>\n<h6 data-start=\"963\" data-end=\"989\"><strong data-start=\"967\" data-end=\"987\">Cechy materia\u0142u:<\/strong><\/h6>\n<p data-start=\"990\" data-end=\"1224\"><img decoding=\"async\" class=\"emoji\" role=\"img\" draggable=\"false\" src=\"https:\/\/s.w.org\/images\/core\/emoji\/15.0.3\/svg\/2714.svg\" alt=\"\u2714\" \/> <strong data-start=\"992\" data-end=\"1028\">58% bawe\u0142na, 38% nylon, 4% lycra<\/strong> \u2013 oddychaj\u0105cy, elastyczny i trwa\u0142y materia\u0142.<br data-start=\"1073\" data-end=\"1076\" \/><img decoding=\"async\" class=\"emoji\" role=\"img\" draggable=\"false\" src=\"https:\/\/s.w.org\/images\/core\/emoji\/15.0.3\/svg\/2714.svg\" alt=\"\u2714\" \/> <strong data-start=\"1078\" data-end=\"1095\">G\u0142\u0119bia koloru<\/strong> \u2013 tunika nie blaknie nawet po wielokrotnym praniu.<br data-start=\"1146\" data-end=\"1149\" \/><img decoding=\"async\" class=\"emoji\" role=\"img\" draggable=\"false\" src=\"https:\/\/s.w.org\/images\/core\/emoji\/15.0.3\/svg\/2714.svg\" alt=\"\u2714\" \/> <strong data-start=\"1151\" data-end=\"1174\">\u0141atwa w piel\u0119gnacji<\/strong> \u2013 odporna na zagniecenia i \u0142atwa do prasowania.<\/p>\n<\/div>\n<h6 data-start=\"1175\" data-end=\"1213\"><strong data-start=\"1179\" data-end=\"1211\">Stw\u00f3rz kompletn\u0105 stylizacj\u0119!<\/strong><\/h6>\n<p data-start=\"1214\" data-end=\"1442\">Dobierz do tuniki <strong data-start=\"1232\" data-end=\"1265\">spodnie medyczne z wyci\u0119ciami<\/strong> lub <strong data-start=\"1270\" data-end=\"1301\">klasyczne slimowane spodnie<\/strong> z tej samej kolekcji. W naszej ofercie znajdziesz tak\u017ce inne stylowe produkty z tej kategorii. Stw\u00f3rz z nami elegancki i praktyczny zestaw do pracy.<\/p>\n<p data-start=\"1444\" data-end=\"1549\"><strong data-start=\"1446\" data-end=\"1545\">Nasza odzie\u017c medyczna to gwarancja stylu i jako\u015bci \u2013 szyta w Polsce, stworzona z my\u015bl\u0105 o Tobie!<\/strong><\/p>\n<div class=\"markdown prose w-full break-words dark:prose-invert light\">\n<p data-start=\"1231\" data-end=\"1284\"><strong data-start=\"1234\" data-end=\"1282\">Modelka ma 170 cm wzrostu i nosi rozmiar XS.<\/strong><\/p>\n<\/div>\n<\/div>\n<\/div>\n<\/div>\n<\/div>\n<\/div>\n<\/div>\n<\/div>\n<\/article>\n","protected":false},"excerpt":{"rendered":"<p><img loading=\"lazy\" decoding=\"async\" class=\"alignnone size-medium wp-image-19000\" src=\"https:\/\/secretuniform.pl\/wp-content\/uploads\/2024\/01\/TABELKA-SOPHIA-KROTKI-REKAW-450x364.jpg\" alt=\"\" width=\"450\" height=\"364\" srcset=\"https:\/\/secretuniform.pl\/wp-content\/uploads\/2024\/01\/TABELKA-SOPHIA-KROTKI-REKAW-450x364.jpg 450w, https:\/\/secretuniform.pl\/wp-content\/uploads\/2024\/01\/TABELKA-SOPHIA-KROTKI-REKAW-600x485.jpg 600w, https:\/\/secretuniform.pl\/wp-content\/uploads\/2024\/01\/TABELKA-SOPHIA-KROTKI-REKAW-1024x828.jpg 1024w\" sizes=\"auto, (max-width: 450px) 100vw, 450px\" \/><\/p>\n","protected":false},"featured_media":23449,"comment_status":"closed","ping_status":"closed","template":"","meta":[],"product_brand":[],"product_cat":[75,81,137,61,29],"product_tag":[],"class_list":{"0":"post-12153","1":"product","2":"type-product","3":"status-publish","4":"has-post-thumbnail","6":"product_cat-bestsellery","7":"product_cat-kolekcja-elegant-odziez-damska","8":"product_cat-koncowka-kolekcji","9":"product_cat-odziez-damska","10":"product_cat-uniformy-medyczne","12":"first","13":"instock","14":"sale","15":"taxable","16":"shipping-taxable","17":"purchasable","18":"product-type-variable","19":"add-to-wishlist-before_add_to_cart"},"yoast_head":"<!-- This site is optimized with the Yoast SEO plugin v27.4 - https:\/\/yoast.com\/product\/yoast-seo-wordpress\/ -->\n<title>Uniform medyczny Sophia Biel XXS,XS,M,L,XXL,XXXL - Secret Uniform<\/title>\n<meta name=\"robots\" content=\"index, follow, max-snippet:-1, max-image-preview:large, max-video-preview:-1\" \/>\n<link rel=\"canonical\" href=\"https:\/\/secretuniform.pl\/produkt\/uniform-medyczny-sophia-sniezna-biel-2\/\" \/>\n<meta property=\"og:locale\" content=\"en_US\" \/>\n<meta property=\"og:type\" content=\"article\" \/>\n<meta property=\"og:title\" content=\"Uniform medyczny Sophia Biel XXS,XS,M,L,XXL,XXXL - Secret Uniform\" \/>\n<meta property=\"og:url\" content=\"https:\/\/secretuniform.pl\/produkt\/uniform-medyczny-sophia-sniezna-biel-2\/\" \/>\n<meta property=\"og:site_name\" content=\"Secret Uniform\" \/>\n<meta property=\"article:modified_time\" content=\"2026-04-17T18:31:48+00:00\" \/>\n<meta property=\"og:image\" content=\"https:\/\/secretuniform.pl\/wp-content\/uploads\/2024\/01\/J25A2749-scaled.jpg\" \/>\n\t<meta property=\"og:image:width\" content=\"1707\" \/>\n\t<meta property=\"og:image:height\" content=\"2560\" \/>\n\t<meta property=\"og:image:type\" content=\"image\/jpeg\" \/>\n<meta name=\"twitter:card\" content=\"summary_large_image\" \/>\n<meta name=\"twitter:label1\" content=\"Est. reading time\" \/>\n\t<meta name=\"twitter:data1\" content=\"4 minutes\" \/>\n<script type=\"application\/ld+json\" class=\"yoast-schema-graph\">{\"@context\":\"https:\\\/\\\/schema.org\",\"@graph\":[{\"@type\":\"WebPage\",\"@id\":\"https:\\\/\\\/secretuniform.pl\\\/produkt\\\/uniform-medyczny-sophia-sniezna-biel-2\\\/\",\"url\":\"https:\\\/\\\/secretuniform.pl\\\/produkt\\\/uniform-medyczny-sophia-sniezna-biel-2\\\/\",\"name\":\"Uniform medyczny Sophia Biel XXS,XS,M,L,XXL,XXXL - Secret Uniform\",\"isPartOf\":{\"@id\":\"https:\\\/\\\/secretuniform.pl\\\/en\\\/#website\"},\"primaryImageOfPage\":{\"@id\":\"https:\\\/\\\/secretuniform.pl\\\/produkt\\\/uniform-medyczny-sophia-sniezna-biel-2\\\/#primaryimage\"},\"image\":{\"@id\":\"https:\\\/\\\/secretuniform.pl\\\/produkt\\\/uniform-medyczny-sophia-sniezna-biel-2\\\/#primaryimage\"},\"thumbnailUrl\":\"https:\\\/\\\/secretuniform.pl\\\/wp-content\\\/uploads\\\/2024\\\/01\\\/J25A2749-scaled.jpg\",\"datePublished\":\"2024-01-27T20:00:27+00:00\",\"dateModified\":\"2026-04-17T18:31:48+00:00\",\"breadcrumb\":{\"@id\":\"https:\\\/\\\/secretuniform.pl\\\/produkt\\\/uniform-medyczny-sophia-sniezna-biel-2\\\/#breadcrumb\"},\"inLanguage\":\"en-US\",\"potentialAction\":[{\"@type\":\"ReadAction\",\"target\":[\"https:\\\/\\\/secretuniform.pl\\\/produkt\\\/uniform-medyczny-sophia-sniezna-biel-2\\\/\"]}]},{\"@type\":\"ImageObject\",\"inLanguage\":\"en-US\",\"@id\":\"https:\\\/\\\/secretuniform.pl\\\/produkt\\\/uniform-medyczny-sophia-sniezna-biel-2\\\/#primaryimage\",\"url\":\"https:\\\/\\\/secretuniform.pl\\\/wp-content\\\/uploads\\\/2024\\\/01\\\/J25A2749-scaled.jpg\",\"contentUrl\":\"https:\\\/\\\/secretuniform.pl\\\/wp-content\\\/uploads\\\/2024\\\/01\\\/J25A2749-scaled.jpg\",\"width\":1707,\"height\":2560},{\"@type\":\"BreadcrumbList\",\"@id\":\"https:\\\/\\\/secretuniform.pl\\\/produkt\\\/uniform-medyczny-sophia-sniezna-biel-2\\\/#breadcrumb\",\"itemListElement\":[{\"@type\":\"ListItem\",\"position\":1,\"name\":\"Strona g\u0142\u00f3wna\",\"item\":\"https:\\\/\\\/secretuniform.pl\\\/\"},{\"@type\":\"ListItem\",\"position\":2,\"name\":\"Shop\",\"item\":\"https:\\\/\\\/secretuniform.pl\\\/en\\\/shop\\\/\"},{\"@type\":\"ListItem\",\"position\":3,\"name\":\"Uniform medyczny Sophia Biel XXS,XS,M,L,XXL,XXXL\"}]},{\"@type\":\"WebSite\",\"@id\":\"https:\\\/\\\/secretuniform.pl\\\/en\\\/#website\",\"url\":\"https:\\\/\\\/secretuniform.pl\\\/en\\\/\",\"name\":\"Secret Uniform\",\"description\":\"Znajd\u017a idealny Uniform do Twojej Pracy\",\"potentialAction\":[{\"@type\":\"SearchAction\",\"target\":{\"@type\":\"EntryPoint\",\"urlTemplate\":\"https:\\\/\\\/secretuniform.pl\\\/en\\\/?s={search_term_string}\"},\"query-input\":{\"@type\":\"PropertyValueSpecification\",\"valueRequired\":true,\"valueName\":\"search_term_string\"}}],\"inLanguage\":\"en-US\"}]}<\/script>\n<!-- \/ Yoast SEO plugin. -->","yoast_head_json":{"title":"Uniform medyczny Sophia Biel XXS,XS,M,L,XXL,XXXL - Secret Uniform","robots":{"index":"index","follow":"follow","max-snippet":"max-snippet:-1","max-image-preview":"max-image-preview:large","max-video-preview":"max-video-preview:-1"},"canonical":"https:\/\/secretuniform.pl\/produkt\/uniform-medyczny-sophia-sniezna-biel-2\/","og_locale":"en_US","og_type":"article","og_title":"Uniform medyczny Sophia Biel XXS,XS,M,L,XXL,XXXL - Secret Uniform","og_url":"https:\/\/secretuniform.pl\/produkt\/uniform-medyczny-sophia-sniezna-biel-2\/","og_site_name":"Secret Uniform","article_modified_time":"2026-04-17T18:31:48+00:00","og_image":[{"width":1707,"height":2560,"url":"https:\/\/secretuniform.pl\/wp-content\/uploads\/2024\/01\/J25A2749-scaled.jpg","type":"image\/jpeg"}],"twitter_card":"summary_large_image","twitter_misc":{"Est. reading time":"4 minutes"},"schema":{"@context":"https:\/\/schema.org","@graph":[{"@type":"WebPage","@id":"https:\/\/secretuniform.pl\/produkt\/uniform-medyczny-sophia-sniezna-biel-2\/","url":"https:\/\/secretuniform.pl\/produkt\/uniform-medyczny-sophia-sniezna-biel-2\/","name":"Uniform medyczny Sophia Biel XXS,XS,M,L,XXL,XXXL - Secret Uniform","isPartOf":{"@id":"https:\/\/secretuniform.pl\/en\/#website"},"primaryImageOfPage":{"@id":"https:\/\/secretuniform.pl\/produkt\/uniform-medyczny-sophia-sniezna-biel-2\/#primaryimage"},"image":{"@id":"https:\/\/secretuniform.pl\/produkt\/uniform-medyczny-sophia-sniezna-biel-2\/#primaryimage"},"thumbnailUrl":"https:\/\/secretuniform.pl\/wp-content\/uploads\/2024\/01\/J25A2749-scaled.jpg","datePublished":"2024-01-27T20:00:27+00:00","dateModified":"2026-04-17T18:31:48+00:00","breadcrumb":{"@id":"https:\/\/secretuniform.pl\/produkt\/uniform-medyczny-sophia-sniezna-biel-2\/#breadcrumb"},"inLanguage":"en-US","potentialAction":[{"@type":"ReadAction","target":["https:\/\/secretuniform.pl\/produkt\/uniform-medyczny-sophia-sniezna-biel-2\/"]}]},{"@type":"ImageObject","inLanguage":"en-US","@id":"https:\/\/secretuniform.pl\/produkt\/uniform-medyczny-sophia-sniezna-biel-2\/#primaryimage","url":"https:\/\/secretuniform.pl\/wp-content\/uploads\/2024\/01\/J25A2749-scaled.jpg","contentUrl":"https:\/\/secretuniform.pl\/wp-content\/uploads\/2024\/01\/J25A2749-scaled.jpg","width":1707,"height":2560},{"@type":"BreadcrumbList","@id":"https:\/\/secretuniform.pl\/produkt\/uniform-medyczny-sophia-sniezna-biel-2\/#breadcrumb","itemListElement":[{"@type":"ListItem","position":1,"name":"Strona g\u0142\u00f3wna","item":"https:\/\/secretuniform.pl\/"},{"@type":"ListItem","position":2,"name":"Shop","item":"https:\/\/secretuniform.pl\/en\/shop\/"},{"@type":"ListItem","position":3,"name":"Uniform medyczny Sophia Biel XXS,XS,M,L,XXL,XXXL"}]},{"@type":"WebSite","@id":"https:\/\/secretuniform.pl\/en\/#website","url":"https:\/\/secretuniform.pl\/en\/","name":"Secret Uniform","description":"Znajd\u017a idealny Uniform do Twojej Pracy","potentialAction":[{"@type":"SearchAction","target":{"@type":"EntryPoint","urlTemplate":"https:\/\/secretuniform.pl\/en\/?s={search_term_string}"},"query-input":{"@type":"PropertyValueSpecification","valueRequired":true,"valueName":"search_term_string"}}],"inLanguage":"en-US"}]}},"_links":{"self":[{"href":"https:\/\/secretuniform.pl\/en\/wp-json\/wp\/v2\/product\/12153","targetHints":{"allow":["GET"]}}],"collection":[{"href":"https:\/\/secretuniform.pl\/en\/wp-json\/wp\/v2\/product"}],"about":[{"href":"https:\/\/secretuniform.pl\/en\/wp-json\/wp\/v2\/types\/product"}],"replies":[{"embeddable":true,"href":"https:\/\/secretuniform.pl\/en\/wp-json\/wp\/v2\/comments?post=12153"}],"wp:featuredmedia":[{"embeddable":true,"href":"https:\/\/secretuniform.pl\/en\/wp-json\/wp\/v2\/media\/23449"}],"wp:attachment":[{"href":"https:\/\/secretuniform.pl\/en\/wp-json\/wp\/v2\/media?parent=12153"}],"wp:term":[{"taxonomy":"product_brand","embeddable":true,"href":"https:\/\/secretuniform.pl\/en\/wp-json\/wp\/v2\/product_brand?post=12153"},{"taxonomy":"product_cat","embeddable":true,"href":"https:\/\/secretuniform.pl\/en\/wp-json\/wp\/v2\/product_cat?post=12153"},{"taxonomy":"product_tag","embeddable":true,"href":"https:\/\/secretuniform.pl\/en\/wp-json\/wp\/v2\/product_tag?post=12153"}],"curies":[{"name":"wp","href":"https:\/\/api.w.org\/{rel}","templated":true}]}}