{"id":12295,"date":"2024-01-28T12:49:18","date_gmt":"2024-01-28T11:49:18","guid":{"rendered":"https:\/\/secretuniform.pl\/?post_type=product&#038;p=12295"},"modified":"2026-01-13T15:32:23","modified_gmt":"2026-01-13T14:32:23","slug":"spodnie-medyczne-glebia-granatu","status":"publish","type":"product","link":"https:\/\/secretuniform.pl\/en\/produkt\/spodnie-medyczne-glebia-granatu\/","title":{"rendered":"Spodnie medyczne Granat"},"content":{"rendered":"<p>Elegancja i wygoda to najwa\u017cniejsze aspekty przy tworzeniu ubra\u0144 do pracy. Zaprojektowana przez nas odzie\u017c stanowi bardzo wygodny zestaw, w kt\u00f3rym poczujesz si\u0119 swobodnie i komfortowo.<\/p>\n<p><strong>Informacje o produkcie:<\/strong><br \/>\n*dopasowany kr\u00f3j<br \/>\n*oddychaj\u0105ca tkanina PREMIUM<br \/>\n*estetyczne wyko\u0144czenie<br \/>\n*guma w pasie<\/p>\n<p><strong>Cechy<\/strong> <strong>materia\u0142u:<\/strong><br \/>\n*58% bawe\u0142na, 38% nylon, 4% lycra<br \/>\n*g\u0142\u0119bia koloru<\/p>\n<p>Modelka ma 167cm I nosi rozmiar XS na wzrost 158\/164 cm.<\/p>\n","protected":false},"excerpt":{"rendered":"<p><img loading=\"lazy\" decoding=\"async\" class=\"alignnone wp-image-24918\" src=\"https:\/\/secretuniform.pl\/wp-content\/uploads\/2024\/01\/SPODNIE-DAMSKIE-Z-PROSTA-NOGAWKA-158_164-CM-450x364.jpg\" alt=\"\" width=\"927\" height=\"748\" srcset=\"https:\/\/secretuniform.pl\/wp-content\/uploads\/2024\/01\/SPODNIE-DAMSKIE-Z-PROSTA-NOGAWKA-158_164-CM-450x364.jpg 450w, https:\/\/secretuniform.pl\/wp-content\/uploads\/2024\/01\/SPODNIE-DAMSKIE-Z-PROSTA-NOGAWKA-158_164-CM-600x485.jpg 600w\" sizes=\"auto, (max-width: 927px) 100vw, 927px\" \/> <img loading=\"lazy\" decoding=\"async\" class=\"alignnone wp-image-24920\" src=\"https:\/\/secretuniform.pl\/wp-content\/uploads\/2024\/01\/SPODNIE-DAMSKIE-Z-PROSTA-NOGAWKA-170-176-CM-450x364.jpg\" alt=\"\" width=\"1022\" height=\"825\" srcset=\"https:\/\/secretuniform.pl\/wp-content\/uploads\/2024\/01\/SPODNIE-DAMSKIE-Z-PROSTA-NOGAWKA-170-176-CM-450x364.jpg 450w, https:\/\/secretuniform.pl\/wp-content\/uploads\/2024\/01\/SPODNIE-DAMSKIE-Z-PROSTA-NOGAWKA-170-176-CM-1024x828.jpg 1024w, https:\/\/secretuniform.pl\/wp-content\/uploads\/2024\/01\/SPODNIE-DAMSKIE-Z-PROSTA-NOGAWKA-170-176-CM-600x485.jpg 600w\" sizes=\"auto, (max-width: 1022px) 100vw, 1022px\" \/><\/p>\n","protected":false},"featured_media":27021,"comment_status":"closed","ping_status":"closed","template":"","meta":[],"product_brand":[],"product_cat":[81,137,61,64],"product_tag":[],"class_list":{"0":"post-12295","1":"product","2":"type-product","3":"status-publish","4":"has-post-thumbnail","6":"product_cat-kolekcja-elegant-odziez-damska","7":"product_cat-koncowka-kolekcji","8":"product_cat-odziez-damska","9":"product_cat-spodnie-medyczne-damskie","11":"first","12":"instock","13":"sale","14":"taxable","15":"shipping-taxable","16":"purchasable","17":"product-type-variable","18":"add-to-wishlist-before_add_to_cart"},"yoast_head":"<!-- This site is optimized with the Yoast SEO plugin v27.4 - https:\/\/yoast.com\/product\/yoast-seo-wordpress\/ -->\n<title>Spodnie medyczne Granat - Secret Uniform<\/title>\n<meta name=\"robots\" content=\"index, follow, max-snippet:-1, max-image-preview:large, max-video-preview:-1\" \/>\n<link rel=\"canonical\" href=\"https:\/\/secretuniform.pl\/produkt\/spodnie-medyczne-glebia-granatu\/\" \/>\n<meta property=\"og:locale\" content=\"en_US\" \/>\n<meta property=\"og:type\" content=\"article\" \/>\n<meta property=\"og:title\" content=\"Spodnie medyczne Granat - Secret Uniform\" \/>\n<meta property=\"og:url\" content=\"https:\/\/secretuniform.pl\/produkt\/spodnie-medyczne-glebia-granatu\/\" \/>\n<meta property=\"og:site_name\" content=\"Secret Uniform\" \/>\n<meta property=\"article:modified_time\" content=\"2026-01-13T14:32:23+00:00\" \/>\n<meta property=\"og:image\" content=\"https:\/\/secretuniform.pl\/wp-content\/uploads\/2024\/01\/J25A2760-1-scaled.jpg\" \/>\n\t<meta property=\"og:image:width\" content=\"1707\" \/>\n\t<meta property=\"og:image:height\" content=\"2560\" \/>\n\t<meta property=\"og:image:type\" content=\"image\/jpeg\" \/>\n<meta name=\"twitter:card\" content=\"summary_large_image\" \/>\n<meta name=\"twitter:label1\" content=\"Est. reading time\" \/>\n\t<meta name=\"twitter:data1\" content=\"1 minute\" \/>\n<script type=\"application\/ld+json\" class=\"yoast-schema-graph\">{\"@context\":\"https:\\\/\\\/schema.org\",\"@graph\":[{\"@type\":\"WebPage\",\"@id\":\"https:\\\/\\\/secretuniform.pl\\\/produkt\\\/spodnie-medyczne-glebia-granatu\\\/\",\"url\":\"https:\\\/\\\/secretuniform.pl\\\/produkt\\\/spodnie-medyczne-glebia-granatu\\\/\",\"name\":\"Spodnie medyczne Granat - Secret Uniform\",\"isPartOf\":{\"@id\":\"https:\\\/\\\/secretuniform.pl\\\/en\\\/#website\"},\"primaryImageOfPage\":{\"@id\":\"https:\\\/\\\/secretuniform.pl\\\/produkt\\\/spodnie-medyczne-glebia-granatu\\\/#primaryimage\"},\"image\":{\"@id\":\"https:\\\/\\\/secretuniform.pl\\\/produkt\\\/spodnie-medyczne-glebia-granatu\\\/#primaryimage\"},\"thumbnailUrl\":\"https:\\\/\\\/secretuniform.pl\\\/wp-content\\\/uploads\\\/2024\\\/01\\\/J25A2760-1-scaled.jpg\",\"datePublished\":\"2024-01-28T11:49:18+00:00\",\"dateModified\":\"2026-01-13T14:32:23+00:00\",\"breadcrumb\":{\"@id\":\"https:\\\/\\\/secretuniform.pl\\\/produkt\\\/spodnie-medyczne-glebia-granatu\\\/#breadcrumb\"},\"inLanguage\":\"en-US\",\"potentialAction\":[{\"@type\":\"ReadAction\",\"target\":[\"https:\\\/\\\/secretuniform.pl\\\/produkt\\\/spodnie-medyczne-glebia-granatu\\\/\"]}]},{\"@type\":\"ImageObject\",\"inLanguage\":\"en-US\",\"@id\":\"https:\\\/\\\/secretuniform.pl\\\/produkt\\\/spodnie-medyczne-glebia-granatu\\\/#primaryimage\",\"url\":\"https:\\\/\\\/secretuniform.pl\\\/wp-content\\\/uploads\\\/2024\\\/01\\\/J25A2760-1-scaled.jpg\",\"contentUrl\":\"https:\\\/\\\/secretuniform.pl\\\/wp-content\\\/uploads\\\/2024\\\/01\\\/J25A2760-1-scaled.jpg\",\"width\":1707,\"height\":2560},{\"@type\":\"BreadcrumbList\",\"@id\":\"https:\\\/\\\/secretuniform.pl\\\/produkt\\\/spodnie-medyczne-glebia-granatu\\\/#breadcrumb\",\"itemListElement\":[{\"@type\":\"ListItem\",\"position\":1,\"name\":\"Strona g\u0142\u00f3wna\",\"item\":\"https:\\\/\\\/secretuniform.pl\\\/\"},{\"@type\":\"ListItem\",\"position\":2,\"name\":\"Shop\",\"item\":\"https:\\\/\\\/secretuniform.pl\\\/en\\\/shop\\\/\"},{\"@type\":\"ListItem\",\"position\":3,\"name\":\"Spodnie medyczne Granat\"}]},{\"@type\":\"WebSite\",\"@id\":\"https:\\\/\\\/secretuniform.pl\\\/en\\\/#website\",\"url\":\"https:\\\/\\\/secretuniform.pl\\\/en\\\/\",\"name\":\"Secret Uniform\",\"description\":\"Znajd\u017a idealny Uniform do Twojej Pracy\",\"potentialAction\":[{\"@type\":\"SearchAction\",\"target\":{\"@type\":\"EntryPoint\",\"urlTemplate\":\"https:\\\/\\\/secretuniform.pl\\\/en\\\/?s={search_term_string}\"},\"query-input\":{\"@type\":\"PropertyValueSpecification\",\"valueRequired\":true,\"valueName\":\"search_term_string\"}}],\"inLanguage\":\"en-US\"}]}<\/script>\n<!-- \/ Yoast SEO plugin. -->","yoast_head_json":{"title":"Spodnie medyczne Granat - Secret Uniform","robots":{"index":"index","follow":"follow","max-snippet":"max-snippet:-1","max-image-preview":"max-image-preview:large","max-video-preview":"max-video-preview:-1"},"canonical":"https:\/\/secretuniform.pl\/produkt\/spodnie-medyczne-glebia-granatu\/","og_locale":"en_US","og_type":"article","og_title":"Spodnie medyczne Granat - Secret Uniform","og_url":"https:\/\/secretuniform.pl\/produkt\/spodnie-medyczne-glebia-granatu\/","og_site_name":"Secret Uniform","article_modified_time":"2026-01-13T14:32:23+00:00","og_image":[{"width":1707,"height":2560,"url":"https:\/\/secretuniform.pl\/wp-content\/uploads\/2024\/01\/J25A2760-1-scaled.jpg","type":"image\/jpeg"}],"twitter_card":"summary_large_image","twitter_misc":{"Est. reading time":"1 minute"},"schema":{"@context":"https:\/\/schema.org","@graph":[{"@type":"WebPage","@id":"https:\/\/secretuniform.pl\/produkt\/spodnie-medyczne-glebia-granatu\/","url":"https:\/\/secretuniform.pl\/produkt\/spodnie-medyczne-glebia-granatu\/","name":"Spodnie medyczne Granat - Secret Uniform","isPartOf":{"@id":"https:\/\/secretuniform.pl\/en\/#website"},"primaryImageOfPage":{"@id":"https:\/\/secretuniform.pl\/produkt\/spodnie-medyczne-glebia-granatu\/#primaryimage"},"image":{"@id":"https:\/\/secretuniform.pl\/produkt\/spodnie-medyczne-glebia-granatu\/#primaryimage"},"thumbnailUrl":"https:\/\/secretuniform.pl\/wp-content\/uploads\/2024\/01\/J25A2760-1-scaled.jpg","datePublished":"2024-01-28T11:49:18+00:00","dateModified":"2026-01-13T14:32:23+00:00","breadcrumb":{"@id":"https:\/\/secretuniform.pl\/produkt\/spodnie-medyczne-glebia-granatu\/#breadcrumb"},"inLanguage":"en-US","potentialAction":[{"@type":"ReadAction","target":["https:\/\/secretuniform.pl\/produkt\/spodnie-medyczne-glebia-granatu\/"]}]},{"@type":"ImageObject","inLanguage":"en-US","@id":"https:\/\/secretuniform.pl\/produkt\/spodnie-medyczne-glebia-granatu\/#primaryimage","url":"https:\/\/secretuniform.pl\/wp-content\/uploads\/2024\/01\/J25A2760-1-scaled.jpg","contentUrl":"https:\/\/secretuniform.pl\/wp-content\/uploads\/2024\/01\/J25A2760-1-scaled.jpg","width":1707,"height":2560},{"@type":"BreadcrumbList","@id":"https:\/\/secretuniform.pl\/produkt\/spodnie-medyczne-glebia-granatu\/#breadcrumb","itemListElement":[{"@type":"ListItem","position":1,"name":"Strona g\u0142\u00f3wna","item":"https:\/\/secretuniform.pl\/"},{"@type":"ListItem","position":2,"name":"Shop","item":"https:\/\/secretuniform.pl\/en\/shop\/"},{"@type":"ListItem","position":3,"name":"Spodnie medyczne Granat"}]},{"@type":"WebSite","@id":"https:\/\/secretuniform.pl\/en\/#website","url":"https:\/\/secretuniform.pl\/en\/","name":"Secret Uniform","description":"Znajd\u017a idealny Uniform do Twojej Pracy","potentialAction":[{"@type":"SearchAction","target":{"@type":"EntryPoint","urlTemplate":"https:\/\/secretuniform.pl\/en\/?s={search_term_string}"},"query-input":{"@type":"PropertyValueSpecification","valueRequired":true,"valueName":"search_term_string"}}],"inLanguage":"en-US"}]}},"_links":{"self":[{"href":"https:\/\/secretuniform.pl\/en\/wp-json\/wp\/v2\/product\/12295","targetHints":{"allow":["GET"]}}],"collection":[{"href":"https:\/\/secretuniform.pl\/en\/wp-json\/wp\/v2\/product"}],"about":[{"href":"https:\/\/secretuniform.pl\/en\/wp-json\/wp\/v2\/types\/product"}],"replies":[{"embeddable":true,"href":"https:\/\/secretuniform.pl\/en\/wp-json\/wp\/v2\/comments?post=12295"}],"wp:featuredmedia":[{"embeddable":true,"href":"https:\/\/secretuniform.pl\/en\/wp-json\/wp\/v2\/media\/27021"}],"wp:attachment":[{"href":"https:\/\/secretuniform.pl\/en\/wp-json\/wp\/v2\/media?parent=12295"}],"wp:term":[{"taxonomy":"product_brand","embeddable":true,"href":"https:\/\/secretuniform.pl\/en\/wp-json\/wp\/v2\/product_brand?post=12295"},{"taxonomy":"product_cat","embeddable":true,"href":"https:\/\/secretuniform.pl\/en\/wp-json\/wp\/v2\/product_cat?post=12295"},{"taxonomy":"product_tag","embeddable":true,"href":"https:\/\/secretuniform.pl\/en\/wp-json\/wp\/v2\/product_tag?post=12295"}],"curies":[{"name":"wp","href":"https:\/\/api.w.org\/{rel}","templated":true}]}}