{"id":12442,"date":"2024-01-28T16:02:25","date_gmt":"2024-01-28T15:02:25","guid":{"rendered":"https:\/\/secretuniform.pl\/?post_type=product&#038;p=12442"},"modified":"2026-04-17T14:04:58","modified_gmt":"2026-04-17T12:04:58","slug":"sukienka-aylin-long-sniezna-biel","status":"publish","type":"product","link":"https:\/\/secretuniform.pl\/en\/produkt\/sukienka-aylin-long-sniezna-biel\/","title":{"rendered":"Sukienka Aylin \u015anie\u017cna Biel S,M,L,XXL,XXXL"},"content":{"rendered":"<p><strong style=\"color: #3a261e; font-family: var(--h1-font-family); font-size: max(1.5rem, 1.5vw); font-style: var(--h1-font-style); letter-spacing: 0em; text-transform: var(--h1-text-transform);\">Stylowa d\u0142uga sukienka medyczna \u2013 elegancja i komfort w pracy<\/strong><\/p>\n<p><strong>Nowoczesny design, dopasowanie<\/strong> oraz <strong>funkcjonalno\u015b\u0107<\/strong> to cechy sukienki medycznej AYLIN. Elegancja i wygoda to kluczowe cechy naszej odzie\u017cy do pracy. Zapewnia <strong>swobod\u0119 ruch\u00f3w<\/strong>, a taliowany fason oraz wi\u0105zanie w pasie subtelnie podkre\u015blaj\u0105 sylwetk\u0119, dodaj\u0105c kobiecego charakteru.<\/p>\n<h6><strong>Informacje o produkcie:<\/strong><\/h6>\n<p><img decoding=\"async\" class=\"emoji\" role=\"img\" draggable=\"false\" src=\"https:\/\/s.w.org\/images\/core\/emoji\/15.0.3\/svg\/2714.svg\" alt=\"\u2714\" \/> Dopasowany, kobiecy kr\u00f3j<br \/>\n<img decoding=\"async\" class=\"emoji\" role=\"img\" draggable=\"false\" src=\"https:\/\/s.w.org\/images\/core\/emoji\/15.0.3\/svg\/2714.svg\" alt=\"\u2714\" \/> Oddychaj\u0105ca tkanina PREMIUM<br \/>\n<img decoding=\"async\" class=\"emoji\" role=\"img\" draggable=\"false\" src=\"https:\/\/s.w.org\/images\/core\/emoji\/15.0.3\/svg\/2714.svg\" alt=\"\u2714\" \/> Wi\u0105zanie w talii podkre\u015blaj\u0105ce sylwetk\u0119<br \/>\n<img decoding=\"async\" class=\"emoji\" role=\"img\" draggable=\"false\" src=\"https:\/\/s.w.org\/images\/core\/emoji\/15.0.3\/svg\/2714.svg\" alt=\"\u2714\" \/> Elegancki szalowy ko\u0142nierz<br \/>\n<img decoding=\"async\" class=\"emoji\" role=\"img\" draggable=\"false\" src=\"https:\/\/s.w.org\/images\/core\/emoji\/15.0.3\/svg\/2714.svg\" alt=\"\u2714\" \/> Dwie kieszenie ukryte w bocznym szwie<br \/>\n<img decoding=\"async\" class=\"emoji\" role=\"img\" draggable=\"false\" src=\"https:\/\/s.w.org\/images\/core\/emoji\/15.0.3\/svg\/2714.svg\" alt=\"\u2714\" \/> Zwiewny fason zapewniaj\u0105cy swobod\u0119 ruch\u00f3w<br \/>\n<img decoding=\"async\" class=\"emoji\" role=\"img\" draggable=\"false\" src=\"https:\/\/s.w.org\/images\/core\/emoji\/15.0.3\/svg\/2714.svg\" alt=\"\u2714\" \/> D\u0142ugo\u015b\u0107 midi, idealna do pracy<\/p>\n<h6><strong>Materia\u0142, kt\u00f3ry pracuje razem z Tob\u0105:<\/strong><\/h6>\n<p><img decoding=\"async\" class=\"emoji\" role=\"img\" draggable=\"false\" src=\"https:\/\/s.w.org\/images\/core\/emoji\/15.0.3\/svg\/2714.svg\" alt=\"\u2714\" \/> <strong>Oddychaj\u0105cy i lekki<\/strong> \u2013 doskona\u0142a cyrkulacja powietrza przez ca\u0142y dzie\u0144.<br \/>\n<img decoding=\"async\" class=\"emoji\" role=\"img\" draggable=\"false\" src=\"https:\/\/s.w.org\/images\/core\/emoji\/15.0.3\/svg\/2714.svg\" alt=\"\u2714\" \/> <strong>Mi\u0119kki i trwa\u0142y<\/strong> \u2013 odporny na mechacenie, \u0142atwy w piel\u0119gnacji.<br \/>\n<img decoding=\"async\" class=\"emoji\" role=\"img\" draggable=\"false\" src=\"https:\/\/s.w.org\/images\/core\/emoji\/15.0.3\/svg\/2714.svg\" alt=\"\u2714\" \/> <strong>Trwa\u0142y kolor<\/strong> \u2013 zachowuje nienaganny wygl\u0105d nawet po wielu praniach.<br \/>\n<img decoding=\"async\" class=\"emoji\" role=\"img\" draggable=\"false\" src=\"https:\/\/s.w.org\/images\/core\/emoji\/15.0.3\/svg\/2714.svg\" alt=\"\u2714\" \/> <strong>Staranna produkcja w Polsce<\/strong> \u2013 gwarancja najwy\u017cszej jako\u015bci wykonania<\/p>\n<h6><strong>Cechy<\/strong> <strong>materia\u0142u:<\/strong><\/h6>\n<p><strong><img decoding=\"async\" class=\"emoji\" role=\"img\" draggable=\"false\" src=\"https:\/\/s.w.org\/images\/core\/emoji\/15.0.3\/svg\/2714.svg\" alt=\"\u2714\" \/> poliester 59%, wiskoza 37%, lycra 4%.<\/strong><br \/>\n<strong><img decoding=\"async\" class=\"emoji\" role=\"img\" draggable=\"false\" src=\"https:\/\/s.w.org\/images\/core\/emoji\/15.0.3\/svg\/2714.svg\" alt=\"\u2714\" \/> g\u0142\u0119bia koloru<\/strong><\/p>\n<h6><strong>Inne dost\u0119pne kolory:\u00a0<\/strong><\/h6>\n<p><strong><img decoding=\"async\" class=\"emoji\" role=\"img\" draggable=\"false\" src=\"https:\/\/s.w.org\/images\/core\/emoji\/15.0.3\/svg\/2714.svg\" alt=\"\u2714\" \/>Czer\u0144<\/strong><\/p>\n","protected":false},"excerpt":{"rendered":"<p><img loading=\"lazy\" decoding=\"async\" class=\"alignnone wp-image-12443\" src=\"https:\/\/secretuniform.pl\/wp-content\/uploads\/2024\/01\/UNIFORM-AYLIN-PL-300x108.jpg\" alt=\"\" width=\"872\" height=\"314\" srcset=\"https:\/\/secretuniform.pl\/wp-content\/uploads\/2024\/01\/UNIFORM-AYLIN-PL-300x108.jpg 300w, https:\/\/secretuniform.pl\/wp-content\/uploads\/2024\/01\/UNIFORM-AYLIN-PL-scaled-600x216.jpg 600w, https:\/\/secretuniform.pl\/wp-content\/uploads\/2024\/01\/UNIFORM-AYLIN-PL-1024x369.jpg 1024w, https:\/\/secretuniform.pl\/wp-content\/uploads\/2024\/01\/UNIFORM-AYLIN-PL-450x162.jpg 450w\" sizes=\"auto, (max-width: 872px) 100vw, 872px\" \/><\/p>\n","protected":false},"featured_media":23274,"comment_status":"closed","ping_status":"closed","template":"","meta":[],"product_brand":[],"product_cat":[75,81,137,61,29],"product_tag":[],"class_list":{"0":"post-12442","1":"product","2":"type-product","3":"status-publish","4":"has-post-thumbnail","6":"product_cat-bestsellery","7":"product_cat-kolekcja-elegant-odziez-damska","8":"product_cat-koncowka-kolekcji","9":"product_cat-odziez-damska","10":"product_cat-uniformy-medyczne","12":"first","13":"instock","14":"sale","15":"taxable","16":"shipping-taxable","17":"purchasable","18":"product-type-variable","19":"add-to-wishlist-before_add_to_cart"},"yoast_head":"<!-- This site is optimized with the Yoast SEO plugin v27.4 - https:\/\/yoast.com\/product\/yoast-seo-wordpress\/ -->\n<title>Sukienka Aylin \u015anie\u017cna Biel S,M,L,XXL,XXXL - Secret Uniform<\/title>\n<meta name=\"robots\" content=\"index, follow, max-snippet:-1, max-image-preview:large, max-video-preview:-1\" \/>\n<link rel=\"canonical\" href=\"https:\/\/secretuniform.pl\/produkt\/sukienka-aylin-long-sniezna-biel\/\" \/>\n<meta property=\"og:locale\" content=\"en_US\" \/>\n<meta property=\"og:type\" content=\"article\" \/>\n<meta property=\"og:title\" content=\"Sukienka Aylin \u015anie\u017cna Biel S,M,L,XXL,XXXL - Secret Uniform\" \/>\n<meta property=\"og:url\" content=\"https:\/\/secretuniform.pl\/produkt\/sukienka-aylin-long-sniezna-biel\/\" \/>\n<meta property=\"og:site_name\" content=\"Secret Uniform\" \/>\n<meta property=\"article:modified_time\" content=\"2026-04-17T12:04:58+00:00\" \/>\n<meta property=\"og:image\" content=\"https:\/\/secretuniform.pl\/wp-content\/uploads\/2024\/01\/J25A3561-scaled.jpg\" \/>\n\t<meta property=\"og:image:width\" content=\"1707\" \/>\n\t<meta property=\"og:image:height\" content=\"2560\" \/>\n\t<meta property=\"og:image:type\" content=\"image\/jpeg\" \/>\n<meta name=\"twitter:card\" content=\"summary_large_image\" \/>\n<meta name=\"twitter:label1\" content=\"Est. reading time\" \/>\n\t<meta name=\"twitter:data1\" content=\"4 minutes\" \/>\n<script type=\"application\/ld+json\" class=\"yoast-schema-graph\">{\"@context\":\"https:\\\/\\\/schema.org\",\"@graph\":[{\"@type\":\"WebPage\",\"@id\":\"https:\\\/\\\/secretuniform.pl\\\/produkt\\\/sukienka-aylin-long-sniezna-biel\\\/\",\"url\":\"https:\\\/\\\/secretuniform.pl\\\/produkt\\\/sukienka-aylin-long-sniezna-biel\\\/\",\"name\":\"Sukienka Aylin \u015anie\u017cna Biel S,M,L,XXL,XXXL - Secret Uniform\",\"isPartOf\":{\"@id\":\"https:\\\/\\\/secretuniform.pl\\\/en\\\/#website\"},\"primaryImageOfPage\":{\"@id\":\"https:\\\/\\\/secretuniform.pl\\\/produkt\\\/sukienka-aylin-long-sniezna-biel\\\/#primaryimage\"},\"image\":{\"@id\":\"https:\\\/\\\/secretuniform.pl\\\/produkt\\\/sukienka-aylin-long-sniezna-biel\\\/#primaryimage\"},\"thumbnailUrl\":\"https:\\\/\\\/secretuniform.pl\\\/wp-content\\\/uploads\\\/2024\\\/01\\\/J25A3561-scaled.jpg\",\"datePublished\":\"2024-01-28T15:02:25+00:00\",\"dateModified\":\"2026-04-17T12:04:58+00:00\",\"breadcrumb\":{\"@id\":\"https:\\\/\\\/secretuniform.pl\\\/produkt\\\/sukienka-aylin-long-sniezna-biel\\\/#breadcrumb\"},\"inLanguage\":\"en-US\",\"potentialAction\":[{\"@type\":\"ReadAction\",\"target\":[\"https:\\\/\\\/secretuniform.pl\\\/produkt\\\/sukienka-aylin-long-sniezna-biel\\\/\"]}]},{\"@type\":\"ImageObject\",\"inLanguage\":\"en-US\",\"@id\":\"https:\\\/\\\/secretuniform.pl\\\/produkt\\\/sukienka-aylin-long-sniezna-biel\\\/#primaryimage\",\"url\":\"https:\\\/\\\/secretuniform.pl\\\/wp-content\\\/uploads\\\/2024\\\/01\\\/J25A3561-scaled.jpg\",\"contentUrl\":\"https:\\\/\\\/secretuniform.pl\\\/wp-content\\\/uploads\\\/2024\\\/01\\\/J25A3561-scaled.jpg\",\"width\":1707,\"height\":2560},{\"@type\":\"BreadcrumbList\",\"@id\":\"https:\\\/\\\/secretuniform.pl\\\/produkt\\\/sukienka-aylin-long-sniezna-biel\\\/#breadcrumb\",\"itemListElement\":[{\"@type\":\"ListItem\",\"position\":1,\"name\":\"Strona g\u0142\u00f3wna\",\"item\":\"https:\\\/\\\/secretuniform.pl\\\/\"},{\"@type\":\"ListItem\",\"position\":2,\"name\":\"Shop\",\"item\":\"https:\\\/\\\/secretuniform.pl\\\/en\\\/shop\\\/\"},{\"@type\":\"ListItem\",\"position\":3,\"name\":\"Sukienka Aylin \u015anie\u017cna Biel S,M,L,XXL,XXXL\"}]},{\"@type\":\"WebSite\",\"@id\":\"https:\\\/\\\/secretuniform.pl\\\/en\\\/#website\",\"url\":\"https:\\\/\\\/secretuniform.pl\\\/en\\\/\",\"name\":\"Secret Uniform\",\"description\":\"Znajd\u017a idealny Uniform do Twojej Pracy\",\"potentialAction\":[{\"@type\":\"SearchAction\",\"target\":{\"@type\":\"EntryPoint\",\"urlTemplate\":\"https:\\\/\\\/secretuniform.pl\\\/en\\\/?s={search_term_string}\"},\"query-input\":{\"@type\":\"PropertyValueSpecification\",\"valueRequired\":true,\"valueName\":\"search_term_string\"}}],\"inLanguage\":\"en-US\"}]}<\/script>\n<!-- \/ Yoast SEO plugin. -->","yoast_head_json":{"title":"Sukienka Aylin \u015anie\u017cna Biel S,M,L,XXL,XXXL - Secret Uniform","robots":{"index":"index","follow":"follow","max-snippet":"max-snippet:-1","max-image-preview":"max-image-preview:large","max-video-preview":"max-video-preview:-1"},"canonical":"https:\/\/secretuniform.pl\/produkt\/sukienka-aylin-long-sniezna-biel\/","og_locale":"en_US","og_type":"article","og_title":"Sukienka Aylin \u015anie\u017cna Biel S,M,L,XXL,XXXL - Secret Uniform","og_url":"https:\/\/secretuniform.pl\/produkt\/sukienka-aylin-long-sniezna-biel\/","og_site_name":"Secret Uniform","article_modified_time":"2026-04-17T12:04:58+00:00","og_image":[{"width":1707,"height":2560,"url":"https:\/\/secretuniform.pl\/wp-content\/uploads\/2024\/01\/J25A3561-scaled.jpg","type":"image\/jpeg"}],"twitter_card":"summary_large_image","twitter_misc":{"Est. reading time":"4 minutes"},"schema":{"@context":"https:\/\/schema.org","@graph":[{"@type":"WebPage","@id":"https:\/\/secretuniform.pl\/produkt\/sukienka-aylin-long-sniezna-biel\/","url":"https:\/\/secretuniform.pl\/produkt\/sukienka-aylin-long-sniezna-biel\/","name":"Sukienka Aylin \u015anie\u017cna Biel S,M,L,XXL,XXXL - Secret Uniform","isPartOf":{"@id":"https:\/\/secretuniform.pl\/en\/#website"},"primaryImageOfPage":{"@id":"https:\/\/secretuniform.pl\/produkt\/sukienka-aylin-long-sniezna-biel\/#primaryimage"},"image":{"@id":"https:\/\/secretuniform.pl\/produkt\/sukienka-aylin-long-sniezna-biel\/#primaryimage"},"thumbnailUrl":"https:\/\/secretuniform.pl\/wp-content\/uploads\/2024\/01\/J25A3561-scaled.jpg","datePublished":"2024-01-28T15:02:25+00:00","dateModified":"2026-04-17T12:04:58+00:00","breadcrumb":{"@id":"https:\/\/secretuniform.pl\/produkt\/sukienka-aylin-long-sniezna-biel\/#breadcrumb"},"inLanguage":"en-US","potentialAction":[{"@type":"ReadAction","target":["https:\/\/secretuniform.pl\/produkt\/sukienka-aylin-long-sniezna-biel\/"]}]},{"@type":"ImageObject","inLanguage":"en-US","@id":"https:\/\/secretuniform.pl\/produkt\/sukienka-aylin-long-sniezna-biel\/#primaryimage","url":"https:\/\/secretuniform.pl\/wp-content\/uploads\/2024\/01\/J25A3561-scaled.jpg","contentUrl":"https:\/\/secretuniform.pl\/wp-content\/uploads\/2024\/01\/J25A3561-scaled.jpg","width":1707,"height":2560},{"@type":"BreadcrumbList","@id":"https:\/\/secretuniform.pl\/produkt\/sukienka-aylin-long-sniezna-biel\/#breadcrumb","itemListElement":[{"@type":"ListItem","position":1,"name":"Strona g\u0142\u00f3wna","item":"https:\/\/secretuniform.pl\/"},{"@type":"ListItem","position":2,"name":"Shop","item":"https:\/\/secretuniform.pl\/en\/shop\/"},{"@type":"ListItem","position":3,"name":"Sukienka Aylin \u015anie\u017cna Biel S,M,L,XXL,XXXL"}]},{"@type":"WebSite","@id":"https:\/\/secretuniform.pl\/en\/#website","url":"https:\/\/secretuniform.pl\/en\/","name":"Secret Uniform","description":"Znajd\u017a idealny Uniform do Twojej Pracy","potentialAction":[{"@type":"SearchAction","target":{"@type":"EntryPoint","urlTemplate":"https:\/\/secretuniform.pl\/en\/?s={search_term_string}"},"query-input":{"@type":"PropertyValueSpecification","valueRequired":true,"valueName":"search_term_string"}}],"inLanguage":"en-US"}]}},"_links":{"self":[{"href":"https:\/\/secretuniform.pl\/en\/wp-json\/wp\/v2\/product\/12442","targetHints":{"allow":["GET"]}}],"collection":[{"href":"https:\/\/secretuniform.pl\/en\/wp-json\/wp\/v2\/product"}],"about":[{"href":"https:\/\/secretuniform.pl\/en\/wp-json\/wp\/v2\/types\/product"}],"replies":[{"embeddable":true,"href":"https:\/\/secretuniform.pl\/en\/wp-json\/wp\/v2\/comments?post=12442"}],"wp:featuredmedia":[{"embeddable":true,"href":"https:\/\/secretuniform.pl\/en\/wp-json\/wp\/v2\/media\/23274"}],"wp:attachment":[{"href":"https:\/\/secretuniform.pl\/en\/wp-json\/wp\/v2\/media?parent=12442"}],"wp:term":[{"taxonomy":"product_brand","embeddable":true,"href":"https:\/\/secretuniform.pl\/en\/wp-json\/wp\/v2\/product_brand?post=12442"},{"taxonomy":"product_cat","embeddable":true,"href":"https:\/\/secretuniform.pl\/en\/wp-json\/wp\/v2\/product_cat?post=12442"},{"taxonomy":"product_tag","embeddable":true,"href":"https:\/\/secretuniform.pl\/en\/wp-json\/wp\/v2\/product_tag?post=12442"}],"curies":[{"name":"wp","href":"https:\/\/api.w.org\/{rel}","templated":true}]}}