{"id":12466,"date":"2024-01-28T16:29:36","date_gmt":"2024-01-28T15:29:36","guid":{"rendered":"https:\/\/secretuniform.pl\/?post_type=product&#038;p=12466"},"modified":"2026-04-16T14:31:12","modified_gmt":"2026-04-16T12:31:12","slug":"sukienka-aylin-karmelove","status":"publish","type":"product","link":"https:\/\/secretuniform.pl\/en\/produkt\/sukienka-aylin-karmelove\/","title":{"rendered":"Sukienka Aylin KARMELOVE XL, XXL"},"content":{"rendered":"<p>Elegancja i wygoda to najwa\u017cniejsze aspekty przy tworzeniu ubra\u0144 do pracy. Zaprojektowana przez nas odzie\u017c stanowi bardzo wygodny zestaw, w kt\u00f3rym poczujesz si\u0119 swobodnie i komfortowo.<\/p>\n<p><strong>Informacje o produkcie:<\/strong><br \/>\n*dopasowany kr\u00f3j<br \/>\n*oddychaj\u0105ca tkanina PREMIUM<br \/>\n*wi\u0105zany pasem w talii<br \/>\n*elegancki szalowy ko\u0142nierz<br \/>\n*dwie kieszenie ukryte w bocznym szwie<br \/>\n*bufiaste r\u0119kawy 3\/4<br \/>\n*o\u0142\u00f3wkowy kr\u00f3j<\/p>\n<p><strong>Cechy<\/strong> <strong>materia\u0142u:<\/strong><br \/>\n*poliester 59%, wiskoza 37%, lycra 4%.<br \/>\n*g\u0142\u0119bia koloru<\/p>\n<p>Modelka ma 173 cm wzrostu i nosi rozmiar XS<\/p>\n<p>Do idealnego uzupe\u0142nienia stylizacji polecamy spodnie medyczne lub klasyczne spodnie ze slimowan\u0105 nogawk\u0105 z tej samej kolekcji. Dodatkowo w naszej ofercie dost\u0119pne s\u0105 czepki medyczne.\u00a0Skomponuj z nami pi\u0119kn\u0105 i uniwersaln\u0105 garderob\u0119 do pracy!<br \/>\nG\u0142\u0119bia pi\u0119knych kolor\u00f3w sprawi, \u017ce poczujesz si\u0119 wyj\u0105tkowo w oferowanej przez nas odzie\u017cy. Pami\u0119taj, \u017ce wszystkie nasze produkty s\u0105 szyte w Polsce.<\/p>\n","protected":false},"excerpt":{"rendered":"<p><img loading=\"lazy\" decoding=\"async\" class=\"alignnone wp-image-12443\" src=\"https:\/\/secretuniform.pl\/wp-content\/uploads\/2024\/01\/UNIFORM-AYLIN-PL-300x108.jpg\" alt=\"\" width=\"922\" height=\"332\" srcset=\"https:\/\/secretuniform.pl\/wp-content\/uploads\/2024\/01\/UNIFORM-AYLIN-PL-300x108.jpg 300w, https:\/\/secretuniform.pl\/wp-content\/uploads\/2024\/01\/UNIFORM-AYLIN-PL-scaled-600x216.jpg 600w, https:\/\/secretuniform.pl\/wp-content\/uploads\/2024\/01\/UNIFORM-AYLIN-PL-1024x369.jpg 1024w, https:\/\/secretuniform.pl\/wp-content\/uploads\/2024\/01\/UNIFORM-AYLIN-PL-450x162.jpg 450w\" sizes=\"auto, (max-width: 922px) 100vw, 922px\" \/><\/p>\n","protected":false},"featured_media":19462,"comment_status":"closed","ping_status":"closed","template":"","meta":[],"product_brand":[],"product_cat":[81,137,61,29],"product_tag":[],"class_list":{"0":"post-12466","1":"product","2":"type-product","3":"status-publish","4":"has-post-thumbnail","6":"product_cat-kolekcja-elegant-odziez-damska","7":"product_cat-koncowka-kolekcji","8":"product_cat-odziez-damska","9":"product_cat-uniformy-medyczne","11":"first","12":"instock","13":"sale","14":"taxable","15":"shipping-taxable","16":"purchasable","17":"product-type-variable","18":"add-to-wishlist-before_add_to_cart"},"yoast_head":"<!-- This site is optimized with the Yoast SEO plugin v27.4 - https:\/\/yoast.com\/product\/yoast-seo-wordpress\/ -->\n<title>Sukienka Aylin KARMELOVE XL, XXL - Secret Uniform<\/title>\n<meta name=\"robots\" content=\"index, follow, max-snippet:-1, max-image-preview:large, max-video-preview:-1\" \/>\n<link rel=\"canonical\" href=\"https:\/\/secretuniform.pl\/produkt\/sukienka-aylin-karmelove\/\" \/>\n<meta property=\"og:locale\" content=\"en_US\" \/>\n<meta property=\"og:type\" content=\"article\" \/>\n<meta property=\"og:title\" content=\"Sukienka Aylin KARMELOVE XL, XXL - Secret Uniform\" \/>\n<meta property=\"og:url\" content=\"https:\/\/secretuniform.pl\/produkt\/sukienka-aylin-karmelove\/\" \/>\n<meta property=\"og:site_name\" content=\"Secret Uniform\" \/>\n<meta property=\"article:modified_time\" content=\"2026-04-16T12:31:12+00:00\" \/>\n<meta property=\"og:image\" content=\"https:\/\/secretuniform.pl\/wp-content\/uploads\/2024\/01\/adadsdBez-nazwy-3.png\" \/>\n\t<meta property=\"og:image:width\" content=\"819\" \/>\n\t<meta property=\"og:image:height\" content=\"1024\" \/>\n\t<meta property=\"og:image:type\" content=\"image\/png\" \/>\n<meta name=\"twitter:card\" content=\"summary_large_image\" \/>\n<meta name=\"twitter:label1\" content=\"Est. reading time\" \/>\n\t<meta name=\"twitter:data1\" content=\"1 minute\" \/>\n<script type=\"application\/ld+json\" class=\"yoast-schema-graph\">{\"@context\":\"https:\\\/\\\/schema.org\",\"@graph\":[{\"@type\":\"WebPage\",\"@id\":\"https:\\\/\\\/secretuniform.pl\\\/produkt\\\/sukienka-aylin-karmelove\\\/\",\"url\":\"https:\\\/\\\/secretuniform.pl\\\/produkt\\\/sukienka-aylin-karmelove\\\/\",\"name\":\"Sukienka Aylin KARMELOVE XL, XXL - Secret Uniform\",\"isPartOf\":{\"@id\":\"https:\\\/\\\/secretuniform.pl\\\/en\\\/#website\"},\"primaryImageOfPage\":{\"@id\":\"https:\\\/\\\/secretuniform.pl\\\/produkt\\\/sukienka-aylin-karmelove\\\/#primaryimage\"},\"image\":{\"@id\":\"https:\\\/\\\/secretuniform.pl\\\/produkt\\\/sukienka-aylin-karmelove\\\/#primaryimage\"},\"thumbnailUrl\":\"https:\\\/\\\/secretuniform.pl\\\/wp-content\\\/uploads\\\/2024\\\/01\\\/adadsdBez-nazwy-3.png\",\"datePublished\":\"2024-01-28T15:29:36+00:00\",\"dateModified\":\"2026-04-16T12:31:12+00:00\",\"breadcrumb\":{\"@id\":\"https:\\\/\\\/secretuniform.pl\\\/produkt\\\/sukienka-aylin-karmelove\\\/#breadcrumb\"},\"inLanguage\":\"en-US\",\"potentialAction\":[{\"@type\":\"ReadAction\",\"target\":[\"https:\\\/\\\/secretuniform.pl\\\/produkt\\\/sukienka-aylin-karmelove\\\/\"]}]},{\"@type\":\"ImageObject\",\"inLanguage\":\"en-US\",\"@id\":\"https:\\\/\\\/secretuniform.pl\\\/produkt\\\/sukienka-aylin-karmelove\\\/#primaryimage\",\"url\":\"https:\\\/\\\/secretuniform.pl\\\/wp-content\\\/uploads\\\/2024\\\/01\\\/adadsdBez-nazwy-3.png\",\"contentUrl\":\"https:\\\/\\\/secretuniform.pl\\\/wp-content\\\/uploads\\\/2024\\\/01\\\/adadsdBez-nazwy-3.png\",\"width\":819,\"height\":1024},{\"@type\":\"BreadcrumbList\",\"@id\":\"https:\\\/\\\/secretuniform.pl\\\/produkt\\\/sukienka-aylin-karmelove\\\/#breadcrumb\",\"itemListElement\":[{\"@type\":\"ListItem\",\"position\":1,\"name\":\"Strona g\u0142\u00f3wna\",\"item\":\"https:\\\/\\\/secretuniform.pl\\\/\"},{\"@type\":\"ListItem\",\"position\":2,\"name\":\"Shop\",\"item\":\"https:\\\/\\\/secretuniform.pl\\\/en\\\/shop\\\/\"},{\"@type\":\"ListItem\",\"position\":3,\"name\":\"Sukienka Aylin KARMELOVE XL, XXL\"}]},{\"@type\":\"WebSite\",\"@id\":\"https:\\\/\\\/secretuniform.pl\\\/en\\\/#website\",\"url\":\"https:\\\/\\\/secretuniform.pl\\\/en\\\/\",\"name\":\"Secret Uniform\",\"description\":\"Znajd\u017a idealny Uniform do Twojej Pracy\",\"potentialAction\":[{\"@type\":\"SearchAction\",\"target\":{\"@type\":\"EntryPoint\",\"urlTemplate\":\"https:\\\/\\\/secretuniform.pl\\\/en\\\/?s={search_term_string}\"},\"query-input\":{\"@type\":\"PropertyValueSpecification\",\"valueRequired\":true,\"valueName\":\"search_term_string\"}}],\"inLanguage\":\"en-US\"}]}<\/script>\n<!-- \/ Yoast SEO plugin. -->","yoast_head_json":{"title":"Sukienka Aylin KARMELOVE XL, XXL - Secret Uniform","robots":{"index":"index","follow":"follow","max-snippet":"max-snippet:-1","max-image-preview":"max-image-preview:large","max-video-preview":"max-video-preview:-1"},"canonical":"https:\/\/secretuniform.pl\/produkt\/sukienka-aylin-karmelove\/","og_locale":"en_US","og_type":"article","og_title":"Sukienka Aylin KARMELOVE XL, XXL - Secret Uniform","og_url":"https:\/\/secretuniform.pl\/produkt\/sukienka-aylin-karmelove\/","og_site_name":"Secret Uniform","article_modified_time":"2026-04-16T12:31:12+00:00","og_image":[{"width":819,"height":1024,"url":"https:\/\/secretuniform.pl\/wp-content\/uploads\/2024\/01\/adadsdBez-nazwy-3.png","type":"image\/png"}],"twitter_card":"summary_large_image","twitter_misc":{"Est. reading time":"1 minute"},"schema":{"@context":"https:\/\/schema.org","@graph":[{"@type":"WebPage","@id":"https:\/\/secretuniform.pl\/produkt\/sukienka-aylin-karmelove\/","url":"https:\/\/secretuniform.pl\/produkt\/sukienka-aylin-karmelove\/","name":"Sukienka Aylin KARMELOVE XL, XXL - Secret Uniform","isPartOf":{"@id":"https:\/\/secretuniform.pl\/en\/#website"},"primaryImageOfPage":{"@id":"https:\/\/secretuniform.pl\/produkt\/sukienka-aylin-karmelove\/#primaryimage"},"image":{"@id":"https:\/\/secretuniform.pl\/produkt\/sukienka-aylin-karmelove\/#primaryimage"},"thumbnailUrl":"https:\/\/secretuniform.pl\/wp-content\/uploads\/2024\/01\/adadsdBez-nazwy-3.png","datePublished":"2024-01-28T15:29:36+00:00","dateModified":"2026-04-16T12:31:12+00:00","breadcrumb":{"@id":"https:\/\/secretuniform.pl\/produkt\/sukienka-aylin-karmelove\/#breadcrumb"},"inLanguage":"en-US","potentialAction":[{"@type":"ReadAction","target":["https:\/\/secretuniform.pl\/produkt\/sukienka-aylin-karmelove\/"]}]},{"@type":"ImageObject","inLanguage":"en-US","@id":"https:\/\/secretuniform.pl\/produkt\/sukienka-aylin-karmelove\/#primaryimage","url":"https:\/\/secretuniform.pl\/wp-content\/uploads\/2024\/01\/adadsdBez-nazwy-3.png","contentUrl":"https:\/\/secretuniform.pl\/wp-content\/uploads\/2024\/01\/adadsdBez-nazwy-3.png","width":819,"height":1024},{"@type":"BreadcrumbList","@id":"https:\/\/secretuniform.pl\/produkt\/sukienka-aylin-karmelove\/#breadcrumb","itemListElement":[{"@type":"ListItem","position":1,"name":"Strona g\u0142\u00f3wna","item":"https:\/\/secretuniform.pl\/"},{"@type":"ListItem","position":2,"name":"Shop","item":"https:\/\/secretuniform.pl\/en\/shop\/"},{"@type":"ListItem","position":3,"name":"Sukienka Aylin KARMELOVE XL, XXL"}]},{"@type":"WebSite","@id":"https:\/\/secretuniform.pl\/en\/#website","url":"https:\/\/secretuniform.pl\/en\/","name":"Secret Uniform","description":"Znajd\u017a idealny Uniform do Twojej Pracy","potentialAction":[{"@type":"SearchAction","target":{"@type":"EntryPoint","urlTemplate":"https:\/\/secretuniform.pl\/en\/?s={search_term_string}"},"query-input":{"@type":"PropertyValueSpecification","valueRequired":true,"valueName":"search_term_string"}}],"inLanguage":"en-US"}]}},"_links":{"self":[{"href":"https:\/\/secretuniform.pl\/en\/wp-json\/wp\/v2\/product\/12466","targetHints":{"allow":["GET"]}}],"collection":[{"href":"https:\/\/secretuniform.pl\/en\/wp-json\/wp\/v2\/product"}],"about":[{"href":"https:\/\/secretuniform.pl\/en\/wp-json\/wp\/v2\/types\/product"}],"replies":[{"embeddable":true,"href":"https:\/\/secretuniform.pl\/en\/wp-json\/wp\/v2\/comments?post=12466"}],"wp:featuredmedia":[{"embeddable":true,"href":"https:\/\/secretuniform.pl\/en\/wp-json\/wp\/v2\/media\/19462"}],"wp:attachment":[{"href":"https:\/\/secretuniform.pl\/en\/wp-json\/wp\/v2\/media?parent=12466"}],"wp:term":[{"taxonomy":"product_brand","embeddable":true,"href":"https:\/\/secretuniform.pl\/en\/wp-json\/wp\/v2\/product_brand?post=12466"},{"taxonomy":"product_cat","embeddable":true,"href":"https:\/\/secretuniform.pl\/en\/wp-json\/wp\/v2\/product_cat?post=12466"},{"taxonomy":"product_tag","embeddable":true,"href":"https:\/\/secretuniform.pl\/en\/wp-json\/wp\/v2\/product_tag?post=12466"}],"curies":[{"name":"wp","href":"https:\/\/api.w.org\/{rel}","templated":true}]}}