{"id":12483,"date":"2024-01-28T16:41:38","date_gmt":"2024-01-28T15:41:38","guid":{"rendered":"https:\/\/secretuniform.pl\/?post_type=product&#038;p=12483"},"modified":"2025-03-04T20:23:35","modified_gmt":"2025-03-04T19:23:35","slug":"kamizelka-medyczna-emily-glebia-czerni","status":"publish","type":"product","link":"https:\/\/secretuniform.pl\/en\/produkt\/kamizelka-medyczna-emily-glebia-czerni\/","title":{"rendered":"Kamizelka medyczna Emily G\u0142\u0119bia Czerni"},"content":{"rendered":"<h4 data-pm-slice=\"1 1 []\"><strong>Stylowa kamizelka medyczna \u2013 elegancja i komfort w pracy<\/strong><\/h4>\n<p>Nowoczesny design, perfekcyjne dopasowanie i funkcjonalno\u015b\u0107 \u2013 <strong>kamizelka medyczna premium<\/strong> to idealne po\u0142\u0105czenie profesjonalizmu i wygody. Zapewnia <strong>swobod\u0119 ruch\u00f3w<\/strong>, a taliowany fason oraz wi\u0105zanie w pasie subtelnie podkre\u015blaj\u0105 sylwetk\u0119, dodaj\u0105c kobiecego charakteru. <strong>Minimalistyczny, elegancki kr\u00f3j<\/strong> sprawia, \u017ce kamizelka \u015bwietnie komponuje si\u0119 z reszt\u0105 odzie\u017cy medycznej.<\/p>\n<h6><strong>Informacje o produkcie:<\/strong><\/h6>\n<p><img decoding=\"async\" class=\"emoji\" role=\"img\" draggable=\"false\" src=\"https:\/\/s.w.org\/images\/core\/emoji\/15.0.3\/svg\/2714.svg\" alt=\"\u2714\" \/> <strong>dopasowany kr\u00f3j<\/strong><br \/>\n<strong><img decoding=\"async\" class=\"emoji\" role=\"img\" draggable=\"false\" src=\"https:\/\/s.w.org\/images\/core\/emoji\/15.0.3\/svg\/2714.svg\" alt=\"\u2714\" \/> tkanina PREMIUM<\/strong><br \/>\n<strong><img decoding=\"async\" class=\"emoji\" role=\"img\" draggable=\"false\" src=\"https:\/\/s.w.org\/images\/core\/emoji\/15.0.3\/svg\/2714.svg\" alt=\"\u2714\" \/> wi\u0105zany pasem w talii<\/strong><br \/>\n<strong><img decoding=\"async\" class=\"emoji\" role=\"img\" draggable=\"false\" src=\"https:\/\/s.w.org\/images\/core\/emoji\/15.0.3\/svg\/2714.svg\" alt=\"\u2714\" \/> elegancki szalowy ko\u0142nierz<\/strong><br \/>\n<strong><img decoding=\"async\" class=\"emoji\" role=\"img\" draggable=\"false\" src=\"https:\/\/s.w.org\/images\/core\/emoji\/15.0.3\/svg\/2714.svg\" alt=\"\u2714\" \/> estetyczne wyko\u0144czenie kieszeni plisk\u0105<\/strong><\/p>\n<h6><strong>Materia\u0142, kt\u00f3ry pracuje razem z Tob\u0105:<\/strong><\/h6>\n<p><img decoding=\"async\" class=\"emoji\" role=\"img\" draggable=\"false\" src=\"https:\/\/s.w.org\/images\/core\/emoji\/15.0.3\/svg\/2714.svg\" alt=\"\u2714\" \/> <strong>Oddychaj\u0105cy i lekki<\/strong> \u2013 doskona\u0142a cyrkulacja powietrza przez ca\u0142y dzie\u0144.<br \/>\n<img decoding=\"async\" class=\"emoji\" role=\"img\" draggable=\"false\" src=\"https:\/\/s.w.org\/images\/core\/emoji\/15.0.3\/svg\/2714.svg\" alt=\"\u2714\" \/> <strong>Mi\u0119kki i trwa\u0142y<\/strong> \u2013 odporny na mechacenie, \u0142atwy w piel\u0119gnacji.<br \/>\n<img decoding=\"async\" class=\"emoji\" role=\"img\" draggable=\"false\" src=\"https:\/\/s.w.org\/images\/core\/emoji\/15.0.3\/svg\/2714.svg\" alt=\"\u2714\" \/> <strong>Trwa\u0142y kolor<\/strong> \u2013 zachowuje nienaganny wygl\u0105d nawet po wielu praniach.<br \/>\n<img decoding=\"async\" class=\"emoji\" role=\"img\" draggable=\"false\" src=\"https:\/\/s.w.org\/images\/core\/emoji\/15.0.3\/svg\/2714.svg\" alt=\"\u2714\" \/> <strong>Staranna produkcja w Polsce<\/strong> \u2013 gwarancja najwy\u017cszej jako\u015bci wykonania<\/p>\n<h6><strong>Cechy<\/strong> <strong>materia\u0142u:<\/strong><\/h6>\n<p>*poliester 59%, wiskoza 37%, lycra 4%.<br \/>\n*g\u0142\u0119bia koloru<\/p>\n<h6><em><strong>Kompletuj stylizacj\u0119 z klas\u0105<\/strong><\/em><\/h6>\n<p>Stw\u00f3rz <strong>kompletny uniform medyczny damski<\/strong>, \u0142\u0105cz\u0105c kamizelk\u0119 ze <strong>spodniami medycznymi joggerami<\/strong>, klasycznym modelem o <strong>smuk\u0142ej nogawce<\/strong> lub wersj\u0105 z <strong>szerok\u0105 nogawk\u0105<\/strong> \u2013 absolutnym hitem profesjonalnej odzie\u017cy medycznej!<\/p>\n<p><strong>Modelka ma 170 cm wzrostu i nosi rozmiar XS.<\/strong><\/p>\n","protected":false},"excerpt":{"rendered":"<p>Stylowa kamizelka medyczna \u2013 elegancja i komfort w pracy Nowoczesny design, perfekcyjne dopasowanie i funkcjonalno\u015b\u0107 \u2013 kamizelka medyczna premium to idealne po\u0142\u0105czenie profesjonalizmu i wygody. Zapewnia swobod\u0119 ruch\u00f3w, a taliowany fason oraz wi\u0105zanie w pasie subtelnie podkre\u015blaj\u0105 sylwetk\u0119, dodaj\u0105c kobiecego charakteru. Minimalistyczny, elegancki kr\u00f3j sprawia, \u017ce kamizelka \u015bwietnie komponuje si\u0119 z reszt\u0105 odzie\u017cy medycznej. Informacje&#8230;<\/p>\n","protected":false},"featured_media":23403,"comment_status":"closed","ping_status":"closed","template":"","meta":[],"product_brand":[],"product_cat":[81,61,29],"product_tag":[],"class_list":{"0":"post-12483","1":"product","2":"type-product","3":"status-publish","4":"has-post-thumbnail","6":"product_cat-kolekcja-elegant-odziez-damska","7":"product_cat-odziez-damska","8":"product_cat-uniformy-medyczne","10":"first","11":"instock","12":"taxable","13":"shipping-taxable","14":"purchasable","15":"product-type-variable","16":"add-to-wishlist-before_add_to_cart"},"yoast_head":"<!-- This site is optimized with the Yoast SEO plugin v27.4 - https:\/\/yoast.com\/product\/yoast-seo-wordpress\/ -->\n<title>Kamizelka medyczna Emily G\u0142\u0119bia Czerni - Secret Uniform<\/title>\n<meta name=\"robots\" content=\"index, follow, max-snippet:-1, max-image-preview:large, max-video-preview:-1\" \/>\n<link rel=\"canonical\" href=\"https:\/\/secretuniform.pl\/produkt\/kamizelka-medyczna-emily-glebia-czerni\/\" \/>\n<meta property=\"og:locale\" content=\"en_US\" \/>\n<meta property=\"og:type\" content=\"article\" \/>\n<meta property=\"og:title\" content=\"Kamizelka medyczna Emily G\u0142\u0119bia Czerni - Secret Uniform\" \/>\n<meta property=\"og:description\" content=\"Stylowa kamizelka medyczna \u2013 elegancja i komfort w pracy Nowoczesny design, perfekcyjne dopasowanie i funkcjonalno\u015b\u0107 \u2013 kamizelka medyczna premium to idealne po\u0142\u0105czenie profesjonalizmu i wygody. Zapewnia swobod\u0119 ruch\u00f3w, a taliowany fason oraz wi\u0105zanie w pasie subtelnie podkre\u015blaj\u0105 sylwetk\u0119, dodaj\u0105c kobiecego charakteru. Minimalistyczny, elegancki kr\u00f3j sprawia, \u017ce kamizelka \u015bwietnie komponuje si\u0119 z reszt\u0105 odzie\u017cy medycznej. Informacje...\" \/>\n<meta property=\"og:url\" content=\"https:\/\/secretuniform.pl\/produkt\/kamizelka-medyczna-emily-glebia-czerni\/\" \/>\n<meta property=\"og:site_name\" content=\"Secret Uniform\" \/>\n<meta property=\"article:modified_time\" content=\"2025-03-04T19:23:35+00:00\" \/>\n<meta property=\"og:image\" content=\"https:\/\/secretuniform.pl\/wp-content\/uploads\/2024\/01\/J25A3201-scaled.jpg\" \/>\n\t<meta property=\"og:image:width\" content=\"1707\" \/>\n\t<meta property=\"og:image:height\" content=\"2560\" \/>\n\t<meta property=\"og:image:type\" content=\"image\/jpeg\" \/>\n<meta name=\"twitter:card\" content=\"summary_large_image\" \/>\n<meta name=\"twitter:label1\" content=\"Est. reading time\" \/>\n\t<meta name=\"twitter:data1\" content=\"3 minutes\" \/>\n<script type=\"application\/ld+json\" class=\"yoast-schema-graph\">{\"@context\":\"https:\\\/\\\/schema.org\",\"@graph\":[{\"@type\":\"WebPage\",\"@id\":\"https:\\\/\\\/secretuniform.pl\\\/produkt\\\/kamizelka-medyczna-emily-glebia-czerni\\\/\",\"url\":\"https:\\\/\\\/secretuniform.pl\\\/produkt\\\/kamizelka-medyczna-emily-glebia-czerni\\\/\",\"name\":\"Kamizelka medyczna Emily G\u0142\u0119bia Czerni - Secret Uniform\",\"isPartOf\":{\"@id\":\"https:\\\/\\\/secretuniform.pl\\\/en\\\/#website\"},\"primaryImageOfPage\":{\"@id\":\"https:\\\/\\\/secretuniform.pl\\\/produkt\\\/kamizelka-medyczna-emily-glebia-czerni\\\/#primaryimage\"},\"image\":{\"@id\":\"https:\\\/\\\/secretuniform.pl\\\/produkt\\\/kamizelka-medyczna-emily-glebia-czerni\\\/#primaryimage\"},\"thumbnailUrl\":\"https:\\\/\\\/secretuniform.pl\\\/wp-content\\\/uploads\\\/2024\\\/01\\\/J25A3201-scaled.jpg\",\"datePublished\":\"2024-01-28T15:41:38+00:00\",\"dateModified\":\"2025-03-04T19:23:35+00:00\",\"breadcrumb\":{\"@id\":\"https:\\\/\\\/secretuniform.pl\\\/produkt\\\/kamizelka-medyczna-emily-glebia-czerni\\\/#breadcrumb\"},\"inLanguage\":\"en-US\",\"potentialAction\":[{\"@type\":\"ReadAction\",\"target\":[\"https:\\\/\\\/secretuniform.pl\\\/produkt\\\/kamizelka-medyczna-emily-glebia-czerni\\\/\"]}]},{\"@type\":\"ImageObject\",\"inLanguage\":\"en-US\",\"@id\":\"https:\\\/\\\/secretuniform.pl\\\/produkt\\\/kamizelka-medyczna-emily-glebia-czerni\\\/#primaryimage\",\"url\":\"https:\\\/\\\/secretuniform.pl\\\/wp-content\\\/uploads\\\/2024\\\/01\\\/J25A3201-scaled.jpg\",\"contentUrl\":\"https:\\\/\\\/secretuniform.pl\\\/wp-content\\\/uploads\\\/2024\\\/01\\\/J25A3201-scaled.jpg\",\"width\":1707,\"height\":2560},{\"@type\":\"BreadcrumbList\",\"@id\":\"https:\\\/\\\/secretuniform.pl\\\/produkt\\\/kamizelka-medyczna-emily-glebia-czerni\\\/#breadcrumb\",\"itemListElement\":[{\"@type\":\"ListItem\",\"position\":1,\"name\":\"Strona g\u0142\u00f3wna\",\"item\":\"https:\\\/\\\/secretuniform.pl\\\/\"},{\"@type\":\"ListItem\",\"position\":2,\"name\":\"Shop\",\"item\":\"https:\\\/\\\/secretuniform.pl\\\/en\\\/shop\\\/\"},{\"@type\":\"ListItem\",\"position\":3,\"name\":\"Kamizelka medyczna Emily G\u0142\u0119bia Czerni\"}]},{\"@type\":\"WebSite\",\"@id\":\"https:\\\/\\\/secretuniform.pl\\\/en\\\/#website\",\"url\":\"https:\\\/\\\/secretuniform.pl\\\/en\\\/\",\"name\":\"Secret Uniform\",\"description\":\"Znajd\u017a idealny Uniform do Twojej Pracy\",\"potentialAction\":[{\"@type\":\"SearchAction\",\"target\":{\"@type\":\"EntryPoint\",\"urlTemplate\":\"https:\\\/\\\/secretuniform.pl\\\/en\\\/?s={search_term_string}\"},\"query-input\":{\"@type\":\"PropertyValueSpecification\",\"valueRequired\":true,\"valueName\":\"search_term_string\"}}],\"inLanguage\":\"en-US\"}]}<\/script>\n<!-- \/ Yoast SEO plugin. -->","yoast_head_json":{"title":"Kamizelka medyczna Emily G\u0142\u0119bia Czerni - Secret Uniform","robots":{"index":"index","follow":"follow","max-snippet":"max-snippet:-1","max-image-preview":"max-image-preview:large","max-video-preview":"max-video-preview:-1"},"canonical":"https:\/\/secretuniform.pl\/produkt\/kamizelka-medyczna-emily-glebia-czerni\/","og_locale":"en_US","og_type":"article","og_title":"Kamizelka medyczna Emily G\u0142\u0119bia Czerni - Secret Uniform","og_description":"Stylowa kamizelka medyczna \u2013 elegancja i komfort w pracy Nowoczesny design, perfekcyjne dopasowanie i funkcjonalno\u015b\u0107 \u2013 kamizelka medyczna premium to idealne po\u0142\u0105czenie profesjonalizmu i wygody. Zapewnia swobod\u0119 ruch\u00f3w, a taliowany fason oraz wi\u0105zanie w pasie subtelnie podkre\u015blaj\u0105 sylwetk\u0119, dodaj\u0105c kobiecego charakteru. Minimalistyczny, elegancki kr\u00f3j sprawia, \u017ce kamizelka \u015bwietnie komponuje si\u0119 z reszt\u0105 odzie\u017cy medycznej. Informacje...","og_url":"https:\/\/secretuniform.pl\/produkt\/kamizelka-medyczna-emily-glebia-czerni\/","og_site_name":"Secret Uniform","article_modified_time":"2025-03-04T19:23:35+00:00","og_image":[{"width":1707,"height":2560,"url":"https:\/\/secretuniform.pl\/wp-content\/uploads\/2024\/01\/J25A3201-scaled.jpg","type":"image\/jpeg"}],"twitter_card":"summary_large_image","twitter_misc":{"Est. reading time":"3 minutes"},"schema":{"@context":"https:\/\/schema.org","@graph":[{"@type":"WebPage","@id":"https:\/\/secretuniform.pl\/produkt\/kamizelka-medyczna-emily-glebia-czerni\/","url":"https:\/\/secretuniform.pl\/produkt\/kamizelka-medyczna-emily-glebia-czerni\/","name":"Kamizelka medyczna Emily G\u0142\u0119bia Czerni - Secret Uniform","isPartOf":{"@id":"https:\/\/secretuniform.pl\/en\/#website"},"primaryImageOfPage":{"@id":"https:\/\/secretuniform.pl\/produkt\/kamizelka-medyczna-emily-glebia-czerni\/#primaryimage"},"image":{"@id":"https:\/\/secretuniform.pl\/produkt\/kamizelka-medyczna-emily-glebia-czerni\/#primaryimage"},"thumbnailUrl":"https:\/\/secretuniform.pl\/wp-content\/uploads\/2024\/01\/J25A3201-scaled.jpg","datePublished":"2024-01-28T15:41:38+00:00","dateModified":"2025-03-04T19:23:35+00:00","breadcrumb":{"@id":"https:\/\/secretuniform.pl\/produkt\/kamizelka-medyczna-emily-glebia-czerni\/#breadcrumb"},"inLanguage":"en-US","potentialAction":[{"@type":"ReadAction","target":["https:\/\/secretuniform.pl\/produkt\/kamizelka-medyczna-emily-glebia-czerni\/"]}]},{"@type":"ImageObject","inLanguage":"en-US","@id":"https:\/\/secretuniform.pl\/produkt\/kamizelka-medyczna-emily-glebia-czerni\/#primaryimage","url":"https:\/\/secretuniform.pl\/wp-content\/uploads\/2024\/01\/J25A3201-scaled.jpg","contentUrl":"https:\/\/secretuniform.pl\/wp-content\/uploads\/2024\/01\/J25A3201-scaled.jpg","width":1707,"height":2560},{"@type":"BreadcrumbList","@id":"https:\/\/secretuniform.pl\/produkt\/kamizelka-medyczna-emily-glebia-czerni\/#breadcrumb","itemListElement":[{"@type":"ListItem","position":1,"name":"Strona g\u0142\u00f3wna","item":"https:\/\/secretuniform.pl\/"},{"@type":"ListItem","position":2,"name":"Shop","item":"https:\/\/secretuniform.pl\/en\/shop\/"},{"@type":"ListItem","position":3,"name":"Kamizelka medyczna Emily G\u0142\u0119bia Czerni"}]},{"@type":"WebSite","@id":"https:\/\/secretuniform.pl\/en\/#website","url":"https:\/\/secretuniform.pl\/en\/","name":"Secret Uniform","description":"Znajd\u017a idealny Uniform do Twojej Pracy","potentialAction":[{"@type":"SearchAction","target":{"@type":"EntryPoint","urlTemplate":"https:\/\/secretuniform.pl\/en\/?s={search_term_string}"},"query-input":{"@type":"PropertyValueSpecification","valueRequired":true,"valueName":"search_term_string"}}],"inLanguage":"en-US"}]}},"_links":{"self":[{"href":"https:\/\/secretuniform.pl\/en\/wp-json\/wp\/v2\/product\/12483","targetHints":{"allow":["GET"]}}],"collection":[{"href":"https:\/\/secretuniform.pl\/en\/wp-json\/wp\/v2\/product"}],"about":[{"href":"https:\/\/secretuniform.pl\/en\/wp-json\/wp\/v2\/types\/product"}],"replies":[{"embeddable":true,"href":"https:\/\/secretuniform.pl\/en\/wp-json\/wp\/v2\/comments?post=12483"}],"wp:featuredmedia":[{"embeddable":true,"href":"https:\/\/secretuniform.pl\/en\/wp-json\/wp\/v2\/media\/23403"}],"wp:attachment":[{"href":"https:\/\/secretuniform.pl\/en\/wp-json\/wp\/v2\/media?parent=12483"}],"wp:term":[{"taxonomy":"product_brand","embeddable":true,"href":"https:\/\/secretuniform.pl\/en\/wp-json\/wp\/v2\/product_brand?post=12483"},{"taxonomy":"product_cat","embeddable":true,"href":"https:\/\/secretuniform.pl\/en\/wp-json\/wp\/v2\/product_cat?post=12483"},{"taxonomy":"product_tag","embeddable":true,"href":"https:\/\/secretuniform.pl\/en\/wp-json\/wp\/v2\/product_tag?post=12483"}],"curies":[{"name":"wp","href":"https:\/\/api.w.org\/{rel}","templated":true}]}}