{"id":14215,"date":"2024-02-20T09:11:46","date_gmt":"2024-02-20T08:11:46","guid":{"rendered":"https:\/\/secretuniform.pl\/?post_type=product&#038;p=14215"},"modified":"2026-01-07T14:53:11","modified_gmt":"2026-01-07T13:53:11","slug":"bluza-medyczna-meska-scrubs-baby-blue","status":"publish","type":"product","link":"https:\/\/secretuniform.pl\/en\/produkt\/bluza-medyczna-meska-scrubs-baby-blue\/","title":{"rendered":"Bluza medyczna m\u0119ska scrubs Baby Blue"},"content":{"rendered":"<p>Elegancja i wygoda to najwa\u017cniejsze aspekty przy tworzeniu ubra\u0144 do pracy. Zaprojektowane przez nas scrubsy stanowi\u0105 bardzo wygodny zestaw, w kt\u00f3rym poczujesz si\u0119 swobodnie i komfortowo.<\/p>\n<p><strong>Informacje o produkcie:<\/strong><br \/>\n*dopasowany kr\u00f3j<br \/>\n*kr\u00f3tki r\u0119kaw<br \/>\n*trzy pojemne kieszenie<br \/>\n*oddychaj\u0105ca tkanina PREMIUM<br \/>\n*wyko\u0144czenia kieszeni ozdobn\u0105 plisk\u0105<br \/>\n*dekolt w serek<\/p>\n<p><strong>Cechy<\/strong> <strong>materia\u0142u:<\/strong><br \/>\n*wiskoza 47%, poliester 49%, lycra 4%.<br \/>\n*g\u0142\u0119bia koloru<\/p>\n<p>Model ma 180 cm i nosi rozmiar S<\/p>\n<p>Do idealnego uzupe\u0142nienia stylizacji polecamy spodnie medyczne joggery lub klasyczne spodnie ze slimowan\u0105 nogawk\u0105 z tej samej kolekcji. Dodatkowo w naszej ofercie dost\u0119pne s\u0105 czepki medyczne.\u00a0Skomponuj z nami pi\u0119kn\u0105 i uniwersaln\u0105 garderob\u0119 do pracy! G\u0142\u0119bia pi\u0119knych kolor\u00f3w sprawi, \u017ce poczujesz si\u0119 wyj\u0105tkowo w oferowanej przez nas odzie\u017cy. Pami\u0119taj, \u017ce wszystkie nasze produkty s\u0105 szyte w Polsce.<\/p>\n","protected":false},"excerpt":{"rendered":"<p><img loading=\"lazy\" decoding=\"async\" class=\"alignnone wp-image-23933\" src=\"https:\/\/secretuniform.pl\/wp-content\/uploads\/2024\/02\/BLUZKA-MEDYCZNA-MESKA-3-450x364.png\" alt=\"\" width=\"1121\" height=\"905\" srcset=\"https:\/\/secretuniform.pl\/wp-content\/uploads\/2024\/02\/BLUZKA-MEDYCZNA-MESKA-3-450x364.png 450w, https:\/\/secretuniform.pl\/wp-content\/uploads\/2024\/02\/BLUZKA-MEDYCZNA-MESKA-3-1024x828.png 1024w, https:\/\/secretuniform.pl\/wp-content\/uploads\/2024\/02\/BLUZKA-MEDYCZNA-MESKA-3-600x485.png 600w\" sizes=\"auto, (max-width: 1121px) 100vw, 1121px\" \/><\/p>\n","protected":false},"featured_media":20708,"comment_status":"closed","ping_status":"closed","template":"","meta":[],"product_brand":[],"product_cat":[70,78,62],"product_tag":[],"class_list":{"0":"post-14215","1":"product","2":"type-product","3":"status-publish","4":"has-post-thumbnail","6":"product_cat-bluzy-medyczne-meskie","7":"product_cat-kolekcja-basic-odziez-meska","8":"product_cat-odziez-meska","10":"first","11":"instock","12":"taxable","13":"shipping-taxable","14":"purchasable","15":"product-type-variable","16":"add-to-wishlist-before_add_to_cart"},"yoast_head":"<!-- This site is optimized with the Yoast SEO plugin v27.4 - https:\/\/yoast.com\/product\/yoast-seo-wordpress\/ -->\n<title>Bluza medyczna m\u0119ska scrubs Baby Blue - Secret Uniform<\/title>\n<meta name=\"robots\" content=\"index, follow, max-snippet:-1, max-image-preview:large, max-video-preview:-1\" \/>\n<link rel=\"canonical\" href=\"https:\/\/secretuniform.pl\/produkt\/bluza-medyczna-meska-scrubs-baby-blue\/\" \/>\n<meta property=\"og:locale\" content=\"en_US\" \/>\n<meta property=\"og:type\" content=\"article\" \/>\n<meta property=\"og:title\" content=\"Bluza medyczna m\u0119ska scrubs Baby Blue - Secret Uniform\" \/>\n<meta property=\"og:url\" content=\"https:\/\/secretuniform.pl\/produkt\/bluza-medyczna-meska-scrubs-baby-blue\/\" \/>\n<meta property=\"og:site_name\" content=\"Secret Uniform\" \/>\n<meta property=\"article:modified_time\" content=\"2026-01-07T13:53:11+00:00\" \/>\n<meta property=\"og:image\" content=\"https:\/\/secretuniform.pl\/wp-content\/uploads\/2024\/02\/4-9702-scaled.jpg\" \/>\n\t<meta property=\"og:image:width\" content=\"1707\" \/>\n\t<meta property=\"og:image:height\" content=\"2560\" \/>\n\t<meta property=\"og:image:type\" content=\"image\/jpeg\" \/>\n<meta name=\"twitter:card\" content=\"summary_large_image\" \/>\n<meta name=\"twitter:label1\" content=\"Est. reading time\" \/>\n\t<meta name=\"twitter:data1\" content=\"1 minute\" \/>\n<script type=\"application\/ld+json\" class=\"yoast-schema-graph\">{\"@context\":\"https:\\\/\\\/schema.org\",\"@graph\":[{\"@type\":\"WebPage\",\"@id\":\"https:\\\/\\\/secretuniform.pl\\\/produkt\\\/bluza-medyczna-meska-scrubs-baby-blue\\\/\",\"url\":\"https:\\\/\\\/secretuniform.pl\\\/produkt\\\/bluza-medyczna-meska-scrubs-baby-blue\\\/\",\"name\":\"Bluza medyczna m\u0119ska scrubs Baby Blue - Secret Uniform\",\"isPartOf\":{\"@id\":\"https:\\\/\\\/secretuniform.pl\\\/en\\\/#website\"},\"primaryImageOfPage\":{\"@id\":\"https:\\\/\\\/secretuniform.pl\\\/produkt\\\/bluza-medyczna-meska-scrubs-baby-blue\\\/#primaryimage\"},\"image\":{\"@id\":\"https:\\\/\\\/secretuniform.pl\\\/produkt\\\/bluza-medyczna-meska-scrubs-baby-blue\\\/#primaryimage\"},\"thumbnailUrl\":\"https:\\\/\\\/secretuniform.pl\\\/wp-content\\\/uploads\\\/2024\\\/02\\\/4-9702-scaled.jpg\",\"datePublished\":\"2024-02-20T08:11:46+00:00\",\"dateModified\":\"2026-01-07T13:53:11+00:00\",\"breadcrumb\":{\"@id\":\"https:\\\/\\\/secretuniform.pl\\\/produkt\\\/bluza-medyczna-meska-scrubs-baby-blue\\\/#breadcrumb\"},\"inLanguage\":\"en-US\",\"potentialAction\":[{\"@type\":\"ReadAction\",\"target\":[\"https:\\\/\\\/secretuniform.pl\\\/produkt\\\/bluza-medyczna-meska-scrubs-baby-blue\\\/\"]}]},{\"@type\":\"ImageObject\",\"inLanguage\":\"en-US\",\"@id\":\"https:\\\/\\\/secretuniform.pl\\\/produkt\\\/bluza-medyczna-meska-scrubs-baby-blue\\\/#primaryimage\",\"url\":\"https:\\\/\\\/secretuniform.pl\\\/wp-content\\\/uploads\\\/2024\\\/02\\\/4-9702-scaled.jpg\",\"contentUrl\":\"https:\\\/\\\/secretuniform.pl\\\/wp-content\\\/uploads\\\/2024\\\/02\\\/4-9702-scaled.jpg\",\"width\":1707,\"height\":2560},{\"@type\":\"BreadcrumbList\",\"@id\":\"https:\\\/\\\/secretuniform.pl\\\/produkt\\\/bluza-medyczna-meska-scrubs-baby-blue\\\/#breadcrumb\",\"itemListElement\":[{\"@type\":\"ListItem\",\"position\":1,\"name\":\"Strona g\u0142\u00f3wna\",\"item\":\"https:\\\/\\\/secretuniform.pl\\\/\"},{\"@type\":\"ListItem\",\"position\":2,\"name\":\"Shop\",\"item\":\"https:\\\/\\\/secretuniform.pl\\\/en\\\/shop\\\/\"},{\"@type\":\"ListItem\",\"position\":3,\"name\":\"Bluza medyczna m\u0119ska scrubs Baby Blue\"}]},{\"@type\":\"WebSite\",\"@id\":\"https:\\\/\\\/secretuniform.pl\\\/en\\\/#website\",\"url\":\"https:\\\/\\\/secretuniform.pl\\\/en\\\/\",\"name\":\"Secret Uniform\",\"description\":\"Znajd\u017a idealny Uniform do Twojej Pracy\",\"potentialAction\":[{\"@type\":\"SearchAction\",\"target\":{\"@type\":\"EntryPoint\",\"urlTemplate\":\"https:\\\/\\\/secretuniform.pl\\\/en\\\/?s={search_term_string}\"},\"query-input\":{\"@type\":\"PropertyValueSpecification\",\"valueRequired\":true,\"valueName\":\"search_term_string\"}}],\"inLanguage\":\"en-US\"}]}<\/script>\n<!-- \/ Yoast SEO plugin. -->","yoast_head_json":{"title":"Bluza medyczna m\u0119ska scrubs Baby Blue - Secret Uniform","robots":{"index":"index","follow":"follow","max-snippet":"max-snippet:-1","max-image-preview":"max-image-preview:large","max-video-preview":"max-video-preview:-1"},"canonical":"https:\/\/secretuniform.pl\/produkt\/bluza-medyczna-meska-scrubs-baby-blue\/","og_locale":"en_US","og_type":"article","og_title":"Bluza medyczna m\u0119ska scrubs Baby Blue - Secret Uniform","og_url":"https:\/\/secretuniform.pl\/produkt\/bluza-medyczna-meska-scrubs-baby-blue\/","og_site_name":"Secret Uniform","article_modified_time":"2026-01-07T13:53:11+00:00","og_image":[{"width":1707,"height":2560,"url":"https:\/\/secretuniform.pl\/wp-content\/uploads\/2024\/02\/4-9702-scaled.jpg","type":"image\/jpeg"}],"twitter_card":"summary_large_image","twitter_misc":{"Est. reading time":"1 minute"},"schema":{"@context":"https:\/\/schema.org","@graph":[{"@type":"WebPage","@id":"https:\/\/secretuniform.pl\/produkt\/bluza-medyczna-meska-scrubs-baby-blue\/","url":"https:\/\/secretuniform.pl\/produkt\/bluza-medyczna-meska-scrubs-baby-blue\/","name":"Bluza medyczna m\u0119ska scrubs Baby Blue - Secret Uniform","isPartOf":{"@id":"https:\/\/secretuniform.pl\/en\/#website"},"primaryImageOfPage":{"@id":"https:\/\/secretuniform.pl\/produkt\/bluza-medyczna-meska-scrubs-baby-blue\/#primaryimage"},"image":{"@id":"https:\/\/secretuniform.pl\/produkt\/bluza-medyczna-meska-scrubs-baby-blue\/#primaryimage"},"thumbnailUrl":"https:\/\/secretuniform.pl\/wp-content\/uploads\/2024\/02\/4-9702-scaled.jpg","datePublished":"2024-02-20T08:11:46+00:00","dateModified":"2026-01-07T13:53:11+00:00","breadcrumb":{"@id":"https:\/\/secretuniform.pl\/produkt\/bluza-medyczna-meska-scrubs-baby-blue\/#breadcrumb"},"inLanguage":"en-US","potentialAction":[{"@type":"ReadAction","target":["https:\/\/secretuniform.pl\/produkt\/bluza-medyczna-meska-scrubs-baby-blue\/"]}]},{"@type":"ImageObject","inLanguage":"en-US","@id":"https:\/\/secretuniform.pl\/produkt\/bluza-medyczna-meska-scrubs-baby-blue\/#primaryimage","url":"https:\/\/secretuniform.pl\/wp-content\/uploads\/2024\/02\/4-9702-scaled.jpg","contentUrl":"https:\/\/secretuniform.pl\/wp-content\/uploads\/2024\/02\/4-9702-scaled.jpg","width":1707,"height":2560},{"@type":"BreadcrumbList","@id":"https:\/\/secretuniform.pl\/produkt\/bluza-medyczna-meska-scrubs-baby-blue\/#breadcrumb","itemListElement":[{"@type":"ListItem","position":1,"name":"Strona g\u0142\u00f3wna","item":"https:\/\/secretuniform.pl\/"},{"@type":"ListItem","position":2,"name":"Shop","item":"https:\/\/secretuniform.pl\/en\/shop\/"},{"@type":"ListItem","position":3,"name":"Bluza medyczna m\u0119ska scrubs Baby Blue"}]},{"@type":"WebSite","@id":"https:\/\/secretuniform.pl\/en\/#website","url":"https:\/\/secretuniform.pl\/en\/","name":"Secret Uniform","description":"Znajd\u017a idealny Uniform do Twojej Pracy","potentialAction":[{"@type":"SearchAction","target":{"@type":"EntryPoint","urlTemplate":"https:\/\/secretuniform.pl\/en\/?s={search_term_string}"},"query-input":{"@type":"PropertyValueSpecification","valueRequired":true,"valueName":"search_term_string"}}],"inLanguage":"en-US"}]}},"_links":{"self":[{"href":"https:\/\/secretuniform.pl\/en\/wp-json\/wp\/v2\/product\/14215","targetHints":{"allow":["GET"]}}],"collection":[{"href":"https:\/\/secretuniform.pl\/en\/wp-json\/wp\/v2\/product"}],"about":[{"href":"https:\/\/secretuniform.pl\/en\/wp-json\/wp\/v2\/types\/product"}],"replies":[{"embeddable":true,"href":"https:\/\/secretuniform.pl\/en\/wp-json\/wp\/v2\/comments?post=14215"}],"wp:featuredmedia":[{"embeddable":true,"href":"https:\/\/secretuniform.pl\/en\/wp-json\/wp\/v2\/media\/20708"}],"wp:attachment":[{"href":"https:\/\/secretuniform.pl\/en\/wp-json\/wp\/v2\/media?parent=14215"}],"wp:term":[{"taxonomy":"product_brand","embeddable":true,"href":"https:\/\/secretuniform.pl\/en\/wp-json\/wp\/v2\/product_brand?post=14215"},{"taxonomy":"product_cat","embeddable":true,"href":"https:\/\/secretuniform.pl\/en\/wp-json\/wp\/v2\/product_cat?post=14215"},{"taxonomy":"product_tag","embeddable":true,"href":"https:\/\/secretuniform.pl\/en\/wp-json\/wp\/v2\/product_tag?post=14215"}],"curies":[{"name":"wp","href":"https:\/\/api.w.org\/{rel}","templated":true}]}}