{"id":18034,"date":"2024-09-05T18:51:56","date_gmt":"2024-09-05T16:51:56","guid":{"rendered":"https:\/\/secretuniform.pl\/?post_type=product&#038;p=18034"},"modified":"2026-03-22T22:41:23","modified_gmt":"2026-03-22T21:41:23","slug":"uniform-bluza-medyczna-camila-frappe-2","status":"publish","type":"product","link":"https:\/\/secretuniform.pl\/en\/produkt\/uniform-bluza-medyczna-camila-frappe-2\/","title":{"rendered":"Uniform bluza medyczna Camila Frappe PREORDER"},"content":{"rendered":"<h4 data-pm-slice=\"1 1 []\"><strong>UWAGA!<\/strong><\/h4>\n<p>Uniform medyczny CAMILA sprzedawany jest jako PREORDER. Wysy\u0142ka produkt\u00f3w planowana jest w<strong>\u00a0PIERWSZEJ PO\u0141OWIE KWIETNIA.\u00a0<\/strong><\/p>\n<h4 data-start=\"67\" data-end=\"129\"><strong data-start=\"67\" data-end=\"127\">Elegancka tunika medyczna \u2013 komfort i profesjonalny styl<\/strong><\/h4>\n<p data-start=\"131\" data-end=\"427\"><strong>Stylowa<\/strong> i <strong>funkcjonalna<\/strong> tunika medyczna to idealne po\u0142\u0105czenie <strong>elegancji<\/strong> i <strong>wygody<\/strong>. Dzi\u0119ki dopracowanemu krojowi <strong>podkre\u015bla<\/strong> <strong>sylwetk\u0119<\/strong>, jednocze\u015bnie zapewniaj\u0105c <strong>pe\u0142n\u0105 swobod\u0119 ruch\u00f3w<\/strong>. To doskona\u0142y wyb\u00f3r dla profesjonalistek, kt\u00f3re ceni\u0105 zar\u00f3wno <strong>estetyk\u0119<\/strong>, jak i<strong> komfort<\/strong> noszenia przez ca\u0142y dzie\u0144 pracy.<\/p>\n<h6 data-start=\"429\" data-end=\"462\"><strong data-start=\"433\" data-end=\"460\">Informacje o produkcie:<\/strong><\/h6>\n<p data-start=\"463\" data-end=\"945\">\u2714 <strong data-start=\"465\" data-end=\"484\">Dopasowany kr\u00f3j<\/strong> \u2013 podkre\u015bla sylwetk\u0119, zapewniaj\u0105c jednocze\u015bnie wygod\u0119<br data-start=\"538\" data-end=\"541\" \/>\u2714 <strong data-start=\"543\" data-end=\"559\">Kr\u00f3tki r\u0119kaw<\/strong> \u2013 idealny na ka\u017cd\u0105 por\u0119 roku<br data-start=\"588\" data-end=\"591\" \/>\u2714 <strong data-start=\"593\" data-end=\"611\">Dekolt w serek<\/strong> \u2013 dodaje subtelnej elegancji<br data-start=\"640\" data-end=\"643\" \/>\u2714 <strong data-start=\"645\" data-end=\"665\">Wi\u0105zanie w talii<\/strong> \u2013 pozwala na idealne dopasowanie do figury<br data-start=\"708\" data-end=\"711\" \/>\u2714 <strong data-start=\"713\" data-end=\"739\">Dwie pojemne kieszenie<\/strong> \u2013 ukryte w bocznym szwie, zapewniaj\u0105 funkcjonalno\u015b\u0107<br data-start=\"791\" data-end=\"794\" \/>\u2714 <strong data-start=\"796\" data-end=\"827\" data-is-only-node=\"\">Oddychaj\u0105ca tkanina PREMIUM<\/strong> \u2013 komfort nawet podczas wielogodzinnej pracy<br data-start=\"872\" data-end=\"875\" \/>\u2714 <strong data-start=\"877\" data-end=\"904\">Perfekcyjne wyko\u0144czenie<\/strong> \u2013 detale nadaj\u0105ce profesjonalny wygl\u0105d<\/p>\n<h6 data-start=\"947\" data-end=\"973\"><strong data-start=\"951\" data-end=\"971\">Cechy materia\u0142u:<\/strong><\/h6>\n<p data-start=\"974\" data-end=\"1119\">\u2714 <strong data-start=\"976\" data-end=\"1012\">58% bawe\u0142na, 38% nylon, 4% lycra<\/strong> \u2013 przewiewno\u015b\u0107, trwa\u0142o\u015b\u0107 i elastyczno\u015b\u0107<br data-start=\"1052\" data-end=\"1055\" \/>\u2714 <strong data-start=\"1057\" data-end=\"1074\">G\u0142\u0119bia koloru<\/strong> \u2013 nie blaknie nawet po wielokrotnym praniu<\/p>\n<p data-start=\"1121\" data-end=\"1173\"><strong data-start=\"1124\" data-end=\"1171\">Modelka ma 170 cm wzrostu i nosi rozmiar XS<\/strong><\/p>\n<h6 data-start=\"1175\" data-end=\"1213\"><strong data-start=\"1179\" data-end=\"1211\">Stw\u00f3rz kompletn\u0105 stylizacj\u0119!<\/strong><\/h6>\n<p data-start=\"1214\" data-end=\"1442\">Dobierz do tuniki <strong data-start=\"1270\" data-end=\"1301\">klasyczne slimowane spodnie<\/strong> z tej samej kolekcji. W naszej ofercie znajdziesz tak\u017ce inne stylowe produkty z tej kategorii. Stw\u00f3rz z nami elegancki i praktyczny zestaw do pracy.<\/p>\n<p data-start=\"1444\" data-end=\"1549\"><strong data-start=\"1446\" data-end=\"1545\">Nasza odzie\u017c medyczna to gwarancja stylu i jako\u015bci \u2013 szyta w Polsce, stworzona z my\u015bl\u0105 o Tobie!<\/strong><\/p>\n","protected":false},"excerpt":{"rendered":"<p><img loading=\"lazy\" decoding=\"async\" class=\"alignnone wp-image-23821\" src=\"https:\/\/secretuniform.pl\/wp-content\/uploads\/2024\/09\/TABELKA-UNIFORM-CAMILIA-KROTKI-450x364.png\" alt=\"\" width=\"966\" height=\"780\" srcset=\"https:\/\/secretuniform.pl\/wp-content\/uploads\/2024\/09\/TABELKA-UNIFORM-CAMILIA-KROTKI-450x364.png 450w, https:\/\/secretuniform.pl\/wp-content\/uploads\/2024\/09\/TABELKA-UNIFORM-CAMILIA-KROTKI-1024x828.png 1024w, https:\/\/secretuniform.pl\/wp-content\/uploads\/2024\/09\/TABELKA-UNIFORM-CAMILIA-KROTKI-600x485.png 600w\" sizes=\"auto, (max-width: 966px) 100vw, 966px\" \/><\/p>\n","protected":false},"featured_media":23343,"comment_status":"closed","ping_status":"closed","template":"","meta":[],"product_brand":[],"product_cat":[81,61,29],"product_tag":[],"class_list":{"0":"post-18034","1":"product","2":"type-product","3":"status-publish","4":"has-post-thumbnail","6":"product_cat-kolekcja-elegant-odziez-damska","7":"product_cat-odziez-damska","8":"product_cat-uniformy-medyczne","10":"first","11":"instock","12":"taxable","13":"shipping-taxable","14":"purchasable","15":"product-type-variable","16":"add-to-wishlist-before_add_to_cart"},"yoast_head":"<!-- This site is optimized with the Yoast SEO plugin v27.4 - https:\/\/yoast.com\/product\/yoast-seo-wordpress\/ -->\n<title>Uniform bluza medyczna Camila Frappe PREORDER - Secret Uniform<\/title>\n<meta name=\"robots\" content=\"index, follow, max-snippet:-1, max-image-preview:large, max-video-preview:-1\" \/>\n<link rel=\"canonical\" href=\"https:\/\/secretuniform.pl\/produkt\/uniform-bluza-medyczna-camila-frappe-2\/\" \/>\n<meta property=\"og:locale\" content=\"en_US\" \/>\n<meta property=\"og:type\" content=\"article\" \/>\n<meta property=\"og:title\" content=\"Uniform bluza medyczna Camila Frappe PREORDER - Secret Uniform\" \/>\n<meta property=\"og:url\" content=\"https:\/\/secretuniform.pl\/produkt\/uniform-bluza-medyczna-camila-frappe-2\/\" \/>\n<meta property=\"og:site_name\" content=\"Secret Uniform\" \/>\n<meta property=\"article:modified_time\" content=\"2026-03-22T21:41:23+00:00\" \/>\n<meta property=\"og:image\" content=\"https:\/\/secretuniform.pl\/wp-content\/uploads\/2024\/09\/J25A1530.jpg\" \/>\n\t<meta property=\"og:image:width\" content=\"1707\" \/>\n\t<meta property=\"og:image:height\" content=\"2560\" \/>\n\t<meta property=\"og:image:type\" content=\"image\/jpeg\" \/>\n<meta name=\"twitter:card\" content=\"summary_large_image\" \/>\n<meta name=\"twitter:label1\" content=\"Est. reading time\" \/>\n\t<meta name=\"twitter:data1\" content=\"2 minutes\" \/>\n<script type=\"application\/ld+json\" class=\"yoast-schema-graph\">{\"@context\":\"https:\\\/\\\/schema.org\",\"@graph\":[{\"@type\":\"WebPage\",\"@id\":\"https:\\\/\\\/secretuniform.pl\\\/produkt\\\/uniform-bluza-medyczna-camila-frappe-2\\\/\",\"url\":\"https:\\\/\\\/secretuniform.pl\\\/produkt\\\/uniform-bluza-medyczna-camila-frappe-2\\\/\",\"name\":\"Uniform bluza medyczna Camila Frappe PREORDER - Secret Uniform\",\"isPartOf\":{\"@id\":\"https:\\\/\\\/secretuniform.pl\\\/en\\\/#website\"},\"primaryImageOfPage\":{\"@id\":\"https:\\\/\\\/secretuniform.pl\\\/produkt\\\/uniform-bluza-medyczna-camila-frappe-2\\\/#primaryimage\"},\"image\":{\"@id\":\"https:\\\/\\\/secretuniform.pl\\\/produkt\\\/uniform-bluza-medyczna-camila-frappe-2\\\/#primaryimage\"},\"thumbnailUrl\":\"https:\\\/\\\/secretuniform.pl\\\/wp-content\\\/uploads\\\/2024\\\/09\\\/J25A1530.jpg\",\"datePublished\":\"2024-09-05T16:51:56+00:00\",\"dateModified\":\"2026-03-22T21:41:23+00:00\",\"breadcrumb\":{\"@id\":\"https:\\\/\\\/secretuniform.pl\\\/produkt\\\/uniform-bluza-medyczna-camila-frappe-2\\\/#breadcrumb\"},\"inLanguage\":\"en-US\",\"potentialAction\":[{\"@type\":\"ReadAction\",\"target\":[\"https:\\\/\\\/secretuniform.pl\\\/produkt\\\/uniform-bluza-medyczna-camila-frappe-2\\\/\"]}]},{\"@type\":\"ImageObject\",\"inLanguage\":\"en-US\",\"@id\":\"https:\\\/\\\/secretuniform.pl\\\/produkt\\\/uniform-bluza-medyczna-camila-frappe-2\\\/#primaryimage\",\"url\":\"https:\\\/\\\/secretuniform.pl\\\/wp-content\\\/uploads\\\/2024\\\/09\\\/J25A1530.jpg\",\"contentUrl\":\"https:\\\/\\\/secretuniform.pl\\\/wp-content\\\/uploads\\\/2024\\\/09\\\/J25A1530.jpg\",\"width\":1707,\"height\":2560},{\"@type\":\"BreadcrumbList\",\"@id\":\"https:\\\/\\\/secretuniform.pl\\\/produkt\\\/uniform-bluza-medyczna-camila-frappe-2\\\/#breadcrumb\",\"itemListElement\":[{\"@type\":\"ListItem\",\"position\":1,\"name\":\"Strona g\u0142\u00f3wna\",\"item\":\"https:\\\/\\\/secretuniform.pl\\\/\"},{\"@type\":\"ListItem\",\"position\":2,\"name\":\"Shop\",\"item\":\"https:\\\/\\\/secretuniform.pl\\\/en\\\/shop\\\/\"},{\"@type\":\"ListItem\",\"position\":3,\"name\":\"Uniform bluza medyczna Camila Frappe PREORDER\"}]},{\"@type\":\"WebSite\",\"@id\":\"https:\\\/\\\/secretuniform.pl\\\/en\\\/#website\",\"url\":\"https:\\\/\\\/secretuniform.pl\\\/en\\\/\",\"name\":\"Secret Uniform\",\"description\":\"Znajd\u017a idealny Uniform do Twojej Pracy\",\"potentialAction\":[{\"@type\":\"SearchAction\",\"target\":{\"@type\":\"EntryPoint\",\"urlTemplate\":\"https:\\\/\\\/secretuniform.pl\\\/en\\\/?s={search_term_string}\"},\"query-input\":{\"@type\":\"PropertyValueSpecification\",\"valueRequired\":true,\"valueName\":\"search_term_string\"}}],\"inLanguage\":\"en-US\"}]}<\/script>\n<!-- \/ Yoast SEO plugin. -->","yoast_head_json":{"title":"Uniform bluza medyczna Camila Frappe PREORDER - Secret Uniform","robots":{"index":"index","follow":"follow","max-snippet":"max-snippet:-1","max-image-preview":"max-image-preview:large","max-video-preview":"max-video-preview:-1"},"canonical":"https:\/\/secretuniform.pl\/produkt\/uniform-bluza-medyczna-camila-frappe-2\/","og_locale":"en_US","og_type":"article","og_title":"Uniform bluza medyczna Camila Frappe PREORDER - Secret Uniform","og_url":"https:\/\/secretuniform.pl\/produkt\/uniform-bluza-medyczna-camila-frappe-2\/","og_site_name":"Secret Uniform","article_modified_time":"2026-03-22T21:41:23+00:00","og_image":[{"width":1707,"height":2560,"url":"https:\/\/secretuniform.pl\/wp-content\/uploads\/2024\/09\/J25A1530.jpg","type":"image\/jpeg"}],"twitter_card":"summary_large_image","twitter_misc":{"Est. reading time":"2 minutes"},"schema":{"@context":"https:\/\/schema.org","@graph":[{"@type":"WebPage","@id":"https:\/\/secretuniform.pl\/produkt\/uniform-bluza-medyczna-camila-frappe-2\/","url":"https:\/\/secretuniform.pl\/produkt\/uniform-bluza-medyczna-camila-frappe-2\/","name":"Uniform bluza medyczna Camila Frappe PREORDER - Secret Uniform","isPartOf":{"@id":"https:\/\/secretuniform.pl\/en\/#website"},"primaryImageOfPage":{"@id":"https:\/\/secretuniform.pl\/produkt\/uniform-bluza-medyczna-camila-frappe-2\/#primaryimage"},"image":{"@id":"https:\/\/secretuniform.pl\/produkt\/uniform-bluza-medyczna-camila-frappe-2\/#primaryimage"},"thumbnailUrl":"https:\/\/secretuniform.pl\/wp-content\/uploads\/2024\/09\/J25A1530.jpg","datePublished":"2024-09-05T16:51:56+00:00","dateModified":"2026-03-22T21:41:23+00:00","breadcrumb":{"@id":"https:\/\/secretuniform.pl\/produkt\/uniform-bluza-medyczna-camila-frappe-2\/#breadcrumb"},"inLanguage":"en-US","potentialAction":[{"@type":"ReadAction","target":["https:\/\/secretuniform.pl\/produkt\/uniform-bluza-medyczna-camila-frappe-2\/"]}]},{"@type":"ImageObject","inLanguage":"en-US","@id":"https:\/\/secretuniform.pl\/produkt\/uniform-bluza-medyczna-camila-frappe-2\/#primaryimage","url":"https:\/\/secretuniform.pl\/wp-content\/uploads\/2024\/09\/J25A1530.jpg","contentUrl":"https:\/\/secretuniform.pl\/wp-content\/uploads\/2024\/09\/J25A1530.jpg","width":1707,"height":2560},{"@type":"BreadcrumbList","@id":"https:\/\/secretuniform.pl\/produkt\/uniform-bluza-medyczna-camila-frappe-2\/#breadcrumb","itemListElement":[{"@type":"ListItem","position":1,"name":"Strona g\u0142\u00f3wna","item":"https:\/\/secretuniform.pl\/"},{"@type":"ListItem","position":2,"name":"Shop","item":"https:\/\/secretuniform.pl\/en\/shop\/"},{"@type":"ListItem","position":3,"name":"Uniform bluza medyczna Camila Frappe PREORDER"}]},{"@type":"WebSite","@id":"https:\/\/secretuniform.pl\/en\/#website","url":"https:\/\/secretuniform.pl\/en\/","name":"Secret Uniform","description":"Znajd\u017a idealny Uniform do Twojej Pracy","potentialAction":[{"@type":"SearchAction","target":{"@type":"EntryPoint","urlTemplate":"https:\/\/secretuniform.pl\/en\/?s={search_term_string}"},"query-input":{"@type":"PropertyValueSpecification","valueRequired":true,"valueName":"search_term_string"}}],"inLanguage":"en-US"}]}},"_links":{"self":[{"href":"https:\/\/secretuniform.pl\/en\/wp-json\/wp\/v2\/product\/18034","targetHints":{"allow":["GET"]}}],"collection":[{"href":"https:\/\/secretuniform.pl\/en\/wp-json\/wp\/v2\/product"}],"about":[{"href":"https:\/\/secretuniform.pl\/en\/wp-json\/wp\/v2\/types\/product"}],"replies":[{"embeddable":true,"href":"https:\/\/secretuniform.pl\/en\/wp-json\/wp\/v2\/comments?post=18034"}],"wp:featuredmedia":[{"embeddable":true,"href":"https:\/\/secretuniform.pl\/en\/wp-json\/wp\/v2\/media\/23343"}],"wp:attachment":[{"href":"https:\/\/secretuniform.pl\/en\/wp-json\/wp\/v2\/media?parent=18034"}],"wp:term":[{"taxonomy":"product_brand","embeddable":true,"href":"https:\/\/secretuniform.pl\/en\/wp-json\/wp\/v2\/product_brand?post=18034"},{"taxonomy":"product_cat","embeddable":true,"href":"https:\/\/secretuniform.pl\/en\/wp-json\/wp\/v2\/product_cat?post=18034"},{"taxonomy":"product_tag","embeddable":true,"href":"https:\/\/secretuniform.pl\/en\/wp-json\/wp\/v2\/product_tag?post=18034"}],"curies":[{"name":"wp","href":"https:\/\/api.w.org\/{rel}","templated":true}]}}