{"id":21207,"date":"2024-11-20T22:19:13","date_gmt":"2024-11-20T21:19:13","guid":{"rendered":"https:\/\/secretuniform.pl\/?post_type=product&#038;p=21207"},"modified":"2026-01-12T09:49:20","modified_gmt":"2026-01-12T08:49:20","slug":"spodnie-medyczne-meskie-baby-blue","status":"publish","type":"product","link":"https:\/\/secretuniform.pl\/en\/produkt\/spodnie-medyczne-meskie-baby-blue\/","title":{"rendered":"Spodnie medyczne m\u0119skie Baby Blue"},"content":{"rendered":"<p>Elegancja i wygoda to najwa\u017cniejsze aspekty przy tworzeniu ubra\u0144 do pracy. Zaprojektowane przez nas scrubsy stanowi\u0105 bardzo wygodny zestaw, w kt\u00f3rym poczujesz si\u0119 swobodnie i komfortowo.<\/p>\n<p>Informacje o produkcie:<br \/>\n*dopasowany kr\u00f3j<br \/>\n*dwie pojemne kieszenie przednie<br \/>\n*dwie mniejsze kieszenie tylne<br \/>\n*oddychaj\u0105ca tkanina PREMIUM<br \/>\n*mo\u017cliwo\u015b\u0107 stworzenia zestawu z produkt\u00f3w z naszej kolekcji dla m\u0119\u017cczyzn<\/p>\n<p>Cechy materia\u0142u:<br \/>\n*wiskoza 47%, poliester 49%, lycra 4%.<\/p>\n<p>Model ma 180 cm i nosi rozmiar M na wzrost 165\/174cm.<\/p>\n<p>Do idealnego uzupe\u0142nienia stylizacji polecamy bluz\u0119 medyczn\u0105 z tej samej kolekcji. Dodatkowo w naszej ofercie dost\u0119pne s\u0105 czepki medyczne. Skomponuj z nami pi\u0119kn\u0105 i uniwersaln\u0105 garderob\u0119 do pracy! G\u0142\u0119bia pi\u0119knych kolor\u00f3w sprawi, \u017ce poczujesz si\u0119 wyj\u0105tkowo w oferowanej przez nas odzie\u017cy. Pami\u0119taj, \u017ce wszystkie nasze produkty s\u0105 szyte w Polsce.<\/p>\n","protected":false},"excerpt":{"rendered":"<p>Elegancja i wygoda to najwa\u017cniejsze aspekty przy tworzeniu ubra\u0144 do pracy. Zaprojektowane przez nas scrubsy stanowi\u0105 bardzo wygodny zestaw, w kt\u00f3rym poczujesz si\u0119 swobodnie i komfortowo. Informacje o produkcie: *dopasowany kr\u00f3j *dwie pojemne kieszenie przednie *dwie mniejsze kieszenie tylne *oddychaj\u0105ca tkanina PREMIUM *mo\u017cliwo\u015b\u0107 stworzenia zestawu z produkt\u00f3w z naszej kolekcji dla m\u0119\u017cczyzn Cechy materia\u0142u: *wiskoza&#8230;<\/p>\n","protected":false},"featured_media":21214,"comment_status":"closed","ping_status":"closed","template":"","meta":[],"product_brand":[],"product_cat":[78,62,71],"product_tag":[],"class_list":{"0":"post-21207","1":"product","2":"type-product","3":"status-publish","4":"has-post-thumbnail","6":"product_cat-kolekcja-basic-odziez-meska","7":"product_cat-odziez-meska","8":"product_cat-spodnie-medyczne-meskie","10":"first","11":"instock","12":"taxable","13":"shipping-taxable","14":"purchasable","15":"product-type-variable","16":"add-to-wishlist-before_add_to_cart"},"yoast_head":"<!-- This site is optimized with the Yoast SEO plugin v27.4 - https:\/\/yoast.com\/product\/yoast-seo-wordpress\/ -->\n<title>Spodnie medyczne m\u0119skie Baby Blue - Secret Uniform<\/title>\n<meta name=\"robots\" content=\"index, follow, max-snippet:-1, max-image-preview:large, max-video-preview:-1\" \/>\n<link rel=\"canonical\" href=\"https:\/\/secretuniform.pl\/produkt\/spodnie-medyczne-meskie-baby-blue\/\" \/>\n<meta property=\"og:locale\" content=\"en_US\" \/>\n<meta property=\"og:type\" content=\"article\" \/>\n<meta property=\"og:title\" content=\"Spodnie medyczne m\u0119skie Baby Blue - Secret Uniform\" \/>\n<meta property=\"og:description\" content=\"Elegancja i wygoda to najwa\u017cniejsze aspekty przy tworzeniu ubra\u0144 do pracy. Zaprojektowane przez nas scrubsy stanowi\u0105 bardzo wygodny zestaw, w kt\u00f3rym poczujesz si\u0119 swobodnie i komfortowo. Informacje o produkcie: *dopasowany kr\u00f3j *dwie pojemne kieszenie przednie *dwie mniejsze kieszenie tylne *oddychaj\u0105ca tkanina PREMIUM *mo\u017cliwo\u015b\u0107 stworzenia zestawu z produkt\u00f3w z naszej kolekcji dla m\u0119\u017cczyzn Cechy materia\u0142u: *wiskoza...\" \/>\n<meta property=\"og:url\" content=\"https:\/\/secretuniform.pl\/produkt\/spodnie-medyczne-meskie-baby-blue\/\" \/>\n<meta property=\"og:site_name\" content=\"Secret Uniform\" \/>\n<meta property=\"article:modified_time\" content=\"2026-01-12T08:49:20+00:00\" \/>\n<meta property=\"og:image\" content=\"https:\/\/secretuniform.pl\/wp-content\/uploads\/2024\/11\/4-9738-scaled.jpg\" \/>\n\t<meta property=\"og:image:width\" content=\"1707\" \/>\n\t<meta property=\"og:image:height\" content=\"2560\" \/>\n\t<meta property=\"og:image:type\" content=\"image\/jpeg\" \/>\n<meta name=\"twitter:card\" content=\"summary_large_image\" \/>\n<meta name=\"twitter:label1\" content=\"Est. reading time\" \/>\n\t<meta name=\"twitter:data1\" content=\"1 minute\" \/>\n<script type=\"application\/ld+json\" class=\"yoast-schema-graph\">{\"@context\":\"https:\\\/\\\/schema.org\",\"@graph\":[{\"@type\":\"WebPage\",\"@id\":\"https:\\\/\\\/secretuniform.pl\\\/produkt\\\/spodnie-medyczne-meskie-baby-blue\\\/\",\"url\":\"https:\\\/\\\/secretuniform.pl\\\/produkt\\\/spodnie-medyczne-meskie-baby-blue\\\/\",\"name\":\"Spodnie medyczne m\u0119skie Baby Blue - Secret Uniform\",\"isPartOf\":{\"@id\":\"https:\\\/\\\/secretuniform.pl\\\/en\\\/#website\"},\"primaryImageOfPage\":{\"@id\":\"https:\\\/\\\/secretuniform.pl\\\/produkt\\\/spodnie-medyczne-meskie-baby-blue\\\/#primaryimage\"},\"image\":{\"@id\":\"https:\\\/\\\/secretuniform.pl\\\/produkt\\\/spodnie-medyczne-meskie-baby-blue\\\/#primaryimage\"},\"thumbnailUrl\":\"https:\\\/\\\/secretuniform.pl\\\/wp-content\\\/uploads\\\/2024\\\/11\\\/4-9738-scaled.jpg\",\"datePublished\":\"2024-11-20T21:19:13+00:00\",\"dateModified\":\"2026-01-12T08:49:20+00:00\",\"breadcrumb\":{\"@id\":\"https:\\\/\\\/secretuniform.pl\\\/produkt\\\/spodnie-medyczne-meskie-baby-blue\\\/#breadcrumb\"},\"inLanguage\":\"en-US\",\"potentialAction\":[{\"@type\":\"ReadAction\",\"target\":[\"https:\\\/\\\/secretuniform.pl\\\/produkt\\\/spodnie-medyczne-meskie-baby-blue\\\/\"]}]},{\"@type\":\"ImageObject\",\"inLanguage\":\"en-US\",\"@id\":\"https:\\\/\\\/secretuniform.pl\\\/produkt\\\/spodnie-medyczne-meskie-baby-blue\\\/#primaryimage\",\"url\":\"https:\\\/\\\/secretuniform.pl\\\/wp-content\\\/uploads\\\/2024\\\/11\\\/4-9738-scaled.jpg\",\"contentUrl\":\"https:\\\/\\\/secretuniform.pl\\\/wp-content\\\/uploads\\\/2024\\\/11\\\/4-9738-scaled.jpg\",\"width\":1707,\"height\":2560},{\"@type\":\"BreadcrumbList\",\"@id\":\"https:\\\/\\\/secretuniform.pl\\\/produkt\\\/spodnie-medyczne-meskie-baby-blue\\\/#breadcrumb\",\"itemListElement\":[{\"@type\":\"ListItem\",\"position\":1,\"name\":\"Strona g\u0142\u00f3wna\",\"item\":\"https:\\\/\\\/secretuniform.pl\\\/\"},{\"@type\":\"ListItem\",\"position\":2,\"name\":\"Shop\",\"item\":\"https:\\\/\\\/secretuniform.pl\\\/en\\\/shop\\\/\"},{\"@type\":\"ListItem\",\"position\":3,\"name\":\"Spodnie medyczne m\u0119skie Baby Blue\"}]},{\"@type\":\"WebSite\",\"@id\":\"https:\\\/\\\/secretuniform.pl\\\/en\\\/#website\",\"url\":\"https:\\\/\\\/secretuniform.pl\\\/en\\\/\",\"name\":\"Secret Uniform\",\"description\":\"Znajd\u017a idealny Uniform do Twojej Pracy\",\"potentialAction\":[{\"@type\":\"SearchAction\",\"target\":{\"@type\":\"EntryPoint\",\"urlTemplate\":\"https:\\\/\\\/secretuniform.pl\\\/en\\\/?s={search_term_string}\"},\"query-input\":{\"@type\":\"PropertyValueSpecification\",\"valueRequired\":true,\"valueName\":\"search_term_string\"}}],\"inLanguage\":\"en-US\"}]}<\/script>\n<!-- \/ Yoast SEO plugin. -->","yoast_head_json":{"title":"Spodnie medyczne m\u0119skie Baby Blue - Secret Uniform","robots":{"index":"index","follow":"follow","max-snippet":"max-snippet:-1","max-image-preview":"max-image-preview:large","max-video-preview":"max-video-preview:-1"},"canonical":"https:\/\/secretuniform.pl\/produkt\/spodnie-medyczne-meskie-baby-blue\/","og_locale":"en_US","og_type":"article","og_title":"Spodnie medyczne m\u0119skie Baby Blue - Secret Uniform","og_description":"Elegancja i wygoda to najwa\u017cniejsze aspekty przy tworzeniu ubra\u0144 do pracy. Zaprojektowane przez nas scrubsy stanowi\u0105 bardzo wygodny zestaw, w kt\u00f3rym poczujesz si\u0119 swobodnie i komfortowo. Informacje o produkcie: *dopasowany kr\u00f3j *dwie pojemne kieszenie przednie *dwie mniejsze kieszenie tylne *oddychaj\u0105ca tkanina PREMIUM *mo\u017cliwo\u015b\u0107 stworzenia zestawu z produkt\u00f3w z naszej kolekcji dla m\u0119\u017cczyzn Cechy materia\u0142u: *wiskoza...","og_url":"https:\/\/secretuniform.pl\/produkt\/spodnie-medyczne-meskie-baby-blue\/","og_site_name":"Secret Uniform","article_modified_time":"2026-01-12T08:49:20+00:00","og_image":[{"width":1707,"height":2560,"url":"https:\/\/secretuniform.pl\/wp-content\/uploads\/2024\/11\/4-9738-scaled.jpg","type":"image\/jpeg"}],"twitter_card":"summary_large_image","twitter_misc":{"Est. reading time":"1 minute"},"schema":{"@context":"https:\/\/schema.org","@graph":[{"@type":"WebPage","@id":"https:\/\/secretuniform.pl\/produkt\/spodnie-medyczne-meskie-baby-blue\/","url":"https:\/\/secretuniform.pl\/produkt\/spodnie-medyczne-meskie-baby-blue\/","name":"Spodnie medyczne m\u0119skie Baby Blue - Secret Uniform","isPartOf":{"@id":"https:\/\/secretuniform.pl\/en\/#website"},"primaryImageOfPage":{"@id":"https:\/\/secretuniform.pl\/produkt\/spodnie-medyczne-meskie-baby-blue\/#primaryimage"},"image":{"@id":"https:\/\/secretuniform.pl\/produkt\/spodnie-medyczne-meskie-baby-blue\/#primaryimage"},"thumbnailUrl":"https:\/\/secretuniform.pl\/wp-content\/uploads\/2024\/11\/4-9738-scaled.jpg","datePublished":"2024-11-20T21:19:13+00:00","dateModified":"2026-01-12T08:49:20+00:00","breadcrumb":{"@id":"https:\/\/secretuniform.pl\/produkt\/spodnie-medyczne-meskie-baby-blue\/#breadcrumb"},"inLanguage":"en-US","potentialAction":[{"@type":"ReadAction","target":["https:\/\/secretuniform.pl\/produkt\/spodnie-medyczne-meskie-baby-blue\/"]}]},{"@type":"ImageObject","inLanguage":"en-US","@id":"https:\/\/secretuniform.pl\/produkt\/spodnie-medyczne-meskie-baby-blue\/#primaryimage","url":"https:\/\/secretuniform.pl\/wp-content\/uploads\/2024\/11\/4-9738-scaled.jpg","contentUrl":"https:\/\/secretuniform.pl\/wp-content\/uploads\/2024\/11\/4-9738-scaled.jpg","width":1707,"height":2560},{"@type":"BreadcrumbList","@id":"https:\/\/secretuniform.pl\/produkt\/spodnie-medyczne-meskie-baby-blue\/#breadcrumb","itemListElement":[{"@type":"ListItem","position":1,"name":"Strona g\u0142\u00f3wna","item":"https:\/\/secretuniform.pl\/"},{"@type":"ListItem","position":2,"name":"Shop","item":"https:\/\/secretuniform.pl\/en\/shop\/"},{"@type":"ListItem","position":3,"name":"Spodnie medyczne m\u0119skie Baby Blue"}]},{"@type":"WebSite","@id":"https:\/\/secretuniform.pl\/en\/#website","url":"https:\/\/secretuniform.pl\/en\/","name":"Secret Uniform","description":"Znajd\u017a idealny Uniform do Twojej Pracy","potentialAction":[{"@type":"SearchAction","target":{"@type":"EntryPoint","urlTemplate":"https:\/\/secretuniform.pl\/en\/?s={search_term_string}"},"query-input":{"@type":"PropertyValueSpecification","valueRequired":true,"valueName":"search_term_string"}}],"inLanguage":"en-US"}]}},"_links":{"self":[{"href":"https:\/\/secretuniform.pl\/en\/wp-json\/wp\/v2\/product\/21207","targetHints":{"allow":["GET"]}}],"collection":[{"href":"https:\/\/secretuniform.pl\/en\/wp-json\/wp\/v2\/product"}],"about":[{"href":"https:\/\/secretuniform.pl\/en\/wp-json\/wp\/v2\/types\/product"}],"replies":[{"embeddable":true,"href":"https:\/\/secretuniform.pl\/en\/wp-json\/wp\/v2\/comments?post=21207"}],"wp:featuredmedia":[{"embeddable":true,"href":"https:\/\/secretuniform.pl\/en\/wp-json\/wp\/v2\/media\/21214"}],"wp:attachment":[{"href":"https:\/\/secretuniform.pl\/en\/wp-json\/wp\/v2\/media?parent=21207"}],"wp:term":[{"taxonomy":"product_brand","embeddable":true,"href":"https:\/\/secretuniform.pl\/en\/wp-json\/wp\/v2\/product_brand?post=21207"},{"taxonomy":"product_cat","embeddable":true,"href":"https:\/\/secretuniform.pl\/en\/wp-json\/wp\/v2\/product_cat?post=21207"},{"taxonomy":"product_tag","embeddable":true,"href":"https:\/\/secretuniform.pl\/en\/wp-json\/wp\/v2\/product_tag?post=21207"}],"curies":[{"name":"wp","href":"https:\/\/api.w.org\/{rel}","templated":true}]}}