{"id":21628,"date":"2024-11-24T11:42:22","date_gmt":"2024-11-24T10:42:22","guid":{"rendered":"https:\/\/secretuniform.pl\/?post_type=product&#038;p=21628"},"modified":"2025-03-06T12:27:00","modified_gmt":"2025-03-06T11:27:00","slug":"spodnie-flare-czern","status":"publish","type":"product","link":"https:\/\/secretuniform.pl\/en\/produkt\/spodnie-flare-czern\/","title":{"rendered":"Spodnie medyczne Flare G\u0142\u0119bia Czerni"},"content":{"rendered":"<h3><strong>Spodnie medyczne damskie w kolorze czarnym z elastyczn\u0105 tali\u0105 \u2013 wygoda i minimalizm w jednym<\/strong><\/h3>\n<p>Te klasyczne spodnie damskie to idealne po\u0142\u0105czenie prostoty, komfortu i stylu. Dzi\u0119ki uniwersalnemu krojowi idealnie sprawdz\u0105 si\u0119 podczas pracy i nie b\u0119d\u0105 kr\u0119powa\u0142y ruch\u00f3w.<\/p>\n<h6><strong>Kluczowe cechy produktu:<\/strong><\/h6>\n<p><strong><img decoding=\"async\" class=\"emoji\" role=\"img\" draggable=\"false\" src=\"https:\/\/s.w.org\/images\/core\/emoji\/15.0.3\/svg\/2714.svg\" alt=\"\u2714\" \/> Elastyczna talia<\/strong> \u2013swoboda ruch\u00f3w<br \/>\n<strong><img decoding=\"async\" class=\"emoji\" role=\"img\" draggable=\"false\" src=\"https:\/\/s.w.org\/images\/core\/emoji\/15.0.3\/svg\/2714.svg\" alt=\"\u2714\" \/> Prosty kr\u00f3j<\/strong> \u2013 optycznie wyd\u0142u\u017ca nogi, podkre\u015blaj\u0105c sylwetk\u0119<br \/>\n<strong><img decoding=\"async\" class=\"emoji\" role=\"img\" draggable=\"false\" src=\"https:\/\/s.w.org\/images\/core\/emoji\/15.0.3\/svg\/2714.svg\" alt=\"\u2714\" \/> Lekki, przewiewny materia\u0142<\/strong> \u2013 wygodny w noszeniu przez ca\u0142y dzie\u0144, niezale\u017cnie od okazji.<\/p>\n<h6 data-start=\"830\" data-end=\"856\"><strong data-start=\"834\" data-end=\"854\">Cechy materia\u0142u:<\/strong><\/h6>\n<p data-start=\"857\" data-end=\"1070\"><img decoding=\"async\" class=\"emoji\" role=\"img\" draggable=\"false\" src=\"https:\/\/s.w.org\/images\/core\/emoji\/15.0.3\/svg\/2714.svg\" alt=\"\u2714\" \/><strong>poliester 59%, wiskoza 37%, lycra 4%- <\/strong>jako\u015b\u0107 PREMIUM<br \/>\n<img decoding=\"async\" class=\"emoji\" role=\"img\" draggable=\"false\" src=\"https:\/\/s.w.org\/images\/core\/emoji\/15.0.3\/svg\/2714.svg\" alt=\"\u2714\" \/><strong>g\u0142\u0119bia koloru-<\/strong>nienaganny wygl\u0105d nawet po wielu praniach.<br \/>\n<img decoding=\"async\" class=\"emoji\" role=\"img\" draggable=\"false\" src=\"https:\/\/s.w.org\/images\/core\/emoji\/15.0.3\/svg\/2714.svg\" alt=\"\u2714\" \/><strong>\u0142atwy\u00a0w piel\u0119gnacji \u2013<\/strong> odporna na zagniecenia i \u0142atwa do prasowania.<\/p>\n<h6><em><strong data-start=\"1007\" data-end=\"1042\">Stw\u00f3rz elegancki zestaw z klas\u0105<\/strong><\/em><\/h6>\n<p>W naszej ofercie znajd\u0105 Pa\u0144stwo produkty, kt\u00f3re stworz\u0105 idealny zestaw. Poni\u017cej znajduj\u0105 si\u0119 rekomendowane produkty.<\/p>\n<p>Modelka ma 170 cm wzrostu i nosi rozmiar spodni XS 170\/176 cm.<\/p>\n","protected":false},"excerpt":{"rendered":"<p><img loading=\"lazy\" decoding=\"async\" class=\"alignnone wp-image-24864\" src=\"https:\/\/secretuniform.pl\/wp-content\/uploads\/2024\/11\/SPODNIE-FLARE-158_164-450x364.jpg\" alt=\"\" width=\"990\" height=\"800\" srcset=\"https:\/\/secretuniform.pl\/wp-content\/uploads\/2024\/11\/SPODNIE-FLARE-158_164-450x364.jpg 450w, https:\/\/secretuniform.pl\/wp-content\/uploads\/2024\/11\/SPODNIE-FLARE-158_164-1024x828.jpg 1024w, https:\/\/secretuniform.pl\/wp-content\/uploads\/2024\/11\/SPODNIE-FLARE-158_164-600x485.jpg 600w\" sizes=\"auto, (max-width: 990px) 100vw, 990px\" \/><\/p>\n<p><img loading=\"lazy\" decoding=\"async\" class=\"alignnone wp-image-24866\" src=\"https:\/\/secretuniform.pl\/wp-content\/uploads\/2024\/11\/SPODNIE-FLARE-170_176-450x364.jpg\" alt=\"\" width=\"1141\" height=\"921\" srcset=\"https:\/\/secretuniform.pl\/wp-content\/uploads\/2024\/11\/SPODNIE-FLARE-170_176-450x364.jpg 450w, https:\/\/secretuniform.pl\/wp-content\/uploads\/2024\/11\/SPODNIE-FLARE-170_176-1024x828.jpg 1024w, https:\/\/secretuniform.pl\/wp-content\/uploads\/2024\/11\/SPODNIE-FLARE-170_176-600x485.jpg 600w\" sizes=\"auto, (max-width: 1141px) 100vw, 1141px\" \/><\/p>\n","protected":false},"featured_media":28028,"comment_status":"closed","ping_status":"closed","template":"","meta":[],"product_brand":[],"product_cat":[80,81,61,64,67],"product_tag":[],"class_list":{"0":"post-21628","1":"product","2":"type-product","3":"status-publish","4":"has-post-thumbnail","6":"product_cat-kolekcja-basic-odziez-damska","7":"product_cat-kolekcja-elegant-odziez-damska","8":"product_cat-odziez-damska","9":"product_cat-spodnie-medyczne-damskie","10":"product_cat-spodnie-medyczne","12":"first","13":"instock","14":"taxable","15":"shipping-taxable","16":"purchasable","17":"product-type-variable","18":"add-to-wishlist-before_add_to_cart"},"yoast_head":"<!-- This site is optimized with the Yoast SEO plugin v27.4 - https:\/\/yoast.com\/product\/yoast-seo-wordpress\/ -->\n<title>Spodnie medyczne Flare G\u0142\u0119bia Czerni - Secret Uniform<\/title>\n<meta name=\"robots\" content=\"index, follow, max-snippet:-1, max-image-preview:large, max-video-preview:-1\" \/>\n<link rel=\"canonical\" href=\"https:\/\/secretuniform.pl\/produkt\/spodnie-flare-czern\/\" \/>\n<meta property=\"og:locale\" content=\"en_US\" \/>\n<meta property=\"og:type\" content=\"article\" \/>\n<meta property=\"og:title\" content=\"Spodnie medyczne Flare G\u0142\u0119bia Czerni - Secret Uniform\" \/>\n<meta property=\"og:url\" content=\"https:\/\/secretuniform.pl\/produkt\/spodnie-flare-czern\/\" \/>\n<meta property=\"og:site_name\" content=\"Secret Uniform\" \/>\n<meta property=\"article:modified_time\" content=\"2025-03-06T11:27:00+00:00\" \/>\n<meta property=\"og:image\" content=\"https:\/\/secretuniform.pl\/wp-content\/uploads\/2024\/11\/J25A5377-2.jpg\" \/>\n\t<meta property=\"og:image:width\" content=\"1707\" \/>\n\t<meta property=\"og:image:height\" content=\"2560\" \/>\n\t<meta property=\"og:image:type\" content=\"image\/jpeg\" \/>\n<meta name=\"twitter:card\" content=\"summary_large_image\" \/>\n<meta name=\"twitter:label1\" content=\"Est. reading time\" \/>\n\t<meta name=\"twitter:data1\" content=\"3 minutes\" \/>\n<script type=\"application\/ld+json\" class=\"yoast-schema-graph\">{\"@context\":\"https:\\\/\\\/schema.org\",\"@graph\":[{\"@type\":\"WebPage\",\"@id\":\"https:\\\/\\\/secretuniform.pl\\\/produkt\\\/spodnie-flare-czern\\\/\",\"url\":\"https:\\\/\\\/secretuniform.pl\\\/produkt\\\/spodnie-flare-czern\\\/\",\"name\":\"Spodnie medyczne Flare G\u0142\u0119bia Czerni - Secret Uniform\",\"isPartOf\":{\"@id\":\"https:\\\/\\\/secretuniform.pl\\\/en\\\/#website\"},\"primaryImageOfPage\":{\"@id\":\"https:\\\/\\\/secretuniform.pl\\\/produkt\\\/spodnie-flare-czern\\\/#primaryimage\"},\"image\":{\"@id\":\"https:\\\/\\\/secretuniform.pl\\\/produkt\\\/spodnie-flare-czern\\\/#primaryimage\"},\"thumbnailUrl\":\"https:\\\/\\\/secretuniform.pl\\\/wp-content\\\/uploads\\\/2024\\\/11\\\/J25A5377-2.jpg\",\"datePublished\":\"2024-11-24T10:42:22+00:00\",\"dateModified\":\"2025-03-06T11:27:00+00:00\",\"breadcrumb\":{\"@id\":\"https:\\\/\\\/secretuniform.pl\\\/produkt\\\/spodnie-flare-czern\\\/#breadcrumb\"},\"inLanguage\":\"en-US\",\"potentialAction\":[{\"@type\":\"ReadAction\",\"target\":[\"https:\\\/\\\/secretuniform.pl\\\/produkt\\\/spodnie-flare-czern\\\/\"]}]},{\"@type\":\"ImageObject\",\"inLanguage\":\"en-US\",\"@id\":\"https:\\\/\\\/secretuniform.pl\\\/produkt\\\/spodnie-flare-czern\\\/#primaryimage\",\"url\":\"https:\\\/\\\/secretuniform.pl\\\/wp-content\\\/uploads\\\/2024\\\/11\\\/J25A5377-2.jpg\",\"contentUrl\":\"https:\\\/\\\/secretuniform.pl\\\/wp-content\\\/uploads\\\/2024\\\/11\\\/J25A5377-2.jpg\",\"width\":1707,\"height\":2560},{\"@type\":\"BreadcrumbList\",\"@id\":\"https:\\\/\\\/secretuniform.pl\\\/produkt\\\/spodnie-flare-czern\\\/#breadcrumb\",\"itemListElement\":[{\"@type\":\"ListItem\",\"position\":1,\"name\":\"Strona g\u0142\u00f3wna\",\"item\":\"https:\\\/\\\/secretuniform.pl\\\/\"},{\"@type\":\"ListItem\",\"position\":2,\"name\":\"Shop\",\"item\":\"https:\\\/\\\/secretuniform.pl\\\/en\\\/shop\\\/\"},{\"@type\":\"ListItem\",\"position\":3,\"name\":\"Spodnie medyczne Flare G\u0142\u0119bia Czerni\"}]},{\"@type\":\"WebSite\",\"@id\":\"https:\\\/\\\/secretuniform.pl\\\/en\\\/#website\",\"url\":\"https:\\\/\\\/secretuniform.pl\\\/en\\\/\",\"name\":\"Secret Uniform\",\"description\":\"Znajd\u017a idealny Uniform do Twojej Pracy\",\"potentialAction\":[{\"@type\":\"SearchAction\",\"target\":{\"@type\":\"EntryPoint\",\"urlTemplate\":\"https:\\\/\\\/secretuniform.pl\\\/en\\\/?s={search_term_string}\"},\"query-input\":{\"@type\":\"PropertyValueSpecification\",\"valueRequired\":true,\"valueName\":\"search_term_string\"}}],\"inLanguage\":\"en-US\"}]}<\/script>\n<!-- \/ Yoast SEO plugin. -->","yoast_head_json":{"title":"Spodnie medyczne Flare G\u0142\u0119bia Czerni - Secret Uniform","robots":{"index":"index","follow":"follow","max-snippet":"max-snippet:-1","max-image-preview":"max-image-preview:large","max-video-preview":"max-video-preview:-1"},"canonical":"https:\/\/secretuniform.pl\/produkt\/spodnie-flare-czern\/","og_locale":"en_US","og_type":"article","og_title":"Spodnie medyczne Flare G\u0142\u0119bia Czerni - Secret Uniform","og_url":"https:\/\/secretuniform.pl\/produkt\/spodnie-flare-czern\/","og_site_name":"Secret Uniform","article_modified_time":"2025-03-06T11:27:00+00:00","og_image":[{"width":1707,"height":2560,"url":"https:\/\/secretuniform.pl\/wp-content\/uploads\/2024\/11\/J25A5377-2.jpg","type":"image\/jpeg"}],"twitter_card":"summary_large_image","twitter_misc":{"Est. reading time":"3 minutes"},"schema":{"@context":"https:\/\/schema.org","@graph":[{"@type":"WebPage","@id":"https:\/\/secretuniform.pl\/produkt\/spodnie-flare-czern\/","url":"https:\/\/secretuniform.pl\/produkt\/spodnie-flare-czern\/","name":"Spodnie medyczne Flare G\u0142\u0119bia Czerni - Secret Uniform","isPartOf":{"@id":"https:\/\/secretuniform.pl\/en\/#website"},"primaryImageOfPage":{"@id":"https:\/\/secretuniform.pl\/produkt\/spodnie-flare-czern\/#primaryimage"},"image":{"@id":"https:\/\/secretuniform.pl\/produkt\/spodnie-flare-czern\/#primaryimage"},"thumbnailUrl":"https:\/\/secretuniform.pl\/wp-content\/uploads\/2024\/11\/J25A5377-2.jpg","datePublished":"2024-11-24T10:42:22+00:00","dateModified":"2025-03-06T11:27:00+00:00","breadcrumb":{"@id":"https:\/\/secretuniform.pl\/produkt\/spodnie-flare-czern\/#breadcrumb"},"inLanguage":"en-US","potentialAction":[{"@type":"ReadAction","target":["https:\/\/secretuniform.pl\/produkt\/spodnie-flare-czern\/"]}]},{"@type":"ImageObject","inLanguage":"en-US","@id":"https:\/\/secretuniform.pl\/produkt\/spodnie-flare-czern\/#primaryimage","url":"https:\/\/secretuniform.pl\/wp-content\/uploads\/2024\/11\/J25A5377-2.jpg","contentUrl":"https:\/\/secretuniform.pl\/wp-content\/uploads\/2024\/11\/J25A5377-2.jpg","width":1707,"height":2560},{"@type":"BreadcrumbList","@id":"https:\/\/secretuniform.pl\/produkt\/spodnie-flare-czern\/#breadcrumb","itemListElement":[{"@type":"ListItem","position":1,"name":"Strona g\u0142\u00f3wna","item":"https:\/\/secretuniform.pl\/"},{"@type":"ListItem","position":2,"name":"Shop","item":"https:\/\/secretuniform.pl\/en\/shop\/"},{"@type":"ListItem","position":3,"name":"Spodnie medyczne Flare G\u0142\u0119bia Czerni"}]},{"@type":"WebSite","@id":"https:\/\/secretuniform.pl\/en\/#website","url":"https:\/\/secretuniform.pl\/en\/","name":"Secret Uniform","description":"Znajd\u017a idealny Uniform do Twojej Pracy","potentialAction":[{"@type":"SearchAction","target":{"@type":"EntryPoint","urlTemplate":"https:\/\/secretuniform.pl\/en\/?s={search_term_string}"},"query-input":{"@type":"PropertyValueSpecification","valueRequired":true,"valueName":"search_term_string"}}],"inLanguage":"en-US"}]}},"_links":{"self":[{"href":"https:\/\/secretuniform.pl\/en\/wp-json\/wp\/v2\/product\/21628","targetHints":{"allow":["GET"]}}],"collection":[{"href":"https:\/\/secretuniform.pl\/en\/wp-json\/wp\/v2\/product"}],"about":[{"href":"https:\/\/secretuniform.pl\/en\/wp-json\/wp\/v2\/types\/product"}],"replies":[{"embeddable":true,"href":"https:\/\/secretuniform.pl\/en\/wp-json\/wp\/v2\/comments?post=21628"}],"wp:featuredmedia":[{"embeddable":true,"href":"https:\/\/secretuniform.pl\/en\/wp-json\/wp\/v2\/media\/28028"}],"wp:attachment":[{"href":"https:\/\/secretuniform.pl\/en\/wp-json\/wp\/v2\/media?parent=21628"}],"wp:term":[{"taxonomy":"product_brand","embeddable":true,"href":"https:\/\/secretuniform.pl\/en\/wp-json\/wp\/v2\/product_brand?post=21628"},{"taxonomy":"product_cat","embeddable":true,"href":"https:\/\/secretuniform.pl\/en\/wp-json\/wp\/v2\/product_cat?post=21628"},{"taxonomy":"product_tag","embeddable":true,"href":"https:\/\/secretuniform.pl\/en\/wp-json\/wp\/v2\/product_tag?post=21628"}],"curies":[{"name":"wp","href":"https:\/\/api.w.org\/{rel}","templated":true}]}}