{"id":28647,"date":"2025-03-29T19:35:08","date_gmt":"2025-03-29T18:35:08","guid":{"rendered":"https:\/\/secretuniform.pl\/?post_type=product&#038;p=28647"},"modified":"2025-03-29T19:50:33","modified_gmt":"2025-03-29T18:50:33","slug":"spodnie-medyczne-flare-czekolada","status":"publish","type":"product","link":"https:\/\/secretuniform.pl\/en\/produkt\/spodnie-medyczne-flare-czekolada\/","title":{"rendered":"Spodnie medyczne Flare Czekolada"},"content":{"rendered":"<h4><strong>Czekoladowe spodnie damskie z elastyczn\u0105 tali\u0105 \u2013 wygoda i minimalizm w jednym<\/strong><\/h4>\n<p>Te klasyczne spodnie damskie to idealne po\u0142\u0105czenie prostoty, komfortu i stylu. Dzi\u0119ki uniwersalnemu krojowi idealnie sprawdz\u0105 si\u0119 podczas pracy i nie b\u0119d\u0105 kr\u0119powa\u0142y ruch\u00f3w.<\/p>\n<h3><strong>Kluczowe cechy produktu:<\/strong><\/h3>\n<h6><strong>Elastyczna talia<\/strong> \u2013 zapewnia idealne dopasowanie do sylwetki oraz swobod\u0119 ruch\u00f3w.<br \/>\n<strong>Prosty kr\u00f3j<\/strong> \u2013 optycznie wyd\u0142u\u017ca nogi, podkre\u015blaj\u0105c atuty sylwetki.<br \/>\n<strong>Lekki, przewiewny materia\u0142<\/strong> \u2013 wygodny w noszeniu przez ca\u0142y dzie\u0144, niezale\u017cnie od okazji.<\/h6>\n<h3><strong>Cechy materia\u0142u:<\/strong><\/h3>\n<h6>*wiskoza 47%, poliester 49%, lycra 4%.<\/h6>\n<h5><strong><em>Stw\u00f3rz elegancki zestaw z klas\u0105<\/em><\/strong><\/h5>\n<p>W naszej ofercie znajd\u0105 Pa\u0144stwo produkty, kt\u00f3re stworz\u0105 idealny zestaw. Poni\u017cej znajduj\u0105 si\u0119 rekomendowane produkty.<\/p>\n<p>Modelka ma 170 cm wzrostu i nosi rozmiar XS.<\/p>\n","protected":false},"excerpt":{"rendered":"<p><img loading=\"lazy\" decoding=\"async\" class=\"alignnone size-medium wp-image-24864\" src=\"https:\/\/secretuniform.pl\/wp-content\/uploads\/2024\/11\/SPODNIE-FLARE-158_164-450x364.jpg\" alt=\"\" width=\"450\" height=\"364\" srcset=\"https:\/\/secretuniform.pl\/wp-content\/uploads\/2024\/11\/SPODNIE-FLARE-158_164-450x364.jpg 450w, https:\/\/secretuniform.pl\/wp-content\/uploads\/2024\/11\/SPODNIE-FLARE-158_164-1024x828.jpg 1024w, https:\/\/secretuniform.pl\/wp-content\/uploads\/2024\/11\/SPODNIE-FLARE-158_164-600x485.jpg 600w\" sizes=\"auto, (max-width: 450px) 100vw, 450px\" \/> <img loading=\"lazy\" decoding=\"async\" class=\"alignnone size-medium wp-image-24866\" src=\"https:\/\/secretuniform.pl\/wp-content\/uploads\/2024\/11\/SPODNIE-FLARE-170_176-450x364.jpg\" alt=\"\" width=\"450\" height=\"364\" srcset=\"https:\/\/secretuniform.pl\/wp-content\/uploads\/2024\/11\/SPODNIE-FLARE-170_176-450x364.jpg 450w, https:\/\/secretuniform.pl\/wp-content\/uploads\/2024\/11\/SPODNIE-FLARE-170_176-1024x828.jpg 1024w, https:\/\/secretuniform.pl\/wp-content\/uploads\/2024\/11\/SPODNIE-FLARE-170_176-600x485.jpg 600w\" sizes=\"auto, (max-width: 450px) 100vw, 450px\" \/><\/p>\n","protected":false},"featured_media":28650,"comment_status":"closed","ping_status":"closed","template":"","meta":[],"product_brand":[],"product_cat":[80,81,61,67,64],"product_tag":[],"class_list":{"0":"post-28647","1":"product","2":"type-product","3":"status-publish","4":"has-post-thumbnail","6":"product_cat-kolekcja-basic-odziez-damska","7":"product_cat-kolekcja-elegant-odziez-damska","8":"product_cat-odziez-damska","9":"product_cat-spodnie-medyczne","10":"product_cat-spodnie-medyczne-damskie","12":"first","13":"instock","14":"taxable","15":"shipping-taxable","16":"purchasable","17":"product-type-variable","18":"add-to-wishlist-before_add_to_cart"},"yoast_head":"<!-- This site is optimized with the Yoast SEO plugin v27.4 - https:\/\/yoast.com\/product\/yoast-seo-wordpress\/ -->\n<title>Spodnie medyczne Flare Czekolada - Secret Uniform<\/title>\n<meta name=\"robots\" content=\"index, follow, max-snippet:-1, max-image-preview:large, max-video-preview:-1\" \/>\n<link rel=\"canonical\" href=\"https:\/\/secretuniform.pl\/produkt\/spodnie-medyczne-flare-czekolada\/\" \/>\n<meta property=\"og:locale\" content=\"en_US\" \/>\n<meta property=\"og:type\" content=\"article\" \/>\n<meta property=\"og:title\" content=\"Spodnie medyczne Flare Czekolada - Secret Uniform\" \/>\n<meta property=\"og:url\" content=\"https:\/\/secretuniform.pl\/produkt\/spodnie-medyczne-flare-czekolada\/\" \/>\n<meta property=\"og:site_name\" content=\"Secret Uniform\" \/>\n<meta property=\"article:modified_time\" content=\"2025-03-29T18:50:33+00:00\" \/>\n<meta property=\"og:image\" content=\"https:\/\/secretuniform.pl\/wp-content\/uploads\/2025\/03\/ChatGPT-Image-29-mar-2025-19_18_09.png\" \/>\n\t<meta property=\"og:image:width\" content=\"1024\" \/>\n\t<meta property=\"og:image:height\" content=\"1536\" \/>\n\t<meta property=\"og:image:type\" content=\"image\/png\" \/>\n<meta name=\"twitter:card\" content=\"summary_large_image\" \/>\n<meta name=\"twitter:label1\" content=\"Est. reading time\" \/>\n\t<meta name=\"twitter:data1\" content=\"1 minute\" \/>\n<script type=\"application\/ld+json\" class=\"yoast-schema-graph\">{\"@context\":\"https:\\\/\\\/schema.org\",\"@graph\":[{\"@type\":\"WebPage\",\"@id\":\"https:\\\/\\\/secretuniform.pl\\\/produkt\\\/spodnie-medyczne-flare-czekolada\\\/\",\"url\":\"https:\\\/\\\/secretuniform.pl\\\/produkt\\\/spodnie-medyczne-flare-czekolada\\\/\",\"name\":\"Spodnie medyczne Flare Czekolada - Secret Uniform\",\"isPartOf\":{\"@id\":\"https:\\\/\\\/secretuniform.pl\\\/en\\\/#website\"},\"primaryImageOfPage\":{\"@id\":\"https:\\\/\\\/secretuniform.pl\\\/produkt\\\/spodnie-medyczne-flare-czekolada\\\/#primaryimage\"},\"image\":{\"@id\":\"https:\\\/\\\/secretuniform.pl\\\/produkt\\\/spodnie-medyczne-flare-czekolada\\\/#primaryimage\"},\"thumbnailUrl\":\"https:\\\/\\\/secretuniform.pl\\\/wp-content\\\/uploads\\\/2025\\\/03\\\/ChatGPT-Image-29-mar-2025-19_18_09.png\",\"datePublished\":\"2025-03-29T18:35:08+00:00\",\"dateModified\":\"2025-03-29T18:50:33+00:00\",\"breadcrumb\":{\"@id\":\"https:\\\/\\\/secretuniform.pl\\\/produkt\\\/spodnie-medyczne-flare-czekolada\\\/#breadcrumb\"},\"inLanguage\":\"en-US\",\"potentialAction\":[{\"@type\":\"ReadAction\",\"target\":[\"https:\\\/\\\/secretuniform.pl\\\/produkt\\\/spodnie-medyczne-flare-czekolada\\\/\"]}]},{\"@type\":\"ImageObject\",\"inLanguage\":\"en-US\",\"@id\":\"https:\\\/\\\/secretuniform.pl\\\/produkt\\\/spodnie-medyczne-flare-czekolada\\\/#primaryimage\",\"url\":\"https:\\\/\\\/secretuniform.pl\\\/wp-content\\\/uploads\\\/2025\\\/03\\\/ChatGPT-Image-29-mar-2025-19_18_09.png\",\"contentUrl\":\"https:\\\/\\\/secretuniform.pl\\\/wp-content\\\/uploads\\\/2025\\\/03\\\/ChatGPT-Image-29-mar-2025-19_18_09.png\",\"width\":1024,\"height\":1536},{\"@type\":\"BreadcrumbList\",\"@id\":\"https:\\\/\\\/secretuniform.pl\\\/produkt\\\/spodnie-medyczne-flare-czekolada\\\/#breadcrumb\",\"itemListElement\":[{\"@type\":\"ListItem\",\"position\":1,\"name\":\"Strona g\u0142\u00f3wna\",\"item\":\"https:\\\/\\\/secretuniform.pl\\\/\"},{\"@type\":\"ListItem\",\"position\":2,\"name\":\"Shop\",\"item\":\"https:\\\/\\\/secretuniform.pl\\\/en\\\/shop\\\/\"},{\"@type\":\"ListItem\",\"position\":3,\"name\":\"Spodnie medyczne Flare Czekolada\"}]},{\"@type\":\"WebSite\",\"@id\":\"https:\\\/\\\/secretuniform.pl\\\/en\\\/#website\",\"url\":\"https:\\\/\\\/secretuniform.pl\\\/en\\\/\",\"name\":\"Secret Uniform\",\"description\":\"Znajd\u017a idealny Uniform do Twojej Pracy\",\"potentialAction\":[{\"@type\":\"SearchAction\",\"target\":{\"@type\":\"EntryPoint\",\"urlTemplate\":\"https:\\\/\\\/secretuniform.pl\\\/en\\\/?s={search_term_string}\"},\"query-input\":{\"@type\":\"PropertyValueSpecification\",\"valueRequired\":true,\"valueName\":\"search_term_string\"}}],\"inLanguage\":\"en-US\"}]}<\/script>\n<!-- \/ Yoast SEO plugin. -->","yoast_head_json":{"title":"Spodnie medyczne Flare Czekolada - Secret Uniform","robots":{"index":"index","follow":"follow","max-snippet":"max-snippet:-1","max-image-preview":"max-image-preview:large","max-video-preview":"max-video-preview:-1"},"canonical":"https:\/\/secretuniform.pl\/produkt\/spodnie-medyczne-flare-czekolada\/","og_locale":"en_US","og_type":"article","og_title":"Spodnie medyczne Flare Czekolada - Secret Uniform","og_url":"https:\/\/secretuniform.pl\/produkt\/spodnie-medyczne-flare-czekolada\/","og_site_name":"Secret Uniform","article_modified_time":"2025-03-29T18:50:33+00:00","og_image":[{"width":1024,"height":1536,"url":"https:\/\/secretuniform.pl\/wp-content\/uploads\/2025\/03\/ChatGPT-Image-29-mar-2025-19_18_09.png","type":"image\/png"}],"twitter_card":"summary_large_image","twitter_misc":{"Est. reading time":"1 minute"},"schema":{"@context":"https:\/\/schema.org","@graph":[{"@type":"WebPage","@id":"https:\/\/secretuniform.pl\/produkt\/spodnie-medyczne-flare-czekolada\/","url":"https:\/\/secretuniform.pl\/produkt\/spodnie-medyczne-flare-czekolada\/","name":"Spodnie medyczne Flare Czekolada - Secret Uniform","isPartOf":{"@id":"https:\/\/secretuniform.pl\/en\/#website"},"primaryImageOfPage":{"@id":"https:\/\/secretuniform.pl\/produkt\/spodnie-medyczne-flare-czekolada\/#primaryimage"},"image":{"@id":"https:\/\/secretuniform.pl\/produkt\/spodnie-medyczne-flare-czekolada\/#primaryimage"},"thumbnailUrl":"https:\/\/secretuniform.pl\/wp-content\/uploads\/2025\/03\/ChatGPT-Image-29-mar-2025-19_18_09.png","datePublished":"2025-03-29T18:35:08+00:00","dateModified":"2025-03-29T18:50:33+00:00","breadcrumb":{"@id":"https:\/\/secretuniform.pl\/produkt\/spodnie-medyczne-flare-czekolada\/#breadcrumb"},"inLanguage":"en-US","potentialAction":[{"@type":"ReadAction","target":["https:\/\/secretuniform.pl\/produkt\/spodnie-medyczne-flare-czekolada\/"]}]},{"@type":"ImageObject","inLanguage":"en-US","@id":"https:\/\/secretuniform.pl\/produkt\/spodnie-medyczne-flare-czekolada\/#primaryimage","url":"https:\/\/secretuniform.pl\/wp-content\/uploads\/2025\/03\/ChatGPT-Image-29-mar-2025-19_18_09.png","contentUrl":"https:\/\/secretuniform.pl\/wp-content\/uploads\/2025\/03\/ChatGPT-Image-29-mar-2025-19_18_09.png","width":1024,"height":1536},{"@type":"BreadcrumbList","@id":"https:\/\/secretuniform.pl\/produkt\/spodnie-medyczne-flare-czekolada\/#breadcrumb","itemListElement":[{"@type":"ListItem","position":1,"name":"Strona g\u0142\u00f3wna","item":"https:\/\/secretuniform.pl\/"},{"@type":"ListItem","position":2,"name":"Shop","item":"https:\/\/secretuniform.pl\/en\/shop\/"},{"@type":"ListItem","position":3,"name":"Spodnie medyczne Flare Czekolada"}]},{"@type":"WebSite","@id":"https:\/\/secretuniform.pl\/en\/#website","url":"https:\/\/secretuniform.pl\/en\/","name":"Secret Uniform","description":"Znajd\u017a idealny Uniform do Twojej Pracy","potentialAction":[{"@type":"SearchAction","target":{"@type":"EntryPoint","urlTemplate":"https:\/\/secretuniform.pl\/en\/?s={search_term_string}"},"query-input":{"@type":"PropertyValueSpecification","valueRequired":true,"valueName":"search_term_string"}}],"inLanguage":"en-US"}]}},"_links":{"self":[{"href":"https:\/\/secretuniform.pl\/en\/wp-json\/wp\/v2\/product\/28647","targetHints":{"allow":["GET"]}}],"collection":[{"href":"https:\/\/secretuniform.pl\/en\/wp-json\/wp\/v2\/product"}],"about":[{"href":"https:\/\/secretuniform.pl\/en\/wp-json\/wp\/v2\/types\/product"}],"replies":[{"embeddable":true,"href":"https:\/\/secretuniform.pl\/en\/wp-json\/wp\/v2\/comments?post=28647"}],"wp:featuredmedia":[{"embeddable":true,"href":"https:\/\/secretuniform.pl\/en\/wp-json\/wp\/v2\/media\/28650"}],"wp:attachment":[{"href":"https:\/\/secretuniform.pl\/en\/wp-json\/wp\/v2\/media?parent=28647"}],"wp:term":[{"taxonomy":"product_brand","embeddable":true,"href":"https:\/\/secretuniform.pl\/en\/wp-json\/wp\/v2\/product_brand?post=28647"},{"taxonomy":"product_cat","embeddable":true,"href":"https:\/\/secretuniform.pl\/en\/wp-json\/wp\/v2\/product_cat?post=28647"},{"taxonomy":"product_tag","embeddable":true,"href":"https:\/\/secretuniform.pl\/en\/wp-json\/wp\/v2\/product_tag?post=28647"}],"curies":[{"name":"wp","href":"https:\/\/api.w.org\/{rel}","templated":true}]}}