{"id":35598,"date":"2026-01-20T13:43:52","date_gmt":"2026-01-20T12:43:52","guid":{"rendered":"https:\/\/secretuniform.pl\/?post_type=product&#038;p=35598"},"modified":"2026-02-22T18:49:24","modified_gmt":"2026-02-22T17:49:24","slug":"bluza-medyczna-scrubs-cukierkowy-roz-xl-2xl-3xl","status":"publish","type":"product","link":"https:\/\/secretuniform.pl\/en\/produkt\/bluza-medyczna-scrubs-cukierkowy-roz-xl-2xl-3xl\/","title":{"rendered":"Bluza medyczna scrubs Cukierkowy R\u00f3\u017c | XL 2XL 3XL"},"content":{"rendered":"<p><strong>Bluza medyczna \u2013 profesjonalizm i wygoda<\/strong><\/p>\n<p>Klasyczna i funkcjonalna <strong data-start=\"89\" data-end=\"108\">bluza medyczna<\/strong> to idealne po\u0142\u0105czenie <strong data-start=\"131\" data-end=\"180\">minimalizmu, wygody <\/strong>i<strong data-start=\"131\" data-end=\"180\"> profesjonalnego wygl\u0105du<\/strong>. Jej <strong data-start=\"186\" data-end=\"229\">dopasowany kr\u00f3j<\/strong> oraz<strong data-start=\"186\" data-end=\"229\"> elastyczna tkanina<\/strong> zapewniaj\u0105 pe\u0142n\u0105 swobod\u0119 ruch\u00f3w i komfort przez ca\u0142y dzie\u0144 pracy. To doskona\u0142y wyb\u00f3r dla lekarzy, piel\u0119gniarek, kosmetolog\u00f3w i specjalist\u00f3w z bran\u017cy medycznej.<\/p>\n<h6 data-start=\"398\" data-end=\"423\"><strong data-start=\"402\" data-end=\"421\">Cechy produktu:<\/strong><\/h6>\n<p data-start=\"424\" data-end=\"823\"><img decoding=\"async\" class=\"emoji\" role=\"img\" draggable=\"false\" src=\"https:\/\/s.w.org\/images\/core\/emoji\/15.0.3\/svg\/2714.svg\" alt=\"\u2714\" \/> <strong data-start=\"426\" data-end=\"457\">Dekolt w kszta\u0142cie litery V<\/strong> \u2013 elegancki i subtelny.<br data-start=\"493\" data-end=\"496\" \/><img decoding=\"async\" class=\"emoji\" role=\"img\" draggable=\"false\" src=\"https:\/\/s.w.org\/images\/core\/emoji\/15.0.3\/svg\/2714.svg\" alt=\"\u2714\" \/> <strong data-start=\"498\" data-end=\"517\">Klasyczny fason<\/strong> \u2013 dopasowany, ale niekr\u0119puj\u0105cy ruch\u00f3w.<br data-start=\"556\" data-end=\"559\" \/><img decoding=\"async\" class=\"emoji\" role=\"img\" draggable=\"false\" src=\"https:\/\/s.w.org\/images\/core\/emoji\/15.0.3\/svg\/2714.svg\" alt=\"\u2714\" \/> <strong data-start=\"561\" data-end=\"579\">Kr\u00f3tkie r\u0119kawy<\/strong> \u2013 idealne na ka\u017cd\u0105 por\u0119 roku.<br data-start=\"609\" data-end=\"612\" \/><img decoding=\"async\" class=\"emoji\" role=\"img\" draggable=\"false\" src=\"https:\/\/s.w.org\/images\/core\/emoji\/15.0.3\/svg\/2714.svg\" alt=\"\u2714\" \/> <strong data-start=\"614\" data-end=\"645\">Dwie funkcjonalne kieszenie<\/strong> \u2013 praktyczne i dyskretnie.<br data-start=\"685\" data-end=\"688\" \/><img decoding=\"async\" class=\"emoji\" role=\"img\" draggable=\"false\" src=\"https:\/\/s.w.org\/images\/core\/emoji\/15.0.3\/svg\/2714.svg\" alt=\"\u2714\" \/> <strong data-start=\"690\" data-end=\"721\">Oddychaj\u0105ca tkanina PREMIUM<\/strong> \u2013 lekka i przyjemna.<br \/>\n<img decoding=\"async\" class=\"emoji\" role=\"img\" draggable=\"false\" src=\"https:\/\/s.w.org\/images\/core\/emoji\/15.0.3\/svg\/2714.svg\" alt=\"\u2714\" \/> <strong>R\u0119kawy oraz kieszenie wyko\u0144czone plisk\u0105<\/strong> \u2013 dba\u0142o\u015b\u0107 o ka\u017cdy detal.<\/p>\n<h6 data-start=\"830\" data-end=\"856\"><strong data-start=\"834\" data-end=\"854\">Cechy materia\u0142u:<\/strong><\/h6>\n<p data-start=\"857\" data-end=\"1070\"><img decoding=\"async\" class=\"emoji\" role=\"img\" draggable=\"false\" src=\"https:\/\/s.w.org\/images\/core\/emoji\/15.0.3\/svg\/2714.svg\" alt=\"\u2714\" \/><strong>poliester 59%, wiskoza 37%, lycra 4%- <\/strong>jako\u015b\u0107 PREMIUM<br \/>\n<img decoding=\"async\" class=\"emoji\" role=\"img\" draggable=\"false\" src=\"https:\/\/s.w.org\/images\/core\/emoji\/15.0.3\/svg\/2714.svg\" alt=\"\u2714\" \/><strong>g\u0142\u0119bia koloru-<\/strong>nienaganny wygl\u0105d nawet po wielu praniach.<br \/>\n<img decoding=\"async\" class=\"emoji\" role=\"img\" draggable=\"false\" src=\"https:\/\/s.w.org\/images\/core\/emoji\/15.0.3\/svg\/2714.svg\" alt=\"\u2714\" \/><strong>\u0142atwy\u00a0w piel\u0119gnacji \u2013<\/strong> odporna na zagniecenia i \u0142atwa do prasowania.<\/p>\n<p data-start=\"1077\" data-end=\"1130\">\u00a0<strong data-start=\"1080\" data-end=\"1128\">Modelka ma 170 cm wzrostu i nosi rozmiar S.<\/strong><\/p>\n<h6><em><strong>Kompletuj stylizacj\u0119 z klas\u0105<\/strong><\/em><\/h6>\n<p>Stw\u00f3rz <strong>kompletny uniform medyczny damski<\/strong>, \u0142\u0105cz\u0105c bluz\u0119 medyczn\u0105 ze <strong>spodniami medycznymi joggerami <\/strong>lub\u00a0klasycznym modelem o <strong>smuk\u0142ej nogawce. <\/strong>W ofercie dost\u0119pne s\u0105 r\u00f3wnie\u017c<strong> czepki medyczne.<br \/>\n<\/strong>Pod spodem znajduj\u0105 si\u0119 rekomendowane produkty.<\/p>\n","protected":false},"excerpt":{"rendered":"<p>Bluza medyczna \u2013 profesjonalizm i wygoda Klasyczna i funkcjonalna bluza medyczna to idealne po\u0142\u0105czenie minimalizmu, wygody i profesjonalnego wygl\u0105du. Jej dopasowany kr\u00f3j oraz elastyczna tkanina zapewniaj\u0105 pe\u0142n\u0105 swobod\u0119 ruch\u00f3w i komfort przez ca\u0142y dzie\u0144 pracy. To doskona\u0142y wyb\u00f3r dla lekarzy, piel\u0119gniarek, kosmetolog\u00f3w i specjalist\u00f3w z bran\u017cy medycznej. Cechy produktu: Dekolt w kszta\u0142cie litery V \u2013&#8230;<\/p>\n","protected":false},"featured_media":31113,"comment_status":"closed","ping_status":"closed","template":"","meta":[],"product_brand":[],"product_cat":[137],"product_tag":[],"class_list":{"0":"post-35598","1":"product","2":"type-product","3":"status-publish","4":"has-post-thumbnail","6":"product_cat-koncowka-kolekcji","8":"first","9":"instock","10":"taxable","11":"shipping-taxable","12":"purchasable","13":"product-type-variable","14":"add-to-wishlist-before_add_to_cart"},"yoast_head":"<!-- This site is optimized with the Yoast SEO plugin v27.4 - https:\/\/yoast.com\/product\/yoast-seo-wordpress\/ -->\n<title>Bluza medyczna scrubs Cukierkowy R\u00f3\u017c | XL 2XL 3XL - Secret Uniform<\/title>\n<meta name=\"robots\" content=\"index, follow, max-snippet:-1, max-image-preview:large, max-video-preview:-1\" \/>\n<link rel=\"canonical\" href=\"https:\/\/secretuniform.pl\/produkt\/bluza-medyczna-scrubs-cukierkowy-roz-xl-2xl-3xl\/\" \/>\n<meta property=\"og:locale\" content=\"en_US\" \/>\n<meta property=\"og:type\" content=\"article\" \/>\n<meta property=\"og:title\" content=\"Bluza medyczna scrubs Cukierkowy R\u00f3\u017c | XL 2XL 3XL - Secret Uniform\" \/>\n<meta property=\"og:description\" content=\"Bluza medyczna \u2013 profesjonalizm i wygoda Klasyczna i funkcjonalna bluza medyczna to idealne po\u0142\u0105czenie minimalizmu, wygody i profesjonalnego wygl\u0105du. Jej dopasowany kr\u00f3j oraz elastyczna tkanina zapewniaj\u0105 pe\u0142n\u0105 swobod\u0119 ruch\u00f3w i komfort przez ca\u0142y dzie\u0144 pracy. To doskona\u0142y wyb\u00f3r dla lekarzy, piel\u0119gniarek, kosmetolog\u00f3w i specjalist\u00f3w z bran\u017cy medycznej. Cechy produktu: Dekolt w kszta\u0142cie litery V \u2013...\" \/>\n<meta property=\"og:url\" content=\"https:\/\/secretuniform.pl\/produkt\/bluza-medyczna-scrubs-cukierkowy-roz-xl-2xl-3xl\/\" \/>\n<meta property=\"og:site_name\" content=\"Secret Uniform\" \/>\n<meta property=\"article:modified_time\" content=\"2026-02-22T17:49:24+00:00\" \/>\n<meta property=\"og:image\" content=\"https:\/\/secretuniform.pl\/wp-content\/uploads\/2024\/01\/J25A9726.jpg\" \/>\n\t<meta property=\"og:image:width\" content=\"1707\" \/>\n\t<meta property=\"og:image:height\" content=\"2560\" \/>\n\t<meta property=\"og:image:type\" content=\"image\/jpeg\" \/>\n<meta name=\"twitter:card\" content=\"summary_large_image\" \/>\n<meta name=\"twitter:label1\" content=\"Est. reading time\" \/>\n\t<meta name=\"twitter:data1\" content=\"3 minutes\" \/>\n<script type=\"application\/ld+json\" class=\"yoast-schema-graph\">{\"@context\":\"https:\\\/\\\/schema.org\",\"@graph\":[{\"@type\":\"WebPage\",\"@id\":\"https:\\\/\\\/secretuniform.pl\\\/produkt\\\/bluza-medyczna-scrubs-cukierkowy-roz-xl-2xl-3xl\\\/\",\"url\":\"https:\\\/\\\/secretuniform.pl\\\/produkt\\\/bluza-medyczna-scrubs-cukierkowy-roz-xl-2xl-3xl\\\/\",\"name\":\"Bluza medyczna scrubs Cukierkowy R\u00f3\u017c | XL 2XL 3XL - Secret Uniform\",\"isPartOf\":{\"@id\":\"https:\\\/\\\/secretuniform.pl\\\/en\\\/#website\"},\"primaryImageOfPage\":{\"@id\":\"https:\\\/\\\/secretuniform.pl\\\/produkt\\\/bluza-medyczna-scrubs-cukierkowy-roz-xl-2xl-3xl\\\/#primaryimage\"},\"image\":{\"@id\":\"https:\\\/\\\/secretuniform.pl\\\/produkt\\\/bluza-medyczna-scrubs-cukierkowy-roz-xl-2xl-3xl\\\/#primaryimage\"},\"thumbnailUrl\":\"https:\\\/\\\/secretuniform.pl\\\/wp-content\\\/uploads\\\/2024\\\/01\\\/J25A9726.jpg\",\"datePublished\":\"2026-01-20T12:43:52+00:00\",\"dateModified\":\"2026-02-22T17:49:24+00:00\",\"breadcrumb\":{\"@id\":\"https:\\\/\\\/secretuniform.pl\\\/produkt\\\/bluza-medyczna-scrubs-cukierkowy-roz-xl-2xl-3xl\\\/#breadcrumb\"},\"inLanguage\":\"en-US\",\"potentialAction\":[{\"@type\":\"ReadAction\",\"target\":[\"https:\\\/\\\/secretuniform.pl\\\/produkt\\\/bluza-medyczna-scrubs-cukierkowy-roz-xl-2xl-3xl\\\/\"]}]},{\"@type\":\"ImageObject\",\"inLanguage\":\"en-US\",\"@id\":\"https:\\\/\\\/secretuniform.pl\\\/produkt\\\/bluza-medyczna-scrubs-cukierkowy-roz-xl-2xl-3xl\\\/#primaryimage\",\"url\":\"https:\\\/\\\/secretuniform.pl\\\/wp-content\\\/uploads\\\/2024\\\/01\\\/J25A9726.jpg\",\"contentUrl\":\"https:\\\/\\\/secretuniform.pl\\\/wp-content\\\/uploads\\\/2024\\\/01\\\/J25A9726.jpg\",\"width\":1707,\"height\":2560},{\"@type\":\"BreadcrumbList\",\"@id\":\"https:\\\/\\\/secretuniform.pl\\\/produkt\\\/bluza-medyczna-scrubs-cukierkowy-roz-xl-2xl-3xl\\\/#breadcrumb\",\"itemListElement\":[{\"@type\":\"ListItem\",\"position\":1,\"name\":\"Strona g\u0142\u00f3wna\",\"item\":\"https:\\\/\\\/secretuniform.pl\\\/\"},{\"@type\":\"ListItem\",\"position\":2,\"name\":\"Shop\",\"item\":\"https:\\\/\\\/secretuniform.pl\\\/en\\\/shop\\\/\"},{\"@type\":\"ListItem\",\"position\":3,\"name\":\"Bluza medyczna scrubs Cukierkowy R\u00f3\u017c | XL 2XL 3XL\"}]},{\"@type\":\"WebSite\",\"@id\":\"https:\\\/\\\/secretuniform.pl\\\/en\\\/#website\",\"url\":\"https:\\\/\\\/secretuniform.pl\\\/en\\\/\",\"name\":\"Secret Uniform\",\"description\":\"Znajd\u017a idealny Uniform do Twojej Pracy\",\"potentialAction\":[{\"@type\":\"SearchAction\",\"target\":{\"@type\":\"EntryPoint\",\"urlTemplate\":\"https:\\\/\\\/secretuniform.pl\\\/en\\\/?s={search_term_string}\"},\"query-input\":{\"@type\":\"PropertyValueSpecification\",\"valueRequired\":true,\"valueName\":\"search_term_string\"}}],\"inLanguage\":\"en-US\"}]}<\/script>\n<!-- \/ Yoast SEO plugin. -->","yoast_head_json":{"title":"Bluza medyczna scrubs Cukierkowy R\u00f3\u017c | XL 2XL 3XL - Secret Uniform","robots":{"index":"index","follow":"follow","max-snippet":"max-snippet:-1","max-image-preview":"max-image-preview:large","max-video-preview":"max-video-preview:-1"},"canonical":"https:\/\/secretuniform.pl\/produkt\/bluza-medyczna-scrubs-cukierkowy-roz-xl-2xl-3xl\/","og_locale":"en_US","og_type":"article","og_title":"Bluza medyczna scrubs Cukierkowy R\u00f3\u017c | XL 2XL 3XL - Secret Uniform","og_description":"Bluza medyczna \u2013 profesjonalizm i wygoda Klasyczna i funkcjonalna bluza medyczna to idealne po\u0142\u0105czenie minimalizmu, wygody i profesjonalnego wygl\u0105du. Jej dopasowany kr\u00f3j oraz elastyczna tkanina zapewniaj\u0105 pe\u0142n\u0105 swobod\u0119 ruch\u00f3w i komfort przez ca\u0142y dzie\u0144 pracy. To doskona\u0142y wyb\u00f3r dla lekarzy, piel\u0119gniarek, kosmetolog\u00f3w i specjalist\u00f3w z bran\u017cy medycznej. Cechy produktu: Dekolt w kszta\u0142cie litery V \u2013...","og_url":"https:\/\/secretuniform.pl\/produkt\/bluza-medyczna-scrubs-cukierkowy-roz-xl-2xl-3xl\/","og_site_name":"Secret Uniform","article_modified_time":"2026-02-22T17:49:24+00:00","og_image":[{"width":1707,"height":2560,"url":"https:\/\/secretuniform.pl\/wp-content\/uploads\/2024\/01\/J25A9726.jpg","type":"image\/jpeg"}],"twitter_card":"summary_large_image","twitter_misc":{"Est. reading time":"3 minutes"},"schema":{"@context":"https:\/\/schema.org","@graph":[{"@type":"WebPage","@id":"https:\/\/secretuniform.pl\/produkt\/bluza-medyczna-scrubs-cukierkowy-roz-xl-2xl-3xl\/","url":"https:\/\/secretuniform.pl\/produkt\/bluza-medyczna-scrubs-cukierkowy-roz-xl-2xl-3xl\/","name":"Bluza medyczna scrubs Cukierkowy R\u00f3\u017c | XL 2XL 3XL - Secret Uniform","isPartOf":{"@id":"https:\/\/secretuniform.pl\/en\/#website"},"primaryImageOfPage":{"@id":"https:\/\/secretuniform.pl\/produkt\/bluza-medyczna-scrubs-cukierkowy-roz-xl-2xl-3xl\/#primaryimage"},"image":{"@id":"https:\/\/secretuniform.pl\/produkt\/bluza-medyczna-scrubs-cukierkowy-roz-xl-2xl-3xl\/#primaryimage"},"thumbnailUrl":"https:\/\/secretuniform.pl\/wp-content\/uploads\/2024\/01\/J25A9726.jpg","datePublished":"2026-01-20T12:43:52+00:00","dateModified":"2026-02-22T17:49:24+00:00","breadcrumb":{"@id":"https:\/\/secretuniform.pl\/produkt\/bluza-medyczna-scrubs-cukierkowy-roz-xl-2xl-3xl\/#breadcrumb"},"inLanguage":"en-US","potentialAction":[{"@type":"ReadAction","target":["https:\/\/secretuniform.pl\/produkt\/bluza-medyczna-scrubs-cukierkowy-roz-xl-2xl-3xl\/"]}]},{"@type":"ImageObject","inLanguage":"en-US","@id":"https:\/\/secretuniform.pl\/produkt\/bluza-medyczna-scrubs-cukierkowy-roz-xl-2xl-3xl\/#primaryimage","url":"https:\/\/secretuniform.pl\/wp-content\/uploads\/2024\/01\/J25A9726.jpg","contentUrl":"https:\/\/secretuniform.pl\/wp-content\/uploads\/2024\/01\/J25A9726.jpg","width":1707,"height":2560},{"@type":"BreadcrumbList","@id":"https:\/\/secretuniform.pl\/produkt\/bluza-medyczna-scrubs-cukierkowy-roz-xl-2xl-3xl\/#breadcrumb","itemListElement":[{"@type":"ListItem","position":1,"name":"Strona g\u0142\u00f3wna","item":"https:\/\/secretuniform.pl\/"},{"@type":"ListItem","position":2,"name":"Shop","item":"https:\/\/secretuniform.pl\/en\/shop\/"},{"@type":"ListItem","position":3,"name":"Bluza medyczna scrubs Cukierkowy R\u00f3\u017c | XL 2XL 3XL"}]},{"@type":"WebSite","@id":"https:\/\/secretuniform.pl\/en\/#website","url":"https:\/\/secretuniform.pl\/en\/","name":"Secret Uniform","description":"Znajd\u017a idealny Uniform do Twojej Pracy","potentialAction":[{"@type":"SearchAction","target":{"@type":"EntryPoint","urlTemplate":"https:\/\/secretuniform.pl\/en\/?s={search_term_string}"},"query-input":{"@type":"PropertyValueSpecification","valueRequired":true,"valueName":"search_term_string"}}],"inLanguage":"en-US"}]}},"_links":{"self":[{"href":"https:\/\/secretuniform.pl\/en\/wp-json\/wp\/v2\/product\/35598","targetHints":{"allow":["GET"]}}],"collection":[{"href":"https:\/\/secretuniform.pl\/en\/wp-json\/wp\/v2\/product"}],"about":[{"href":"https:\/\/secretuniform.pl\/en\/wp-json\/wp\/v2\/types\/product"}],"replies":[{"embeddable":true,"href":"https:\/\/secretuniform.pl\/en\/wp-json\/wp\/v2\/comments?post=35598"}],"wp:featuredmedia":[{"embeddable":true,"href":"https:\/\/secretuniform.pl\/en\/wp-json\/wp\/v2\/media\/31113"}],"wp:attachment":[{"href":"https:\/\/secretuniform.pl\/en\/wp-json\/wp\/v2\/media?parent=35598"}],"wp:term":[{"taxonomy":"product_brand","embeddable":true,"href":"https:\/\/secretuniform.pl\/en\/wp-json\/wp\/v2\/product_brand?post=35598"},{"taxonomy":"product_cat","embeddable":true,"href":"https:\/\/secretuniform.pl\/en\/wp-json\/wp\/v2\/product_cat?post=35598"},{"taxonomy":"product_tag","embeddable":true,"href":"https:\/\/secretuniform.pl\/en\/wp-json\/wp\/v2\/product_tag?post=35598"}],"curies":[{"name":"wp","href":"https:\/\/api.w.org\/{rel}","templated":true}]}}