{"id":35794,"date":"2026-01-21T09:58:46","date_gmt":"2026-01-21T08:58:46","guid":{"rendered":"https:\/\/secretuniform.pl\/?post_type=product&#038;p=35794"},"modified":"2026-01-21T10:06:05","modified_gmt":"2026-01-21T09:06:05","slug":"spodnie-medyczne-joggery-scrubs-baby-blue-l-xl-2xl-3xl","status":"publish","type":"product","link":"https:\/\/secretuniform.pl\/en\/produkt\/spodnie-medyczne-joggery-scrubs-baby-blue-l-xl-2xl-3xl\/","title":{"rendered":"Spodnie medyczne joggery scrubs Baby Blue | L XL 2XL 3XL"},"content":{"rendered":"<h3 data-start=\"0\" data-end=\"71\">UWAGA!\u00a0 Model ma lu\u017aniejszy kr\u00f3j &#8211; rekomendujemy wyb\u00f3r mniejszego rozmiaru.\u00a0 \u00a0 \u00a0 \u00a0 \u00a0 \u00a0 \u00a0 \u00a0 Zdj\u0119cie pogl\u0105dowe.<\/h3>\n<h3 data-start=\"0\" data-end=\"71\"><strong data-start=\"0\" data-end=\"69\">Stylowe i wygodne spodnie medyczne joggery\u2013 idealne na ka\u017cdy dzie\u0144 pracy.<\/strong><\/h3>\n<p data-start=\"73\" data-end=\"396\">Spodnie medyczne joggery, kt\u00f3re \u0142\u0105cz\u0105 funkcjonalno\u015b\u0107 z elegancj\u0105. Ich dopracowany kr\u00f3j zapewnia komfort i swobod\u0119 ruch\u00f3w przez ca\u0142y dzie\u0144. Elastyczna talia oraz \u015bci\u0105gacze przy kostkach gwarantuj\u0105 dopasowanie do sylwetki. Doskona\u0142y wyb\u00f3r dla profesjonalistek, kt\u00f3re ceni\u0105 wygod\u0119 bez kompromis\u00f3w w kwestii stylu.<\/p>\n<h3 data-start=\"398\" data-end=\"423\"><strong data-start=\"402\" data-end=\"421\">Cechy produktu:<\/strong><\/h3>\n<p data-start=\"424\" data-end=\"764\"><img decoding=\"async\" class=\"emoji\" role=\"img\" draggable=\"false\" src=\"https:\/\/s.w.org\/images\/core\/emoji\/15.0.3\/svg\/2714.svg\" alt=\"\u2714\" \/>\u00a0<strong data-start=\"426\" data-end=\"446\">Elastyczna talia<\/strong>\u00a0\u2013 zapewnia wygod\u0119<br data-start=\"493\" data-end=\"496\" \/><img decoding=\"async\" class=\"emoji\" role=\"img\" draggable=\"false\" src=\"https:\/\/s.w.org\/images\/core\/emoji\/15.0.3\/svg\/2714.svg\" alt=\"\u2714\" \/>\u00a0<strong data-start=\"498\" data-end=\"517\">Zw\u0119\u017cana nogawka<\/strong>\u00a0\u2013 modny fason\u00a0<br data-start=\"554\" data-end=\"557\" \/><img decoding=\"async\" class=\"emoji\" role=\"img\" draggable=\"false\" src=\"https:\/\/s.w.org\/images\/core\/emoji\/15.0.3\/svg\/2714.svg\" alt=\"\u2714\" \/>\u00a0<strong data-start=\"559\" data-end=\"583\">Praktyczne kieszenie<\/strong>\u00a0\u2013 dwie pojemne kieszenie<br data-start=\"622\" data-end=\"625\" \/><img decoding=\"async\" class=\"emoji\" role=\"img\" draggable=\"false\" src=\"https:\/\/s.w.org\/images\/core\/emoji\/15.0.3\/svg\/2714.svg\" alt=\"\u2714\" \/>\u00a0<strong data-start=\"627\" data-end=\"654\" data-is-only-node=\"\">\u015aci\u0105gacze przy kostkach<\/strong>\u00a0\u2013 nowoczesny design i wygoda<br data-start=\"683\" data-end=\"686\" \/><img decoding=\"async\" class=\"emoji\" role=\"img\" draggable=\"false\" src=\"https:\/\/s.w.org\/images\/core\/emoji\/15.0.3\/svg\/2714.svg\" alt=\"\u2714\" \/>\u00a0<strong data-start=\"688\" data-end=\"720\">Oddychaj\u0105cy materia\u0142 PREMIUM<\/strong>\u00a0\u2013 komfort nawet podczas intensywnego dnia<\/p>\n<h6 data-start=\"830\" data-end=\"856\"><strong data-start=\"834\" data-end=\"854\">Cechy materia\u0142u:<\/strong><\/h6>\n<p data-start=\"857\" data-end=\"1070\"><img decoding=\"async\" class=\"emoji\" role=\"img\" draggable=\"false\" src=\"https:\/\/s.w.org\/images\/core\/emoji\/15.0.3\/svg\/2714.svg\" alt=\"\u2714\" \/><strong>poliester 59%, wiskoza 37%, lycra 4%-\u00a0<\/strong>jako\u015b\u0107 PREMIUM<br \/>\n<img decoding=\"async\" class=\"emoji\" role=\"img\" draggable=\"false\" src=\"https:\/\/s.w.org\/images\/core\/emoji\/15.0.3\/svg\/2714.svg\" alt=\"\u2714\" \/><strong>g\u0142\u0119bia koloru-<\/strong>nienaganny wygl\u0105d nawet po wielu praniach.<br \/>\n<img decoding=\"async\" class=\"emoji\" role=\"img\" draggable=\"false\" src=\"https:\/\/s.w.org\/images\/core\/emoji\/15.0.3\/svg\/2714.svg\" alt=\"\u2714\" \/><strong>\u0142atwy\u00a0w piel\u0119gnacji \u2013<\/strong>\u00a0odporna na zagniecenia i \u0142atwa do prasowania.<\/p>\n<p data-start=\"1077\" data-end=\"1130\">\u00a0<strong data-start=\"1080\" data-end=\"1128\">Modelka ma 170 cm wzrostu i nosi rozmiar S 170\/176 cm.\u00a0<\/strong><\/p>\n<h6><em><strong>Kompletuj stylizacj\u0119 z klas\u0105<\/strong><\/em><\/h6>\n<p>Stw\u00f3rz\u00a0<strong>kompletny uniform medyczny<\/strong>\u00a0\u0142\u0105cz\u0105c spodnie medyczne joggery\u00a0z<strong>\u00a0bluz\u0105 medyczn\u0105 damsk\u0105.<br \/>\n<\/strong>W ofercie dost\u0119pne s\u0105 r\u00f3wnie\u017c<strong>\u00a0czepki medyczne.<br \/>\n<\/strong>Pod spodem znajduj\u0105 si\u0119 rekomendowane produkty.<\/p>\n","protected":false},"excerpt":{"rendered":"<p>UWAGA!\u00a0 Model ma lu\u017aniejszy kr\u00f3j &#8211; rekomendujemy wyb\u00f3r mniejszego rozmiaru.\u00a0 \u00a0 \u00a0 \u00a0 \u00a0 \u00a0 \u00a0 \u00a0 Zdj\u0119cie pogl\u0105dowe. Stylowe i wygodne spodnie medyczne joggery\u2013 idealne na ka\u017cdy dzie\u0144 pracy. Spodnie medyczne joggery, kt\u00f3re \u0142\u0105cz\u0105 funkcjonalno\u015b\u0107 z elegancj\u0105. Ich dopracowany kr\u00f3j zapewnia komfort i swobod\u0119 ruch\u00f3w przez ca\u0142y dzie\u0144. Elastyczna talia oraz \u015bci\u0105gacze przy kostkach&#8230;<\/p>\n","protected":false},"featured_media":26728,"comment_status":"closed","ping_status":"closed","template":"","meta":[],"product_brand":[],"product_cat":[34],"product_tag":[],"class_list":{"0":"post-35794","1":"product","2":"type-product","3":"status-publish","4":"has-post-thumbnail","6":"product_cat-wyprzedaz","8":"first","9":"instock","10":"taxable","11":"shipping-taxable","12":"purchasable","13":"product-type-variable","14":"add-to-wishlist-before_add_to_cart"},"yoast_head":"<!-- This site is optimized with the Yoast SEO plugin v27.4 - https:\/\/yoast.com\/product\/yoast-seo-wordpress\/ -->\n<title>Spodnie medyczne joggery scrubs Baby Blue | L XL 2XL 3XL - Secret Uniform<\/title>\n<meta name=\"robots\" content=\"index, follow, max-snippet:-1, max-image-preview:large, max-video-preview:-1\" \/>\n<link rel=\"canonical\" href=\"https:\/\/secretuniform.pl\/produkt\/spodnie-medyczne-joggery-scrubs-baby-blue-l-xl-2xl-3xl\/\" \/>\n<meta property=\"og:locale\" content=\"en_US\" \/>\n<meta property=\"og:type\" content=\"article\" \/>\n<meta property=\"og:title\" content=\"Spodnie medyczne joggery scrubs Baby Blue | L XL 2XL 3XL - Secret Uniform\" \/>\n<meta property=\"og:description\" content=\"UWAGA!\u00a0 Model ma lu\u017aniejszy kr\u00f3j &#8211; rekomendujemy wyb\u00f3r mniejszego rozmiaru.\u00a0 \u00a0 \u00a0 \u00a0 \u00a0 \u00a0 \u00a0 \u00a0 Zdj\u0119cie pogl\u0105dowe. Stylowe i wygodne spodnie medyczne joggery\u2013 idealne na ka\u017cdy dzie\u0144 pracy. Spodnie medyczne joggery, kt\u00f3re \u0142\u0105cz\u0105 funkcjonalno\u015b\u0107 z elegancj\u0105. Ich dopracowany kr\u00f3j zapewnia komfort i swobod\u0119 ruch\u00f3w przez ca\u0142y dzie\u0144. Elastyczna talia oraz \u015bci\u0105gacze przy kostkach...\" \/>\n<meta property=\"og:url\" content=\"https:\/\/secretuniform.pl\/produkt\/spodnie-medyczne-joggery-scrubs-baby-blue-l-xl-2xl-3xl\/\" \/>\n<meta property=\"og:site_name\" content=\"Secret Uniform\" \/>\n<meta property=\"article:modified_time\" content=\"2026-01-21T09:06:05+00:00\" \/>\n<meta property=\"og:image\" content=\"https:\/\/secretuniform.pl\/wp-content\/uploads\/2024\/01\/J25A2853-scaled.jpg\" \/>\n\t<meta property=\"og:image:width\" content=\"1707\" \/>\n\t<meta property=\"og:image:height\" content=\"2560\" \/>\n\t<meta property=\"og:image:type\" content=\"image\/jpeg\" \/>\n<meta name=\"twitter:card\" content=\"summary_large_image\" \/>\n<meta name=\"twitter:label1\" content=\"Est. reading time\" \/>\n\t<meta name=\"twitter:data1\" content=\"3 minutes\" \/>\n<script type=\"application\/ld+json\" class=\"yoast-schema-graph\">{\"@context\":\"https:\\\/\\\/schema.org\",\"@graph\":[{\"@type\":\"WebPage\",\"@id\":\"https:\\\/\\\/secretuniform.pl\\\/produkt\\\/spodnie-medyczne-joggery-scrubs-baby-blue-l-xl-2xl-3xl\\\/\",\"url\":\"https:\\\/\\\/secretuniform.pl\\\/produkt\\\/spodnie-medyczne-joggery-scrubs-baby-blue-l-xl-2xl-3xl\\\/\",\"name\":\"Spodnie medyczne joggery scrubs Baby Blue | L XL 2XL 3XL - Secret Uniform\",\"isPartOf\":{\"@id\":\"https:\\\/\\\/secretuniform.pl\\\/en\\\/#website\"},\"primaryImageOfPage\":{\"@id\":\"https:\\\/\\\/secretuniform.pl\\\/produkt\\\/spodnie-medyczne-joggery-scrubs-baby-blue-l-xl-2xl-3xl\\\/#primaryimage\"},\"image\":{\"@id\":\"https:\\\/\\\/secretuniform.pl\\\/produkt\\\/spodnie-medyczne-joggery-scrubs-baby-blue-l-xl-2xl-3xl\\\/#primaryimage\"},\"thumbnailUrl\":\"https:\\\/\\\/secretuniform.pl\\\/wp-content\\\/uploads\\\/2024\\\/01\\\/J25A2853-scaled.jpg\",\"datePublished\":\"2026-01-21T08:58:46+00:00\",\"dateModified\":\"2026-01-21T09:06:05+00:00\",\"breadcrumb\":{\"@id\":\"https:\\\/\\\/secretuniform.pl\\\/produkt\\\/spodnie-medyczne-joggery-scrubs-baby-blue-l-xl-2xl-3xl\\\/#breadcrumb\"},\"inLanguage\":\"en-US\",\"potentialAction\":[{\"@type\":\"ReadAction\",\"target\":[\"https:\\\/\\\/secretuniform.pl\\\/produkt\\\/spodnie-medyczne-joggery-scrubs-baby-blue-l-xl-2xl-3xl\\\/\"]}]},{\"@type\":\"ImageObject\",\"inLanguage\":\"en-US\",\"@id\":\"https:\\\/\\\/secretuniform.pl\\\/produkt\\\/spodnie-medyczne-joggery-scrubs-baby-blue-l-xl-2xl-3xl\\\/#primaryimage\",\"url\":\"https:\\\/\\\/secretuniform.pl\\\/wp-content\\\/uploads\\\/2024\\\/01\\\/J25A2853-scaled.jpg\",\"contentUrl\":\"https:\\\/\\\/secretuniform.pl\\\/wp-content\\\/uploads\\\/2024\\\/01\\\/J25A2853-scaled.jpg\",\"width\":1707,\"height\":2560},{\"@type\":\"BreadcrumbList\",\"@id\":\"https:\\\/\\\/secretuniform.pl\\\/produkt\\\/spodnie-medyczne-joggery-scrubs-baby-blue-l-xl-2xl-3xl\\\/#breadcrumb\",\"itemListElement\":[{\"@type\":\"ListItem\",\"position\":1,\"name\":\"Strona g\u0142\u00f3wna\",\"item\":\"https:\\\/\\\/secretuniform.pl\\\/\"},{\"@type\":\"ListItem\",\"position\":2,\"name\":\"Shop\",\"item\":\"https:\\\/\\\/secretuniform.pl\\\/en\\\/shop\\\/\"},{\"@type\":\"ListItem\",\"position\":3,\"name\":\"Spodnie medyczne joggery scrubs Baby Blue | L XL 2XL 3XL\"}]},{\"@type\":\"WebSite\",\"@id\":\"https:\\\/\\\/secretuniform.pl\\\/en\\\/#website\",\"url\":\"https:\\\/\\\/secretuniform.pl\\\/en\\\/\",\"name\":\"Secret Uniform\",\"description\":\"Znajd\u017a idealny Uniform do Twojej Pracy\",\"potentialAction\":[{\"@type\":\"SearchAction\",\"target\":{\"@type\":\"EntryPoint\",\"urlTemplate\":\"https:\\\/\\\/secretuniform.pl\\\/en\\\/?s={search_term_string}\"},\"query-input\":{\"@type\":\"PropertyValueSpecification\",\"valueRequired\":true,\"valueName\":\"search_term_string\"}}],\"inLanguage\":\"en-US\"}]}<\/script>\n<!-- \/ Yoast SEO plugin. -->","yoast_head_json":{"title":"Spodnie medyczne joggery scrubs Baby Blue | L XL 2XL 3XL - Secret Uniform","robots":{"index":"index","follow":"follow","max-snippet":"max-snippet:-1","max-image-preview":"max-image-preview:large","max-video-preview":"max-video-preview:-1"},"canonical":"https:\/\/secretuniform.pl\/produkt\/spodnie-medyczne-joggery-scrubs-baby-blue-l-xl-2xl-3xl\/","og_locale":"en_US","og_type":"article","og_title":"Spodnie medyczne joggery scrubs Baby Blue | L XL 2XL 3XL - Secret Uniform","og_description":"UWAGA!\u00a0 Model ma lu\u017aniejszy kr\u00f3j &#8211; rekomendujemy wyb\u00f3r mniejszego rozmiaru.\u00a0 \u00a0 \u00a0 \u00a0 \u00a0 \u00a0 \u00a0 \u00a0 Zdj\u0119cie pogl\u0105dowe. Stylowe i wygodne spodnie medyczne joggery\u2013 idealne na ka\u017cdy dzie\u0144 pracy. Spodnie medyczne joggery, kt\u00f3re \u0142\u0105cz\u0105 funkcjonalno\u015b\u0107 z elegancj\u0105. Ich dopracowany kr\u00f3j zapewnia komfort i swobod\u0119 ruch\u00f3w przez ca\u0142y dzie\u0144. Elastyczna talia oraz \u015bci\u0105gacze przy kostkach...","og_url":"https:\/\/secretuniform.pl\/produkt\/spodnie-medyczne-joggery-scrubs-baby-blue-l-xl-2xl-3xl\/","og_site_name":"Secret Uniform","article_modified_time":"2026-01-21T09:06:05+00:00","og_image":[{"width":1707,"height":2560,"url":"https:\/\/secretuniform.pl\/wp-content\/uploads\/2024\/01\/J25A2853-scaled.jpg","type":"image\/jpeg"}],"twitter_card":"summary_large_image","twitter_misc":{"Est. reading time":"3 minutes"},"schema":{"@context":"https:\/\/schema.org","@graph":[{"@type":"WebPage","@id":"https:\/\/secretuniform.pl\/produkt\/spodnie-medyczne-joggery-scrubs-baby-blue-l-xl-2xl-3xl\/","url":"https:\/\/secretuniform.pl\/produkt\/spodnie-medyczne-joggery-scrubs-baby-blue-l-xl-2xl-3xl\/","name":"Spodnie medyczne joggery scrubs Baby Blue | L XL 2XL 3XL - Secret Uniform","isPartOf":{"@id":"https:\/\/secretuniform.pl\/en\/#website"},"primaryImageOfPage":{"@id":"https:\/\/secretuniform.pl\/produkt\/spodnie-medyczne-joggery-scrubs-baby-blue-l-xl-2xl-3xl\/#primaryimage"},"image":{"@id":"https:\/\/secretuniform.pl\/produkt\/spodnie-medyczne-joggery-scrubs-baby-blue-l-xl-2xl-3xl\/#primaryimage"},"thumbnailUrl":"https:\/\/secretuniform.pl\/wp-content\/uploads\/2024\/01\/J25A2853-scaled.jpg","datePublished":"2026-01-21T08:58:46+00:00","dateModified":"2026-01-21T09:06:05+00:00","breadcrumb":{"@id":"https:\/\/secretuniform.pl\/produkt\/spodnie-medyczne-joggery-scrubs-baby-blue-l-xl-2xl-3xl\/#breadcrumb"},"inLanguage":"en-US","potentialAction":[{"@type":"ReadAction","target":["https:\/\/secretuniform.pl\/produkt\/spodnie-medyczne-joggery-scrubs-baby-blue-l-xl-2xl-3xl\/"]}]},{"@type":"ImageObject","inLanguage":"en-US","@id":"https:\/\/secretuniform.pl\/produkt\/spodnie-medyczne-joggery-scrubs-baby-blue-l-xl-2xl-3xl\/#primaryimage","url":"https:\/\/secretuniform.pl\/wp-content\/uploads\/2024\/01\/J25A2853-scaled.jpg","contentUrl":"https:\/\/secretuniform.pl\/wp-content\/uploads\/2024\/01\/J25A2853-scaled.jpg","width":1707,"height":2560},{"@type":"BreadcrumbList","@id":"https:\/\/secretuniform.pl\/produkt\/spodnie-medyczne-joggery-scrubs-baby-blue-l-xl-2xl-3xl\/#breadcrumb","itemListElement":[{"@type":"ListItem","position":1,"name":"Strona g\u0142\u00f3wna","item":"https:\/\/secretuniform.pl\/"},{"@type":"ListItem","position":2,"name":"Shop","item":"https:\/\/secretuniform.pl\/en\/shop\/"},{"@type":"ListItem","position":3,"name":"Spodnie medyczne joggery scrubs Baby Blue | L XL 2XL 3XL"}]},{"@type":"WebSite","@id":"https:\/\/secretuniform.pl\/en\/#website","url":"https:\/\/secretuniform.pl\/en\/","name":"Secret Uniform","description":"Znajd\u017a idealny Uniform do Twojej Pracy","potentialAction":[{"@type":"SearchAction","target":{"@type":"EntryPoint","urlTemplate":"https:\/\/secretuniform.pl\/en\/?s={search_term_string}"},"query-input":{"@type":"PropertyValueSpecification","valueRequired":true,"valueName":"search_term_string"}}],"inLanguage":"en-US"}]}},"_links":{"self":[{"href":"https:\/\/secretuniform.pl\/en\/wp-json\/wp\/v2\/product\/35794","targetHints":{"allow":["GET"]}}],"collection":[{"href":"https:\/\/secretuniform.pl\/en\/wp-json\/wp\/v2\/product"}],"about":[{"href":"https:\/\/secretuniform.pl\/en\/wp-json\/wp\/v2\/types\/product"}],"replies":[{"embeddable":true,"href":"https:\/\/secretuniform.pl\/en\/wp-json\/wp\/v2\/comments?post=35794"}],"wp:featuredmedia":[{"embeddable":true,"href":"https:\/\/secretuniform.pl\/en\/wp-json\/wp\/v2\/media\/26728"}],"wp:attachment":[{"href":"https:\/\/secretuniform.pl\/en\/wp-json\/wp\/v2\/media?parent=35794"}],"wp:term":[{"taxonomy":"product_brand","embeddable":true,"href":"https:\/\/secretuniform.pl\/en\/wp-json\/wp\/v2\/product_brand?post=35794"},{"taxonomy":"product_cat","embeddable":true,"href":"https:\/\/secretuniform.pl\/en\/wp-json\/wp\/v2\/product_cat?post=35794"},{"taxonomy":"product_tag","embeddable":true,"href":"https:\/\/secretuniform.pl\/en\/wp-json\/wp\/v2\/product_tag?post=35794"}],"curies":[{"name":"wp","href":"https:\/\/api.w.org\/{rel}","templated":true}]}}