{"id":36036,"date":"2026-01-21T14:21:52","date_gmt":"2026-01-21T13:21:52","guid":{"rendered":"https:\/\/secretuniform.pl\/?post_type=product&#038;p=36036"},"modified":"2026-04-16T13:06:29","modified_gmt":"2026-04-16T11:06:29","slug":"uniform-camila-amarant-xssmlxl","status":"publish","type":"product","link":"https:\/\/secretuniform.pl\/en\/produkt\/uniform-camila-amarant-xssmlxl\/","title":{"rendered":"Uniform Camila amarant  XS,S"},"content":{"rendered":"<h4 data-start=\"67\" data-end=\"129\"><strong data-start=\"67\" data-end=\"127\">Elegancka tunika medyczna \u2013 komfort i profesjonalny styl<\/strong><\/h4>\n<p data-start=\"131\" data-end=\"427\"><strong>Stylowa<\/strong>\u00a0i\u00a0<strong>funkcjonalna<\/strong>\u00a0tunika medyczna to idealne po\u0142\u0105czenie\u00a0<strong>elegancji<\/strong>\u00a0i\u00a0<strong>wygody<\/strong>. Dzi\u0119ki dopracowanemu krojowi\u00a0<strong>podkre\u015bla<\/strong>\u00a0<strong>sylwetk\u0119<\/strong>, jednocze\u015bnie zapewniaj\u0105c\u00a0<strong>pe\u0142n\u0105 swobod\u0119 ruch\u00f3w<\/strong>. To doskona\u0142y wyb\u00f3r dla profesjonalistek, kt\u00f3re ceni\u0105 zar\u00f3wno\u00a0<strong>estetyk\u0119<\/strong>, jak i<strong>\u00a0komfort<\/strong>\u00a0noszenia przez ca\u0142y dzie\u0144 pracy.<\/p>\n<h6 data-start=\"429\" data-end=\"462\"><strong data-start=\"433\" data-end=\"460\">Informacje o produkcie:<\/strong><\/h6>\n<p data-start=\"463\" data-end=\"945\"><img decoding=\"async\" class=\"emoji\" role=\"img\" draggable=\"false\" src=\"https:\/\/s.w.org\/images\/core\/emoji\/17.0.2\/svg\/2714.svg\" alt=\"\u2714\" \/>\u00a0<strong data-start=\"465\" data-end=\"484\">Dopasowany kr\u00f3j<\/strong>\u00a0\u2013 podkre\u015bla sylwetk\u0119, zapewniaj\u0105c jednocze\u015bnie wygod\u0119<br data-start=\"538\" data-end=\"541\" \/><img decoding=\"async\" class=\"emoji\" role=\"img\" draggable=\"false\" src=\"https:\/\/s.w.org\/images\/core\/emoji\/17.0.2\/svg\/2714.svg\" alt=\"\u2714\" \/>\u00a0<strong data-start=\"543\" data-end=\"559\">Kr\u00f3tki r\u0119kaw<\/strong>\u00a0\u2013 idealny na ka\u017cd\u0105 por\u0119 roku<br data-start=\"588\" data-end=\"591\" \/><img decoding=\"async\" class=\"emoji\" role=\"img\" draggable=\"false\" src=\"https:\/\/s.w.org\/images\/core\/emoji\/17.0.2\/svg\/2714.svg\" alt=\"\u2714\" \/>\u00a0<strong data-start=\"593\" data-end=\"611\">Dekolt w serek<\/strong>\u00a0\u2013 dodaje subtelnej elegancji<br data-start=\"640\" data-end=\"643\" \/><img decoding=\"async\" class=\"emoji\" role=\"img\" draggable=\"false\" src=\"https:\/\/s.w.org\/images\/core\/emoji\/17.0.2\/svg\/2714.svg\" alt=\"\u2714\" \/>\u00a0<strong data-start=\"645\" data-end=\"665\">Wi\u0105zanie w talii<\/strong>\u00a0\u2013 pozwala na idealne dopasowanie do figury<br data-start=\"708\" data-end=\"711\" \/><img decoding=\"async\" class=\"emoji\" role=\"img\" draggable=\"false\" src=\"https:\/\/s.w.org\/images\/core\/emoji\/17.0.2\/svg\/2714.svg\" alt=\"\u2714\" \/>\u00a0<strong data-start=\"713\" data-end=\"739\">Dwie pojemne kieszenie<\/strong>\u00a0\u2013 ukryte w bocznym szwie, zapewniaj\u0105 funkcjonalno\u015b\u0107<br data-start=\"791\" data-end=\"794\" \/><img decoding=\"async\" class=\"emoji\" role=\"img\" draggable=\"false\" src=\"https:\/\/s.w.org\/images\/core\/emoji\/17.0.2\/svg\/2714.svg\" alt=\"\u2714\" \/>\u00a0<strong data-start=\"796\" data-end=\"827\" data-is-only-node=\"\">Oddychaj\u0105ca tkanina PREMIUM<\/strong>\u00a0\u2013 komfort nawet podczas wielogodzinnej pracy<br data-start=\"872\" data-end=\"875\" \/><img decoding=\"async\" class=\"emoji\" role=\"img\" draggable=\"false\" src=\"https:\/\/s.w.org\/images\/core\/emoji\/17.0.2\/svg\/2714.svg\" alt=\"\u2714\" \/>\u00a0<strong data-start=\"877\" data-end=\"904\">Perfekcyjne wyko\u0144czenie<\/strong>\u00a0\u2013 detale nadaj\u0105ce profesjonalny wygl\u0105d<\/p>\n<h6 data-start=\"947\" data-end=\"973\"><strong data-start=\"951\" data-end=\"971\">Cechy materia\u0142u:<\/strong><\/h6>\n<p data-start=\"974\" data-end=\"1119\"><img decoding=\"async\" class=\"emoji\" role=\"img\" draggable=\"false\" src=\"https:\/\/s.w.org\/images\/core\/emoji\/17.0.2\/svg\/2714.svg\" alt=\"\u2714\" \/>\u00a0<strong data-start=\"976\" data-end=\"1012\">58% bawe\u0142na, 38% nylon, 4% lycra<\/strong>\u00a0\u2013 przewiewno\u015b\u0107, trwa\u0142o\u015b\u0107 i elastyczno\u015b\u0107<br data-start=\"1052\" data-end=\"1055\" \/><img decoding=\"async\" class=\"emoji\" role=\"img\" draggable=\"false\" src=\"https:\/\/s.w.org\/images\/core\/emoji\/17.0.2\/svg\/2714.svg\" alt=\"\u2714\" \/>\u00a0<strong data-start=\"1057\" data-end=\"1074\">G\u0142\u0119bia koloru<\/strong>\u00a0\u2013 nie blaknie nawet po wielokrotnym praniu<\/p>\n<p data-start=\"1121\" data-end=\"1173\"><strong data-start=\"1124\" data-end=\"1171\">Modelka ma 170 cm wzrostu i nosi rozmiar XS<\/strong><\/p>\n","protected":false},"excerpt":{"rendered":"<h4 data-start=\"67\" data-end=\"129\"><strong data-start=\"67\" data-end=\"127\">Elegancka tunika medyczna \u2013 komfort i profesjonalny styl<\/strong><\/h4>\n<p data-start=\"131\" data-end=\"427\"><strong>Stylowa<\/strong>\u00a0i\u00a0<strong>funkcjonalna<\/strong>\u00a0tunika medyczna to idealne po\u0142\u0105czenie\u00a0<strong>elegancji<\/strong>\u00a0i\u00a0<strong>wygody<\/strong>. Dzi\u0119ki dopracowanemu krojowi\u00a0<strong>podkre\u015bla<\/strong>\u00a0<strong>sylwetk\u0119<\/strong>, jednocze\u015bnie zapewniaj\u0105c\u00a0<strong>pe\u0142n\u0105 swobod\u0119 ruch\u00f3w<\/strong>. To doskona\u0142y wyb\u00f3r dla profesjonalistek, kt\u00f3re ceni\u0105 zar\u00f3wno\u00a0<strong>estetyk\u0119<\/strong>, jak i<strong>\u00a0komfort<\/strong>\u00a0noszenia przez ca\u0142y dzie\u0144 pracy.<\/p>\n<h6 data-start=\"429\" data-end=\"462\"><strong data-start=\"433\" data-end=\"460\">Informacje o produkcie:<\/strong><\/h6>\n<p data-start=\"463\" data-end=\"945\"><img decoding=\"async\" class=\"emoji\" role=\"img\" draggable=\"false\" src=\"https:\/\/s.w.org\/images\/core\/emoji\/17.0.2\/svg\/2714.svg\" alt=\"\u2714\" \/>\u00a0<strong data-start=\"465\" data-end=\"484\">Dopasowany kr\u00f3j<\/strong>\u00a0\u2013 podkre\u015bla sylwetk\u0119, zapewniaj\u0105c jednocze\u015bnie wygod\u0119<br data-start=\"538\" data-end=\"541\" \/><img decoding=\"async\" class=\"emoji\" role=\"img\" draggable=\"false\" src=\"https:\/\/s.w.org\/images\/core\/emoji\/17.0.2\/svg\/2714.svg\" alt=\"\u2714\" \/>\u00a0<strong data-start=\"543\" data-end=\"559\">Kr\u00f3tki r\u0119kaw<\/strong>\u00a0\u2013 idealny na ka\u017cd\u0105 por\u0119 roku<br data-start=\"588\" data-end=\"591\" \/><img decoding=\"async\" class=\"emoji\" role=\"img\" draggable=\"false\" src=\"https:\/\/s.w.org\/images\/core\/emoji\/17.0.2\/svg\/2714.svg\" alt=\"\u2714\" \/>\u00a0<strong data-start=\"593\" data-end=\"611\">Dekolt w serek<\/strong>\u00a0\u2013 dodaje subtelnej elegancji<br data-start=\"640\" data-end=\"643\" \/><img decoding=\"async\" class=\"emoji\" role=\"img\" draggable=\"false\" src=\"https:\/\/s.w.org\/images\/core\/emoji\/17.0.2\/svg\/2714.svg\" alt=\"\u2714\" \/>\u00a0<strong data-start=\"645\" data-end=\"665\">Wi\u0105zanie w talii<\/strong>\u00a0\u2013 pozwala na idealne dopasowanie do figury<br data-start=\"708\" data-end=\"711\" \/><img decoding=\"async\" class=\"emoji\" role=\"img\" draggable=\"false\" src=\"https:\/\/s.w.org\/images\/core\/emoji\/17.0.2\/svg\/2714.svg\" alt=\"\u2714\" \/>\u00a0<strong data-start=\"713\" data-end=\"739\">Dwie pojemne kieszenie<\/strong>\u00a0\u2013 ukryte w bocznym szwie, zapewniaj\u0105 funkcjonalno\u015b\u0107<br data-start=\"791\" data-end=\"794\" \/><img decoding=\"async\" class=\"emoji\" role=\"img\" draggable=\"false\" src=\"https:\/\/s.w.org\/images\/core\/emoji\/17.0.2\/svg\/2714.svg\" alt=\"\u2714\" \/>\u00a0<strong data-start=\"796\" data-end=\"827\" data-is-only-node=\"\">Oddychaj\u0105ca tkanina PREMIUM<\/strong>\u00a0\u2013 komfort nawet podczas wielogodzinnej pracy<br data-start=\"872\" data-end=\"875\" \/><img decoding=\"async\" class=\"emoji\" role=\"img\" draggable=\"false\" src=\"https:\/\/s.w.org\/images\/core\/emoji\/17.0.2\/svg\/2714.svg\" alt=\"\u2714\" \/>\u00a0<strong data-start=\"877\" data-end=\"904\">Perfekcyjne wyko\u0144czenie<\/strong>\u00a0\u2013 detale nadaj\u0105ce profesjonalny wygl\u0105d<\/p>\n<h6 data-start=\"947\" data-end=\"973\"><strong data-start=\"951\" data-end=\"971\">Cechy materia\u0142u:<\/strong><\/h6>\n<p data-start=\"974\" data-end=\"1119\"><img decoding=\"async\" class=\"emoji\" role=\"img\" draggable=\"false\" src=\"https:\/\/s.w.org\/images\/core\/emoji\/17.0.2\/svg\/2714.svg\" alt=\"\u2714\" \/>\u00a0<strong data-start=\"976\" data-end=\"1012\">58% bawe\u0142na, 38% nylon, 4% lycra<\/strong>\u00a0\u2013 przewiewno\u015b\u0107, trwa\u0142o\u015b\u0107 i elastyczno\u015b\u0107<br data-start=\"1052\" data-end=\"1055\" \/><img decoding=\"async\" class=\"emoji\" role=\"img\" draggable=\"false\" src=\"https:\/\/s.w.org\/images\/core\/emoji\/17.0.2\/svg\/2714.svg\" alt=\"\u2714\" \/>\u00a0<strong data-start=\"1057\" data-end=\"1074\">G\u0142\u0119bia koloru<\/strong>\u00a0\u2013 nie blaknie nawet po wielokrotnym praniu<\/p>\n<p data-start=\"1121\" data-end=\"1173\"><strong data-start=\"1124\" data-end=\"1171\">Modelka ma 170 cm wzrostu i nosi rozmiar XS<\/strong><\/p>\n<h6 data-start=\"1175\" data-end=\"1213\"><strong data-start=\"1179\" data-end=\"1211\">Stw\u00f3rz kompletn\u0105 stylizacj\u0119!<\/strong><\/h6>\n","protected":false},"featured_media":36047,"comment_status":"closed","ping_status":"closed","template":"","meta":[],"product_brand":[],"product_cat":[137],"product_tag":[],"class_list":{"0":"post-36036","1":"product","2":"type-product","3":"status-publish","4":"has-post-thumbnail","6":"product_cat-koncowka-kolekcji","8":"first","9":"instock","10":"sale","11":"taxable","12":"shipping-taxable","13":"purchasable","14":"product-type-variable","15":"add-to-wishlist-before_add_to_cart"},"yoast_head":"<!-- This site is optimized with the Yoast SEO plugin v27.4 - https:\/\/yoast.com\/product\/yoast-seo-wordpress\/ -->\n<title>Uniform Camila amarant XS,S - Secret Uniform<\/title>\n<meta name=\"robots\" content=\"index, follow, max-snippet:-1, max-image-preview:large, max-video-preview:-1\" \/>\n<link rel=\"canonical\" href=\"https:\/\/secretuniform.pl\/produkt\/uniform-camila-amarant-xssmlxl\/\" \/>\n<meta property=\"og:locale\" content=\"en_US\" \/>\n<meta property=\"og:type\" content=\"article\" \/>\n<meta property=\"og:title\" content=\"Uniform Camila amarant XS,S - Secret Uniform\" \/>\n<meta property=\"og:description\" content=\"Elegancka tunika medyczna \u2013 komfort i profesjonalny styl Stylowa\u00a0i\u00a0funkcjonalna\u00a0tunika medyczna to idealne po\u0142\u0105czenie\u00a0elegancji\u00a0i\u00a0wygody. Dzi\u0119ki dopracowanemu krojowi\u00a0podkre\u015bla\u00a0sylwetk\u0119, jednocze\u015bnie zapewniaj\u0105c\u00a0pe\u0142n\u0105 swobod\u0119 ruch\u00f3w. To doskona\u0142y wyb\u00f3r dla profesjonalistek, kt\u00f3re ceni\u0105 zar\u00f3wno\u00a0estetyk\u0119, jak i\u00a0komfort\u00a0noszenia przez ca\u0142y dzie\u0144 pracy.  Informacje o produkcie: \u00a0Dopasowany kr\u00f3j\u00a0\u2013 podkre\u015bla sylwetk\u0119, zapewniaj\u0105c jednocze\u015bnie wygod\u0119\u00a0Kr\u00f3tki r\u0119kaw\u00a0\u2013 idealny na ka\u017cd\u0105 por\u0119 roku\u00a0Dekolt w serek\u00a0\u2013 dodaje subtelnej elegancji\u00a0Wi\u0105zanie w talii\u00a0\u2013 pozwala na idealne dopasowanie do figury\u00a0Dwie pojemne kieszenie\u00a0\u2013 ukryte w bocznym szwie, zapewniaj\u0105 funkcjonalno\u015b\u0107\u00a0Oddychaj\u0105ca tkanina PREMIUM\u00a0\u2013 komfort nawet podczas wielogodzinnej pracy\u00a0Perfekcyjne wyko\u0144czenie\u00a0\u2013 detale nadaj\u0105ce profesjonalny wygl\u0105d  Cechy materia\u0142u: \u00a058% bawe\u0142na, 38% nylon, 4% lycra\u00a0\u2013 przewiewno\u015b\u0107, trwa\u0142o\u015b\u0107 i elastyczno\u015b\u0107\u00a0G\u0142\u0119bia koloru\u00a0\u2013 nie blaknie nawet po wielokrotnym praniu Modelka ma 170 cm wzrostu i nosi rozmiar XS  Stw\u00f3rz kompletn\u0105 stylizacj\u0119!\" \/>\n<meta property=\"og:url\" content=\"https:\/\/secretuniform.pl\/produkt\/uniform-camila-amarant-xssmlxl\/\" \/>\n<meta property=\"og:site_name\" content=\"Secret Uniform\" \/>\n<meta property=\"article:modified_time\" content=\"2026-04-16T11:06:29+00:00\" \/>\n<meta property=\"og:image\" content=\"https:\/\/secretuniform.pl\/wp-content\/uploads\/2026\/01\/H8A2600.jpg\" \/>\n\t<meta property=\"og:image:width\" content=\"1656\" \/>\n\t<meta property=\"og:image:height\" content=\"1868\" \/>\n\t<meta property=\"og:image:type\" content=\"image\/jpeg\" \/>\n<meta name=\"twitter:card\" content=\"summary_large_image\" \/>\n<meta name=\"twitter:label1\" content=\"Est. reading time\" \/>\n\t<meta name=\"twitter:data1\" content=\"3 minutes\" \/>\n<script type=\"application\/ld+json\" class=\"yoast-schema-graph\">{\"@context\":\"https:\\\/\\\/schema.org\",\"@graph\":[{\"@type\":\"WebPage\",\"@id\":\"https:\\\/\\\/secretuniform.pl\\\/produkt\\\/uniform-camila-amarant-xssmlxl\\\/\",\"url\":\"https:\\\/\\\/secretuniform.pl\\\/produkt\\\/uniform-camila-amarant-xssmlxl\\\/\",\"name\":\"Uniform Camila amarant XS,S - Secret Uniform\",\"isPartOf\":{\"@id\":\"https:\\\/\\\/secretuniform.pl\\\/en\\\/#website\"},\"primaryImageOfPage\":{\"@id\":\"https:\\\/\\\/secretuniform.pl\\\/produkt\\\/uniform-camila-amarant-xssmlxl\\\/#primaryimage\"},\"image\":{\"@id\":\"https:\\\/\\\/secretuniform.pl\\\/produkt\\\/uniform-camila-amarant-xssmlxl\\\/#primaryimage\"},\"thumbnailUrl\":\"https:\\\/\\\/secretuniform.pl\\\/wp-content\\\/uploads\\\/2026\\\/01\\\/H8A2600.jpg\",\"datePublished\":\"2026-01-21T13:21:52+00:00\",\"dateModified\":\"2026-04-16T11:06:29+00:00\",\"breadcrumb\":{\"@id\":\"https:\\\/\\\/secretuniform.pl\\\/produkt\\\/uniform-camila-amarant-xssmlxl\\\/#breadcrumb\"},\"inLanguage\":\"en-US\",\"potentialAction\":[{\"@type\":\"ReadAction\",\"target\":[\"https:\\\/\\\/secretuniform.pl\\\/produkt\\\/uniform-camila-amarant-xssmlxl\\\/\"]}]},{\"@type\":\"ImageObject\",\"inLanguage\":\"en-US\",\"@id\":\"https:\\\/\\\/secretuniform.pl\\\/produkt\\\/uniform-camila-amarant-xssmlxl\\\/#primaryimage\",\"url\":\"https:\\\/\\\/secretuniform.pl\\\/wp-content\\\/uploads\\\/2026\\\/01\\\/H8A2600.jpg\",\"contentUrl\":\"https:\\\/\\\/secretuniform.pl\\\/wp-content\\\/uploads\\\/2026\\\/01\\\/H8A2600.jpg\",\"width\":1656,\"height\":1868},{\"@type\":\"BreadcrumbList\",\"@id\":\"https:\\\/\\\/secretuniform.pl\\\/produkt\\\/uniform-camila-amarant-xssmlxl\\\/#breadcrumb\",\"itemListElement\":[{\"@type\":\"ListItem\",\"position\":1,\"name\":\"Strona g\u0142\u00f3wna\",\"item\":\"https:\\\/\\\/secretuniform.pl\\\/\"},{\"@type\":\"ListItem\",\"position\":2,\"name\":\"Shop\",\"item\":\"https:\\\/\\\/secretuniform.pl\\\/en\\\/shop\\\/\"},{\"@type\":\"ListItem\",\"position\":3,\"name\":\"Uniform Camila amarant XS,S\"}]},{\"@type\":\"WebSite\",\"@id\":\"https:\\\/\\\/secretuniform.pl\\\/en\\\/#website\",\"url\":\"https:\\\/\\\/secretuniform.pl\\\/en\\\/\",\"name\":\"Secret Uniform\",\"description\":\"Znajd\u017a idealny Uniform do Twojej Pracy\",\"potentialAction\":[{\"@type\":\"SearchAction\",\"target\":{\"@type\":\"EntryPoint\",\"urlTemplate\":\"https:\\\/\\\/secretuniform.pl\\\/en\\\/?s={search_term_string}\"},\"query-input\":{\"@type\":\"PropertyValueSpecification\",\"valueRequired\":true,\"valueName\":\"search_term_string\"}}],\"inLanguage\":\"en-US\"}]}<\/script>\n<!-- \/ Yoast SEO plugin. -->","yoast_head_json":{"title":"Uniform Camila amarant XS,S - Secret Uniform","robots":{"index":"index","follow":"follow","max-snippet":"max-snippet:-1","max-image-preview":"max-image-preview:large","max-video-preview":"max-video-preview:-1"},"canonical":"https:\/\/secretuniform.pl\/produkt\/uniform-camila-amarant-xssmlxl\/","og_locale":"en_US","og_type":"article","og_title":"Uniform Camila amarant XS,S - Secret Uniform","og_description":"Elegancka tunika medyczna \u2013 komfort i profesjonalny styl Stylowa\u00a0i\u00a0funkcjonalna\u00a0tunika medyczna to idealne po\u0142\u0105czenie\u00a0elegancji\u00a0i\u00a0wygody. Dzi\u0119ki dopracowanemu krojowi\u00a0podkre\u015bla\u00a0sylwetk\u0119, jednocze\u015bnie zapewniaj\u0105c\u00a0pe\u0142n\u0105 swobod\u0119 ruch\u00f3w. To doskona\u0142y wyb\u00f3r dla profesjonalistek, kt\u00f3re ceni\u0105 zar\u00f3wno\u00a0estetyk\u0119, jak i\u00a0komfort\u00a0noszenia przez ca\u0142y dzie\u0144 pracy.  Informacje o produkcie: \u00a0Dopasowany kr\u00f3j\u00a0\u2013 podkre\u015bla sylwetk\u0119, zapewniaj\u0105c jednocze\u015bnie wygod\u0119\u00a0Kr\u00f3tki r\u0119kaw\u00a0\u2013 idealny na ka\u017cd\u0105 por\u0119 roku\u00a0Dekolt w serek\u00a0\u2013 dodaje subtelnej elegancji\u00a0Wi\u0105zanie w talii\u00a0\u2013 pozwala na idealne dopasowanie do figury\u00a0Dwie pojemne kieszenie\u00a0\u2013 ukryte w bocznym szwie, zapewniaj\u0105 funkcjonalno\u015b\u0107\u00a0Oddychaj\u0105ca tkanina PREMIUM\u00a0\u2013 komfort nawet podczas wielogodzinnej pracy\u00a0Perfekcyjne wyko\u0144czenie\u00a0\u2013 detale nadaj\u0105ce profesjonalny wygl\u0105d  Cechy materia\u0142u: \u00a058% bawe\u0142na, 38% nylon, 4% lycra\u00a0\u2013 przewiewno\u015b\u0107, trwa\u0142o\u015b\u0107 i elastyczno\u015b\u0107\u00a0G\u0142\u0119bia koloru\u00a0\u2013 nie blaknie nawet po wielokrotnym praniu Modelka ma 170 cm wzrostu i nosi rozmiar XS  Stw\u00f3rz kompletn\u0105 stylizacj\u0119!","og_url":"https:\/\/secretuniform.pl\/produkt\/uniform-camila-amarant-xssmlxl\/","og_site_name":"Secret Uniform","article_modified_time":"2026-04-16T11:06:29+00:00","og_image":[{"width":1656,"height":1868,"url":"https:\/\/secretuniform.pl\/wp-content\/uploads\/2026\/01\/H8A2600.jpg","type":"image\/jpeg"}],"twitter_card":"summary_large_image","twitter_misc":{"Est. reading time":"3 minutes"},"schema":{"@context":"https:\/\/schema.org","@graph":[{"@type":"WebPage","@id":"https:\/\/secretuniform.pl\/produkt\/uniform-camila-amarant-xssmlxl\/","url":"https:\/\/secretuniform.pl\/produkt\/uniform-camila-amarant-xssmlxl\/","name":"Uniform Camila amarant XS,S - Secret Uniform","isPartOf":{"@id":"https:\/\/secretuniform.pl\/en\/#website"},"primaryImageOfPage":{"@id":"https:\/\/secretuniform.pl\/produkt\/uniform-camila-amarant-xssmlxl\/#primaryimage"},"image":{"@id":"https:\/\/secretuniform.pl\/produkt\/uniform-camila-amarant-xssmlxl\/#primaryimage"},"thumbnailUrl":"https:\/\/secretuniform.pl\/wp-content\/uploads\/2026\/01\/H8A2600.jpg","datePublished":"2026-01-21T13:21:52+00:00","dateModified":"2026-04-16T11:06:29+00:00","breadcrumb":{"@id":"https:\/\/secretuniform.pl\/produkt\/uniform-camila-amarant-xssmlxl\/#breadcrumb"},"inLanguage":"en-US","potentialAction":[{"@type":"ReadAction","target":["https:\/\/secretuniform.pl\/produkt\/uniform-camila-amarant-xssmlxl\/"]}]},{"@type":"ImageObject","inLanguage":"en-US","@id":"https:\/\/secretuniform.pl\/produkt\/uniform-camila-amarant-xssmlxl\/#primaryimage","url":"https:\/\/secretuniform.pl\/wp-content\/uploads\/2026\/01\/H8A2600.jpg","contentUrl":"https:\/\/secretuniform.pl\/wp-content\/uploads\/2026\/01\/H8A2600.jpg","width":1656,"height":1868},{"@type":"BreadcrumbList","@id":"https:\/\/secretuniform.pl\/produkt\/uniform-camila-amarant-xssmlxl\/#breadcrumb","itemListElement":[{"@type":"ListItem","position":1,"name":"Strona g\u0142\u00f3wna","item":"https:\/\/secretuniform.pl\/"},{"@type":"ListItem","position":2,"name":"Shop","item":"https:\/\/secretuniform.pl\/en\/shop\/"},{"@type":"ListItem","position":3,"name":"Uniform Camila amarant XS,S"}]},{"@type":"WebSite","@id":"https:\/\/secretuniform.pl\/en\/#website","url":"https:\/\/secretuniform.pl\/en\/","name":"Secret Uniform","description":"Znajd\u017a idealny Uniform do Twojej Pracy","potentialAction":[{"@type":"SearchAction","target":{"@type":"EntryPoint","urlTemplate":"https:\/\/secretuniform.pl\/en\/?s={search_term_string}"},"query-input":{"@type":"PropertyValueSpecification","valueRequired":true,"valueName":"search_term_string"}}],"inLanguage":"en-US"}]}},"_links":{"self":[{"href":"https:\/\/secretuniform.pl\/en\/wp-json\/wp\/v2\/product\/36036","targetHints":{"allow":["GET"]}}],"collection":[{"href":"https:\/\/secretuniform.pl\/en\/wp-json\/wp\/v2\/product"}],"about":[{"href":"https:\/\/secretuniform.pl\/en\/wp-json\/wp\/v2\/types\/product"}],"replies":[{"embeddable":true,"href":"https:\/\/secretuniform.pl\/en\/wp-json\/wp\/v2\/comments?post=36036"}],"wp:featuredmedia":[{"embeddable":true,"href":"https:\/\/secretuniform.pl\/en\/wp-json\/wp\/v2\/media\/36047"}],"wp:attachment":[{"href":"https:\/\/secretuniform.pl\/en\/wp-json\/wp\/v2\/media?parent=36036"}],"wp:term":[{"taxonomy":"product_brand","embeddable":true,"href":"https:\/\/secretuniform.pl\/en\/wp-json\/wp\/v2\/product_brand?post=36036"},{"taxonomy":"product_cat","embeddable":true,"href":"https:\/\/secretuniform.pl\/en\/wp-json\/wp\/v2\/product_cat?post=36036"},{"taxonomy":"product_tag","embeddable":true,"href":"https:\/\/secretuniform.pl\/en\/wp-json\/wp\/v2\/product_tag?post=36036"}],"curies":[{"name":"wp","href":"https:\/\/api.w.org\/{rel}","templated":true}]}}