{"id":704,"date":"2023-11-21T10:39:38","date_gmt":"2023-11-21T09:39:38","guid":{"rendered":"https:\/\/secretuniform.pl\/?post_type=product&#038;p=704"},"modified":"2024-02-07T10:35:17","modified_gmt":"2024-02-07T09:35:17","slug":"czepek-medyczny-scrubs-cukierkowy-roz","status":"publish","type":"product","link":"https:\/\/secretuniform.pl\/en\/produkt\/czepek-medyczny-scrubs-cukierkowy-roz\/","title":{"rendered":"Czepek medyczny scrubs CUKIERKOWY R\u00d3\u017b"},"content":{"rendered":"<p>Czepek medyczny wi\u0105zany z ty\u0142u. Dba\u0142o\u015b\u0107 o detale to nasza specjalno\u015b\u0107 dlatego stworzyli\u015bmy czepki , kt\u00f3re idealnie pasuj\u0105 do naszych komplet\u00f3w medycznych, poniewa\u017c s\u0105 uszyte z tych samych kolor\u00f3w oraz tkanin. Odzie\u017c i akcesoria stworzone z najwy\u017cszej jako\u015bci tkaniny premium z dodatkiem wiskozy oraz lycry.<\/p>\n<p>Skomponuj z nami pi\u0119kn\u0105 i uniwersaln\u0105 garderob\u0119 do pracy! G\u0142\u0119bia pi\u0119knych kolor\u00f3w sprawi, \u017ce poczujesz si\u0119 wyj\u0105tkowo w oferowanej przez nas odzie\u017cy. Pami\u0119taj, \u017ce wszystkie nasze produkty s\u0105 szyte w Polsce.<\/p>\n<p>Rozmiar uniwersalny.<\/p>\n","protected":false},"excerpt":{"rendered":"<p>Czepek medyczny wi\u0105zany z ty\u0142u. Dba\u0142o\u015b\u0107 o detale to nasza specjalno\u015b\u0107 dlatego stworzyli\u015bmy czepki , kt\u00f3re idealnie pasuj\u0105 do naszych komplet\u00f3w medycznych, poniewa\u017c s\u0105 uszyte z tych samych kolor\u00f3w oraz tkanin. Odzie\u017c i akcesoria stworzone z najwy\u017cszej jako\u015bci tkaniny premium z dodatkiem wiskozy oraz lycry. Skomponuj z nami pi\u0119kn\u0105 i uniwersaln\u0105 garderob\u0119 do pracy! G\u0142\u0119bia&#8230;<\/p>\n","protected":false},"featured_media":705,"comment_status":"closed","ping_status":"closed","template":"","meta":[],"product_brand":[],"product_cat":[31],"product_tag":[],"class_list":{"0":"post-704","1":"product","2":"type-product","3":"status-publish","4":"has-post-thumbnail","6":"product_cat-scrubsy","8":"first","9":"instock","10":"taxable","11":"shipping-taxable","12":"purchasable","13":"product-type-simple","14":"add-to-wishlist-before_add_to_cart"},"yoast_head":"<!-- This site is optimized with the Yoast SEO plugin v27.4 - https:\/\/yoast.com\/product\/yoast-seo-wordpress\/ -->\n<title>Czepek medyczny scrubs CUKIERKOWY R\u00d3\u017b - Secret Uniform<\/title>\n<meta name=\"robots\" content=\"index, follow, max-snippet:-1, max-image-preview:large, max-video-preview:-1\" \/>\n<link rel=\"canonical\" href=\"https:\/\/secretuniform.pl\/produkt\/czepek-medyczny-scrubs-cukierkowy-roz\/\" \/>\n<meta property=\"og:locale\" content=\"en_US\" \/>\n<meta property=\"og:type\" content=\"article\" \/>\n<meta property=\"og:title\" content=\"Czepek medyczny scrubs CUKIERKOWY R\u00d3\u017b - Secret Uniform\" \/>\n<meta property=\"og:description\" content=\"Czepek medyczny wi\u0105zany z ty\u0142u. Dba\u0142o\u015b\u0107 o detale to nasza specjalno\u015b\u0107 dlatego stworzyli\u015bmy czepki , kt\u00f3re idealnie pasuj\u0105 do naszych komplet\u00f3w medycznych, poniewa\u017c s\u0105 uszyte z tych samych kolor\u00f3w oraz tkanin. Odzie\u017c i akcesoria stworzone z najwy\u017cszej jako\u015bci tkaniny premium z dodatkiem wiskozy oraz lycry. Skomponuj z nami pi\u0119kn\u0105 i uniwersaln\u0105 garderob\u0119 do pracy! G\u0142\u0119bia...\" \/>\n<meta property=\"og:url\" content=\"https:\/\/secretuniform.pl\/produkt\/czepek-medyczny-scrubs-cukierkowy-roz\/\" \/>\n<meta property=\"og:site_name\" content=\"Secret Uniform\" \/>\n<meta property=\"article:modified_time\" content=\"2024-02-07T09:35:17+00:00\" \/>\n<meta property=\"og:image\" content=\"https:\/\/secretuniform.pl\/wp-content\/uploads\/2023\/11\/H8A5720.jpg\" \/>\n\t<meta property=\"og:image:width\" content=\"1600\" \/>\n\t<meta property=\"og:image:height\" content=\"2000\" \/>\n\t<meta property=\"og:image:type\" content=\"image\/jpeg\" \/>\n<meta name=\"twitter:card\" content=\"summary_large_image\" \/>\n<script type=\"application\/ld+json\" class=\"yoast-schema-graph\">{\"@context\":\"https:\\\/\\\/schema.org\",\"@graph\":[{\"@type\":\"WebPage\",\"@id\":\"https:\\\/\\\/secretuniform.pl\\\/produkt\\\/czepek-medyczny-scrubs-cukierkowy-roz\\\/\",\"url\":\"https:\\\/\\\/secretuniform.pl\\\/produkt\\\/czepek-medyczny-scrubs-cukierkowy-roz\\\/\",\"name\":\"Czepek medyczny scrubs CUKIERKOWY R\u00d3\u017b - Secret Uniform\",\"isPartOf\":{\"@id\":\"https:\\\/\\\/secretuniform.pl\\\/en\\\/#website\"},\"primaryImageOfPage\":{\"@id\":\"https:\\\/\\\/secretuniform.pl\\\/produkt\\\/czepek-medyczny-scrubs-cukierkowy-roz\\\/#primaryimage\"},\"image\":{\"@id\":\"https:\\\/\\\/secretuniform.pl\\\/produkt\\\/czepek-medyczny-scrubs-cukierkowy-roz\\\/#primaryimage\"},\"thumbnailUrl\":\"https:\\\/\\\/secretuniform.pl\\\/wp-content\\\/uploads\\\/2023\\\/11\\\/H8A5720.jpg\",\"datePublished\":\"2023-11-21T09:39:38+00:00\",\"dateModified\":\"2024-02-07T09:35:17+00:00\",\"breadcrumb\":{\"@id\":\"https:\\\/\\\/secretuniform.pl\\\/produkt\\\/czepek-medyczny-scrubs-cukierkowy-roz\\\/#breadcrumb\"},\"inLanguage\":\"en-US\",\"potentialAction\":[{\"@type\":\"ReadAction\",\"target\":[\"https:\\\/\\\/secretuniform.pl\\\/produkt\\\/czepek-medyczny-scrubs-cukierkowy-roz\\\/\"]}]},{\"@type\":\"ImageObject\",\"inLanguage\":\"en-US\",\"@id\":\"https:\\\/\\\/secretuniform.pl\\\/produkt\\\/czepek-medyczny-scrubs-cukierkowy-roz\\\/#primaryimage\",\"url\":\"https:\\\/\\\/secretuniform.pl\\\/wp-content\\\/uploads\\\/2023\\\/11\\\/H8A5720.jpg\",\"contentUrl\":\"https:\\\/\\\/secretuniform.pl\\\/wp-content\\\/uploads\\\/2023\\\/11\\\/H8A5720.jpg\",\"width\":1600,\"height\":2000},{\"@type\":\"BreadcrumbList\",\"@id\":\"https:\\\/\\\/secretuniform.pl\\\/produkt\\\/czepek-medyczny-scrubs-cukierkowy-roz\\\/#breadcrumb\",\"itemListElement\":[{\"@type\":\"ListItem\",\"position\":1,\"name\":\"Strona g\u0142\u00f3wna\",\"item\":\"https:\\\/\\\/secretuniform.pl\\\/\"},{\"@type\":\"ListItem\",\"position\":2,\"name\":\"Shop\",\"item\":\"https:\\\/\\\/secretuniform.pl\\\/en\\\/shop\\\/\"},{\"@type\":\"ListItem\",\"position\":3,\"name\":\"Czepek medyczny scrubs CUKIERKOWY R\u00d3\u017b\"}]},{\"@type\":\"WebSite\",\"@id\":\"https:\\\/\\\/secretuniform.pl\\\/en\\\/#website\",\"url\":\"https:\\\/\\\/secretuniform.pl\\\/en\\\/\",\"name\":\"Secret Uniform\",\"description\":\"Znajd\u017a idealny Uniform do Twojej Pracy\",\"potentialAction\":[{\"@type\":\"SearchAction\",\"target\":{\"@type\":\"EntryPoint\",\"urlTemplate\":\"https:\\\/\\\/secretuniform.pl\\\/en\\\/?s={search_term_string}\"},\"query-input\":{\"@type\":\"PropertyValueSpecification\",\"valueRequired\":true,\"valueName\":\"search_term_string\"}}],\"inLanguage\":\"en-US\"}]}<\/script>\n<!-- \/ Yoast SEO plugin. -->","yoast_head_json":{"title":"Czepek medyczny scrubs CUKIERKOWY R\u00d3\u017b - Secret Uniform","robots":{"index":"index","follow":"follow","max-snippet":"max-snippet:-1","max-image-preview":"max-image-preview:large","max-video-preview":"max-video-preview:-1"},"canonical":"https:\/\/secretuniform.pl\/produkt\/czepek-medyczny-scrubs-cukierkowy-roz\/","og_locale":"en_US","og_type":"article","og_title":"Czepek medyczny scrubs CUKIERKOWY R\u00d3\u017b - Secret Uniform","og_description":"Czepek medyczny wi\u0105zany z ty\u0142u. Dba\u0142o\u015b\u0107 o detale to nasza specjalno\u015b\u0107 dlatego stworzyli\u015bmy czepki , kt\u00f3re idealnie pasuj\u0105 do naszych komplet\u00f3w medycznych, poniewa\u017c s\u0105 uszyte z tych samych kolor\u00f3w oraz tkanin. Odzie\u017c i akcesoria stworzone z najwy\u017cszej jako\u015bci tkaniny premium z dodatkiem wiskozy oraz lycry. Skomponuj z nami pi\u0119kn\u0105 i uniwersaln\u0105 garderob\u0119 do pracy! G\u0142\u0119bia...","og_url":"https:\/\/secretuniform.pl\/produkt\/czepek-medyczny-scrubs-cukierkowy-roz\/","og_site_name":"Secret Uniform","article_modified_time":"2024-02-07T09:35:17+00:00","og_image":[{"width":1600,"height":2000,"url":"https:\/\/secretuniform.pl\/wp-content\/uploads\/2023\/11\/H8A5720.jpg","type":"image\/jpeg"}],"twitter_card":"summary_large_image","schema":{"@context":"https:\/\/schema.org","@graph":[{"@type":"WebPage","@id":"https:\/\/secretuniform.pl\/produkt\/czepek-medyczny-scrubs-cukierkowy-roz\/","url":"https:\/\/secretuniform.pl\/produkt\/czepek-medyczny-scrubs-cukierkowy-roz\/","name":"Czepek medyczny scrubs CUKIERKOWY R\u00d3\u017b - Secret Uniform","isPartOf":{"@id":"https:\/\/secretuniform.pl\/en\/#website"},"primaryImageOfPage":{"@id":"https:\/\/secretuniform.pl\/produkt\/czepek-medyczny-scrubs-cukierkowy-roz\/#primaryimage"},"image":{"@id":"https:\/\/secretuniform.pl\/produkt\/czepek-medyczny-scrubs-cukierkowy-roz\/#primaryimage"},"thumbnailUrl":"https:\/\/secretuniform.pl\/wp-content\/uploads\/2023\/11\/H8A5720.jpg","datePublished":"2023-11-21T09:39:38+00:00","dateModified":"2024-02-07T09:35:17+00:00","breadcrumb":{"@id":"https:\/\/secretuniform.pl\/produkt\/czepek-medyczny-scrubs-cukierkowy-roz\/#breadcrumb"},"inLanguage":"en-US","potentialAction":[{"@type":"ReadAction","target":["https:\/\/secretuniform.pl\/produkt\/czepek-medyczny-scrubs-cukierkowy-roz\/"]}]},{"@type":"ImageObject","inLanguage":"en-US","@id":"https:\/\/secretuniform.pl\/produkt\/czepek-medyczny-scrubs-cukierkowy-roz\/#primaryimage","url":"https:\/\/secretuniform.pl\/wp-content\/uploads\/2023\/11\/H8A5720.jpg","contentUrl":"https:\/\/secretuniform.pl\/wp-content\/uploads\/2023\/11\/H8A5720.jpg","width":1600,"height":2000},{"@type":"BreadcrumbList","@id":"https:\/\/secretuniform.pl\/produkt\/czepek-medyczny-scrubs-cukierkowy-roz\/#breadcrumb","itemListElement":[{"@type":"ListItem","position":1,"name":"Strona g\u0142\u00f3wna","item":"https:\/\/secretuniform.pl\/"},{"@type":"ListItem","position":2,"name":"Shop","item":"https:\/\/secretuniform.pl\/en\/shop\/"},{"@type":"ListItem","position":3,"name":"Czepek medyczny scrubs CUKIERKOWY R\u00d3\u017b"}]},{"@type":"WebSite","@id":"https:\/\/secretuniform.pl\/en\/#website","url":"https:\/\/secretuniform.pl\/en\/","name":"Secret Uniform","description":"Znajd\u017a idealny Uniform do Twojej Pracy","potentialAction":[{"@type":"SearchAction","target":{"@type":"EntryPoint","urlTemplate":"https:\/\/secretuniform.pl\/en\/?s={search_term_string}"},"query-input":{"@type":"PropertyValueSpecification","valueRequired":true,"valueName":"search_term_string"}}],"inLanguage":"en-US"}]}},"_links":{"self":[{"href":"https:\/\/secretuniform.pl\/en\/wp-json\/wp\/v2\/product\/704","targetHints":{"allow":["GET"]}}],"collection":[{"href":"https:\/\/secretuniform.pl\/en\/wp-json\/wp\/v2\/product"}],"about":[{"href":"https:\/\/secretuniform.pl\/en\/wp-json\/wp\/v2\/types\/product"}],"replies":[{"embeddable":true,"href":"https:\/\/secretuniform.pl\/en\/wp-json\/wp\/v2\/comments?post=704"}],"wp:featuredmedia":[{"embeddable":true,"href":"https:\/\/secretuniform.pl\/en\/wp-json\/wp\/v2\/media\/705"}],"wp:attachment":[{"href":"https:\/\/secretuniform.pl\/en\/wp-json\/wp\/v2\/media?parent=704"}],"wp:term":[{"taxonomy":"product_brand","embeddable":true,"href":"https:\/\/secretuniform.pl\/en\/wp-json\/wp\/v2\/product_brand?post=704"},{"taxonomy":"product_cat","embeddable":true,"href":"https:\/\/secretuniform.pl\/en\/wp-json\/wp\/v2\/product_cat?post=704"},{"taxonomy":"product_tag","embeddable":true,"href":"https:\/\/secretuniform.pl\/en\/wp-json\/wp\/v2\/product_tag?post=704"}],"curies":[{"name":"wp","href":"https:\/\/api.w.org\/{rel}","templated":true}]}}