{"id":731,"date":"2023-11-21T10:54:39","date_gmt":"2023-11-21T09:54:39","guid":{"rendered":"https:\/\/secretuniform.pl\/?post_type=product&#038;p=731"},"modified":"2024-02-07T10:54:52","modified_gmt":"2024-02-07T09:54:52","slug":"bon-prezentowy","status":"publish","type":"product","link":"https:\/\/secretuniform.pl\/en\/produkt\/bon-prezentowy\/","title":{"rendered":"Bon podarunkowy"},"content":{"rendered":"<p>Bon podarunkowy to karta online z unikalnym kodem wysy\u0142anym bezpo\u015brednio na e-mail podany przy zam\u00f3wieniu. Kod posiada okre\u015blony nomina\u0142 i uprawnia do zakupu produkt\u00f3w w podanej kwocie.<\/p>\n<p>Jakie s\u0105 dost\u0119pne nomina\u0142y karty podarunkowej?<\/p>\n<p>Karta podarunkowe dost\u0119pne s\u0105 w nomina\u0142ach\u00a0<strong>200, 250, 300, 350, 400, 450, 500, 550, 600, 650, 700, 750<\/strong>. Osoby zainteresowane innymi nomina\u0142ami proszone s\u0105 o kontakt mailowy.<\/p>\n<p>Zasady dzia\u0142ania bonu:<\/p>\n<ol>\n<li>Bon prezentowy mo\u017cna kupi\u0107 tylko z opcj\u0105 przedp\u0142aty na konto za po\u015brednictwem szybkich p\u0142atno\u015bci online.<\/li>\n<li><strong>Przy zakupie bonu nie obowi\u0105zuje zni\u017cka lojalno\u015bciowa.<\/strong><\/li>\n<li><strong>Przy zakupie bonu nie dzia\u0142aj\u0105 kupony rabatowe.<\/strong><\/li>\n<li>Bon prezentowy wymaga podania danych p\u0142atnika (imi\u0119 i nazwisko, adres), kt\u00f3re zostan\u0105 wykorzystane do wystawienia dokumentu sprzeda\u017cy tj. Noty uznaniowej (rodzaj rachunku sprzeda\u017cy). To jedyny dokument sprzeda\u017cy, jaki mo\u017ce by\u0107 wystawiony w ramach potwierdzenia transakcji zakupu bonu.<\/li>\n<li>Bony nie podlegaj\u0105 wymianie na got\u00f3wk\u0119.<\/li>\n<li>Bony mo\u017cna realizowa\u0107 tylko poprzez proces sk\u0142adania zam\u00f3wienia w sklepie internetowym i podanie kodu w odpowiednim polu w Koszyku.<\/li>\n<li>Bony s\u0105 jednym ze sposob\u00f3w p\u0142atno\u015bci w sklepie. Po wpisaniu w odpowiednie pole w Koszyku kodu bonu pokazuje si\u0119 warto\u015b\u0107, jaka zostanie pobrana z bonu na rzecz realizowanego zam\u00f3wienia.<\/li>\n<li>Bony dzia\u0142aj\u0105 r\u00f3wnie\u017c na koszty dostawy.<\/li>\n<li>Bony wa\u017cne s\u0105 12 miesi\u0119cy od dnia dokonania zakupu.<\/li>\n<li>Bon mo\u017cna wykorzystywa\u0107 cz\u0119\u015bciowo tj. je\u015bli warto\u015b\u0107 zam\u00f3wienia jest mniejsza ni\u017c warto\u015b\u0107 bonu, to z pozosta\u0142ej cz\u0119\u015bci bonu mo\u017cna skorzysta\u0107 w kolejnym zam\u00f3wieniu.<\/li>\n<li>W jednym zam\u00f3wieniu mo\u017cna skorzysta\u0107 z wielu bon\u00f3w.<\/li>\n<\/ol>\n","protected":false},"excerpt":{"rendered":"<table class=\"woocommerce-product-attributes shop_attributes\">\n<tbody>\n<tr class=\"woocommerce-product-attributes-item woocommerce-product-attributes-item--attribute_warto%c5%9b%c4%87-voucheravoucher-value\">\n<th class=\"woocommerce-product-attributes-item__label\">Vouchera\/Voucher Value<\/th>\n<td class=\"woocommerce-product-attributes-item__value\">200, 250, 300, 350, 400, 450, 500, 550, 600, 650, 700, 750<\/td>\n<\/tr>\n<\/tbody>\n<\/table>\n","protected":false},"featured_media":12655,"comment_status":"closed","ping_status":"closed","template":"","meta":[],"product_brand":[],"product_cat":[89],"product_tag":[],"class_list":{"0":"post-731","1":"product","2":"type-product","3":"status-publish","4":"has-post-thumbnail","6":"product_cat-bon-podarunkowy","8":"first","9":"instock","10":"taxable","11":"shipping-taxable","12":"purchasable","13":"product-type-variable","14":"add-to-wishlist-before_add_to_cart"},"yoast_head":"<!-- This site is optimized with the Yoast SEO plugin v27.4 - https:\/\/yoast.com\/product\/yoast-seo-wordpress\/ -->\n<title>Bon podarunkowy - Secret Uniform<\/title>\n<meta name=\"robots\" content=\"index, follow, max-snippet:-1, max-image-preview:large, max-video-preview:-1\" \/>\n<link rel=\"canonical\" href=\"https:\/\/secretuniform.pl\/produkt\/bon-prezentowy\/\" \/>\n<meta property=\"og:locale\" content=\"en_US\" \/>\n<meta property=\"og:type\" content=\"article\" \/>\n<meta property=\"og:title\" content=\"Bon podarunkowy - Secret Uniform\" \/>\n<meta property=\"og:description\" content=\"Vouchera\/Voucher Value 200, 250, 300, 350, 400, 450, 500, 550, 600, 650, 700, 750\" \/>\n<meta property=\"og:url\" content=\"https:\/\/secretuniform.pl\/produkt\/bon-prezentowy\/\" \/>\n<meta property=\"og:site_name\" content=\"Secret Uniform\" \/>\n<meta property=\"article:modified_time\" content=\"2024-02-07T09:54:52+00:00\" \/>\n<meta property=\"og:image\" content=\"https:\/\/secretuniform.pl\/wp-content\/uploads\/2023\/11\/VOUCHER.jpg\" \/>\n\t<meta property=\"og:image:width\" content=\"1500\" \/>\n\t<meta property=\"og:image:height\" content=\"1500\" \/>\n\t<meta property=\"og:image:type\" content=\"image\/jpeg\" \/>\n<meta name=\"twitter:card\" content=\"summary_large_image\" \/>\n<meta name=\"twitter:label1\" content=\"Est. reading time\" \/>\n\t<meta name=\"twitter:data1\" content=\"1 minute\" \/>\n<script type=\"application\/ld+json\" class=\"yoast-schema-graph\">{\"@context\":\"https:\\\/\\\/schema.org\",\"@graph\":[{\"@type\":\"WebPage\",\"@id\":\"https:\\\/\\\/secretuniform.pl\\\/produkt\\\/bon-prezentowy\\\/\",\"url\":\"https:\\\/\\\/secretuniform.pl\\\/produkt\\\/bon-prezentowy\\\/\",\"name\":\"Bon podarunkowy - Secret Uniform\",\"isPartOf\":{\"@id\":\"https:\\\/\\\/secretuniform.pl\\\/en\\\/#website\"},\"primaryImageOfPage\":{\"@id\":\"https:\\\/\\\/secretuniform.pl\\\/produkt\\\/bon-prezentowy\\\/#primaryimage\"},\"image\":{\"@id\":\"https:\\\/\\\/secretuniform.pl\\\/produkt\\\/bon-prezentowy\\\/#primaryimage\"},\"thumbnailUrl\":\"https:\\\/\\\/secretuniform.pl\\\/wp-content\\\/uploads\\\/2023\\\/11\\\/VOUCHER.jpg\",\"datePublished\":\"2023-11-21T09:54:39+00:00\",\"dateModified\":\"2024-02-07T09:54:52+00:00\",\"breadcrumb\":{\"@id\":\"https:\\\/\\\/secretuniform.pl\\\/produkt\\\/bon-prezentowy\\\/#breadcrumb\"},\"inLanguage\":\"en-US\",\"potentialAction\":[{\"@type\":\"ReadAction\",\"target\":[\"https:\\\/\\\/secretuniform.pl\\\/produkt\\\/bon-prezentowy\\\/\"]}]},{\"@type\":\"ImageObject\",\"inLanguage\":\"en-US\",\"@id\":\"https:\\\/\\\/secretuniform.pl\\\/produkt\\\/bon-prezentowy\\\/#primaryimage\",\"url\":\"https:\\\/\\\/secretuniform.pl\\\/wp-content\\\/uploads\\\/2023\\\/11\\\/VOUCHER.jpg\",\"contentUrl\":\"https:\\\/\\\/secretuniform.pl\\\/wp-content\\\/uploads\\\/2023\\\/11\\\/VOUCHER.jpg\",\"width\":1500,\"height\":1500},{\"@type\":\"BreadcrumbList\",\"@id\":\"https:\\\/\\\/secretuniform.pl\\\/produkt\\\/bon-prezentowy\\\/#breadcrumb\",\"itemListElement\":[{\"@type\":\"ListItem\",\"position\":1,\"name\":\"Strona g\u0142\u00f3wna\",\"item\":\"https:\\\/\\\/secretuniform.pl\\\/\"},{\"@type\":\"ListItem\",\"position\":2,\"name\":\"Shop\",\"item\":\"https:\\\/\\\/secretuniform.pl\\\/en\\\/shop\\\/\"},{\"@type\":\"ListItem\",\"position\":3,\"name\":\"Bon podarunkowy\"}]},{\"@type\":\"WebSite\",\"@id\":\"https:\\\/\\\/secretuniform.pl\\\/en\\\/#website\",\"url\":\"https:\\\/\\\/secretuniform.pl\\\/en\\\/\",\"name\":\"Secret Uniform\",\"description\":\"Znajd\u017a idealny Uniform do Twojej Pracy\",\"potentialAction\":[{\"@type\":\"SearchAction\",\"target\":{\"@type\":\"EntryPoint\",\"urlTemplate\":\"https:\\\/\\\/secretuniform.pl\\\/en\\\/?s={search_term_string}\"},\"query-input\":{\"@type\":\"PropertyValueSpecification\",\"valueRequired\":true,\"valueName\":\"search_term_string\"}}],\"inLanguage\":\"en-US\"}]}<\/script>\n<!-- \/ Yoast SEO plugin. -->","yoast_head_json":{"title":"Bon podarunkowy - Secret Uniform","robots":{"index":"index","follow":"follow","max-snippet":"max-snippet:-1","max-image-preview":"max-image-preview:large","max-video-preview":"max-video-preview:-1"},"canonical":"https:\/\/secretuniform.pl\/produkt\/bon-prezentowy\/","og_locale":"en_US","og_type":"article","og_title":"Bon podarunkowy - Secret Uniform","og_description":"Vouchera\/Voucher Value 200, 250, 300, 350, 400, 450, 500, 550, 600, 650, 700, 750","og_url":"https:\/\/secretuniform.pl\/produkt\/bon-prezentowy\/","og_site_name":"Secret Uniform","article_modified_time":"2024-02-07T09:54:52+00:00","og_image":[{"width":1500,"height":1500,"url":"https:\/\/secretuniform.pl\/wp-content\/uploads\/2023\/11\/VOUCHER.jpg","type":"image\/jpeg"}],"twitter_card":"summary_large_image","twitter_misc":{"Est. reading time":"1 minute"},"schema":{"@context":"https:\/\/schema.org","@graph":[{"@type":"WebPage","@id":"https:\/\/secretuniform.pl\/produkt\/bon-prezentowy\/","url":"https:\/\/secretuniform.pl\/produkt\/bon-prezentowy\/","name":"Bon podarunkowy - Secret Uniform","isPartOf":{"@id":"https:\/\/secretuniform.pl\/en\/#website"},"primaryImageOfPage":{"@id":"https:\/\/secretuniform.pl\/produkt\/bon-prezentowy\/#primaryimage"},"image":{"@id":"https:\/\/secretuniform.pl\/produkt\/bon-prezentowy\/#primaryimage"},"thumbnailUrl":"https:\/\/secretuniform.pl\/wp-content\/uploads\/2023\/11\/VOUCHER.jpg","datePublished":"2023-11-21T09:54:39+00:00","dateModified":"2024-02-07T09:54:52+00:00","breadcrumb":{"@id":"https:\/\/secretuniform.pl\/produkt\/bon-prezentowy\/#breadcrumb"},"inLanguage":"en-US","potentialAction":[{"@type":"ReadAction","target":["https:\/\/secretuniform.pl\/produkt\/bon-prezentowy\/"]}]},{"@type":"ImageObject","inLanguage":"en-US","@id":"https:\/\/secretuniform.pl\/produkt\/bon-prezentowy\/#primaryimage","url":"https:\/\/secretuniform.pl\/wp-content\/uploads\/2023\/11\/VOUCHER.jpg","contentUrl":"https:\/\/secretuniform.pl\/wp-content\/uploads\/2023\/11\/VOUCHER.jpg","width":1500,"height":1500},{"@type":"BreadcrumbList","@id":"https:\/\/secretuniform.pl\/produkt\/bon-prezentowy\/#breadcrumb","itemListElement":[{"@type":"ListItem","position":1,"name":"Strona g\u0142\u00f3wna","item":"https:\/\/secretuniform.pl\/"},{"@type":"ListItem","position":2,"name":"Shop","item":"https:\/\/secretuniform.pl\/en\/shop\/"},{"@type":"ListItem","position":3,"name":"Bon podarunkowy"}]},{"@type":"WebSite","@id":"https:\/\/secretuniform.pl\/en\/#website","url":"https:\/\/secretuniform.pl\/en\/","name":"Secret Uniform","description":"Znajd\u017a idealny Uniform do Twojej Pracy","potentialAction":[{"@type":"SearchAction","target":{"@type":"EntryPoint","urlTemplate":"https:\/\/secretuniform.pl\/en\/?s={search_term_string}"},"query-input":{"@type":"PropertyValueSpecification","valueRequired":true,"valueName":"search_term_string"}}],"inLanguage":"en-US"}]}},"_links":{"self":[{"href":"https:\/\/secretuniform.pl\/en\/wp-json\/wp\/v2\/product\/731","targetHints":{"allow":["GET"]}}],"collection":[{"href":"https:\/\/secretuniform.pl\/en\/wp-json\/wp\/v2\/product"}],"about":[{"href":"https:\/\/secretuniform.pl\/en\/wp-json\/wp\/v2\/types\/product"}],"replies":[{"embeddable":true,"href":"https:\/\/secretuniform.pl\/en\/wp-json\/wp\/v2\/comments?post=731"}],"wp:featuredmedia":[{"embeddable":true,"href":"https:\/\/secretuniform.pl\/en\/wp-json\/wp\/v2\/media\/12655"}],"wp:attachment":[{"href":"https:\/\/secretuniform.pl\/en\/wp-json\/wp\/v2\/media?parent=731"}],"wp:term":[{"taxonomy":"product_brand","embeddable":true,"href":"https:\/\/secretuniform.pl\/en\/wp-json\/wp\/v2\/product_brand?post=731"},{"taxonomy":"product_cat","embeddable":true,"href":"https:\/\/secretuniform.pl\/en\/wp-json\/wp\/v2\/product_cat?post=731"},{"taxonomy":"product_tag","embeddable":true,"href":"https:\/\/secretuniform.pl\/en\/wp-json\/wp\/v2\/product_tag?post=731"}],"curies":[{"name":"wp","href":"https:\/\/api.w.org\/{rel}","templated":true}]}}